{"id":11239,"date":"2023-10-26T02:44:11","date_gmt":"2023-10-26T09:44:11","guid":{"rendered":"https:\/\/sheriff.venturacounty.gov\/?page_id=11239"},"modified":"2024-02-02T17:37:52","modified_gmt":"2024-02-03T01:37:52","slug":"jail-orientation-rules","status":"publish","type":"page","link":"https:\/\/sheriff.venturacounty.gov\/es\/jail-orientation-rules\/","title":{"rendered":"Orientaci\u00f3n y normas de la c\u00e1rcel"},"content":{"rendered":"<div data-elementor-type=\"wp-page\" data-elementor-id=\"11239\" class=\"elementor elementor-11239\" data-elementor-post-type=\"page\">\n\t\t\t\t<div class=\"elementor-element elementor-element-c3d126e e-flex e-con-boxed e-con e-parent\" data-id=\"c3d126e\" data-element_type=\"container\">\n\t\t\t\t\t<div class=\"e-con-inner\">\n\t\t\t\t<div class=\"elementor-element elementor-element-f290950 elementor-widget elementor-widget-heading\" data-id=\"f290950\" data-element_type=\"widget\" data-widget_type=\"heading.default\">\n\t\t\t\t<div class=\"elementor-widget-container\">\n\t\t\t\t\t<h1 class=\"elementor-heading-title elementor-size-default\">Orientaci\u00f3n y normas de la c\u00e1rcel<\/h1>\t\t\t\t<\/div>\n\t\t\t\t<\/div>\n\t\t<div class=\"elementor-element elementor-element-a40b3a9 e-flex e-con-boxed e-con e-child\" data-id=\"a40b3a9\" data-element_type=\"container\">\n\t\t\t\t\t<div class=\"e-con-inner\">\n\t\t<div class=\"elementor-element elementor-element-3c6569b e-con-full e-flex e-con e-child\" data-id=\"3c6569b\" data-element_type=\"container\">\n\t\t\t\t<div class=\"elementor-element elementor-element-7d435be elementor-nav-menu--dropdown-tablet elementor-nav-menu__text-align-aside elementor-nav-menu--toggle elementor-nav-menu--burger elementor-widget elementor-widget-nav-menu\" data-id=\"7d435be\" data-element_type=\"widget\" data-settings=\"{&quot;layout&quot;:&quot;vertical&quot;,&quot;submenu_icon&quot;:{&quot;value&quot;:&quot;&lt;i class=\\&quot;fas fa-caret-down\\&quot; aria-hidden=\\&quot;true\\&quot;&gt;&lt;\\\/i&gt;&quot;,&quot;library&quot;:&quot;fa-solid&quot;},&quot;toggle&quot;:&quot;burger&quot;}\" data-widget_type=\"nav-menu.default\">\n\t\t\t\t<div class=\"elementor-widget-container\">\n\t\t\t\t\t\t\t\t<nav aria-label=\"Men\u00fa\" class=\"elementor-nav-menu--main elementor-nav-menu__container elementor-nav-menu--layout-vertical e--pointer-background e--animation-fade\">\n\t\t\t\t<ul id=\"menu-1-7d435be\" class=\"elementor-nav-menu sm-vertical\"><li class=\"vMenu menu-item menu-item-type-post_type menu-item-object-page menu-item-12318\"><a href=\"https:\/\/sheriff.venturacounty.gov\/es\/jail-orientation-rules\/\" class=\"elementor-item\">Orientaci\u00f3n y normas de la c\u00e1rcel<\/a><\/li>\n<li class=\"vMenu menu-item menu-item-type-post_type menu-item-object-page menu-item-398\"><a href=\"https:\/\/sheriff.venturacounty.gov\/es\/inmate-information\/posting-bail\/\" class=\"elementor-item\">Pagar la fianza<\/a><\/li>\n<li class=\"vMenu menu-item menu-item-type-post_type menu-item-object-page menu-item-12317\"><a href=\"https:\/\/sheriff.venturacounty.gov\/es\/inmate-information\/inmate-search\/\" class=\"elementor-item\">B\u00fasqueda de reclusos<\/a><\/li>\n<\/ul>\t\t\t<\/nav>\n\t\t\t\t\t<div class=\"elementor-menu-toggle\" role=\"button\" tabindex=\"0\" aria-label=\"Alternar men\u00fa\" aria-expanded=\"false\">\n\t\t\t<i aria-hidden=\"true\" role=\"presentation\" class=\"elementor-menu-toggle__icon--open eicon-menu-bar\"><\/i><i aria-hidden=\"true\" role=\"presentation\" class=\"elementor-menu-toggle__icon--close eicon-close\"><\/i>\t\t<\/div>\n\t\t\t\t\t<nav class=\"elementor-nav-menu--dropdown elementor-nav-menu__container\" aria-hidden=\"true\">\n\t\t\t\t<ul id=\"menu-2-7d435be\" class=\"elementor-nav-menu sm-vertical\"><li class=\"vMenu menu-item menu-item-type-post_type menu-item-object-page menu-item-12318\"><a href=\"https:\/\/sheriff.venturacounty.gov\/es\/jail-orientation-rules\/\" class=\"elementor-item\" tabindex=\"-1\">Orientaci\u00f3n y normas de la c\u00e1rcel<\/a><\/li>\n<li class=\"vMenu menu-item menu-item-type-post_type menu-item-object-page menu-item-398\"><a href=\"https:\/\/sheriff.venturacounty.gov\/es\/inmate-information\/posting-bail\/\" class=\"elementor-item\" tabindex=\"-1\">Pagar la fianza<\/a><\/li>\n<li class=\"vMenu menu-item menu-item-type-post_type menu-item-object-page menu-item-12317\"><a href=\"https:\/\/sheriff.venturacounty.gov\/es\/inmate-information\/inmate-search\/\" class=\"elementor-item\" tabindex=\"-1\">B\u00fasqueda de reclusos<\/a><\/li>\n<\/ul>\t\t\t<\/nav>\n\t\t\t\t\t\t<\/div>\n\t\t\t\t<\/div>\n\t\t\t\t<\/div>\n\t\t<div class=\"elementor-element elementor-element-d12d2f2 e-flex e-con-boxed e-con e-child\" data-id=\"d12d2f2\" data-element_type=\"container\">\n\t\t\t\t\t<div class=\"e-con-inner\">\n\t\t\t\t<div class=\"elementor-element elementor-element-f8f8d7b elementor-widget elementor-widget-text-editor\" data-id=\"f8f8d7b\" data-element_type=\"widget\" data-widget_type=\"text-editor.default\">\n\t\t\t\t<div class=\"elementor-widget-container\">\n\t\t\t\t\t\t\t\t\t<p><strong>OFICINA DEL ALGUACIL DEL CONDADO DE VENTURA<\/strong><br \/><strong>ORIENTACI\u00d3N Y REGLAS PARA PERSONAS ENCARCELADAS<\/strong><br \/><br \/>Todas las personas encarceladas (I\/P) registradas o alojadas en los centros de detenci\u00f3n del sheriff del condado de Ventura est\u00e1n sujetas al T\u00edtulo 15, Divisi\u00f3n 1 del CCR para detenci\u00f3n local.<br \/>Instalaciones. Consulte los documentos a continuaci\u00f3n para obtener m\u00e1s informaci\u00f3n:<\/p>\t\t\t\t\t\t\t\t<\/div>\n\t\t\t\t<\/div>\n\t\t\t\t<div class=\"elementor-element elementor-element-9eb2432 elementor-icon-list--layout-traditional elementor-list-item-link-full_width elementor-widget elementor-widget-icon-list\" data-id=\"9eb2432\" data-element_type=\"widget\" data-widget_type=\"icon-list.default\">\n\t\t\t\t<div class=\"elementor-widget-container\">\n\t\t\t\t\t\t\t<ul class=\"elementor-icon-list-items\">\n\t\t\t\t\t\t\t<li class=\"elementor-icon-list-item\">\n\t\t\t\t\t\t\t\t\t\t\t<a href=\"https:\/\/sheriff.venturacounty.gov\/wp-content\/uploads\/2023\/10\/Jail-Orientation_Rules-ENGLISH_100623-FINAL-POSTED.pdf\" target=\"_blank\">\n\n\t\t\t\t\t\t\t\t\t\t\t\t<span class=\"elementor-icon-list-icon\">\n\t\t\t\t\t\t\t<i aria-hidden=\"true\" class=\"far fa-file-pdf\"><\/i>\t\t\t\t\t\t<\/span>\n\t\t\t\t\t\t\t\t\t\t<span class=\"elementor-icon-list-text\">Versi\u00f3n en ingl\u00e9s<\/span>\n\t\t\t\t\t\t\t\t\t\t\t<\/a>\n\t\t\t\t\t\t\t\t\t<\/li>\n\t\t\t\t\t\t\t\t<li class=\"elementor-icon-list-item\">\n\t\t\t\t\t\t\t\t\t\t\t<a href=\"https:\/\/sheriff.venturacounty.gov\/wp-content\/uploads\/2023\/10\/Jail-Orientation_Rules-SPANISH_100623-FINAL-POSTED.pdf\" target=\"_blank\">\n\n\t\t\t\t\t\t\t\t\t\t\t\t<span class=\"elementor-icon-list-icon\">\n\t\t\t\t\t\t\t<i aria-hidden=\"true\" class=\"far fa-file-pdf\"><\/i>\t\t\t\t\t\t<\/span>\n\t\t\t\t\t\t\t\t\t\t<span class=\"elementor-icon-list-text\">Versi\u00f3n en espa\u00f1ol<\/span>\n\t\t\t\t\t\t\t\t\t\t\t<\/a>\n\t\t\t\t\t\t\t\t\t<\/li>\n\t\t\t\t\t\t<\/ul>\n\t\t\t\t\t\t<\/div>\n\t\t\t\t<\/div>\n\t\t\t\t\t<\/div>\n\t\t\t\t<\/div>\n\t\t\t\t\t<\/div>\n\t\t\t\t<\/div>\n\t\t\t\t\t<\/div>\n\t\t\t\t<\/div>\n\t\t\t\t<\/div>","protected":false},"excerpt":{"rendered":"<p>VENTURA COUNTY SHERIFF\u2019S OFFICEINCARCERATED PERSON ORIENTATION &amp; RULES All Incarcerated Persons (I\/P) Booked or Housed at Ventura County Sheriff\u2019s Detention facilities are subject to CCR Title 15, Division 1 for [&hellip;]<\/p>\n","protected":false},"author":2,"featured_media":0,"parent":0,"menu_order":0,"comment_status":"closed","ping_status":"closed","template":"","meta":{"footnotes":""},"class_list":["post-11239","page","type-page","status-publish","hentry"],"_links":{"self":[{"href":"https:\/\/sheriff.venturacounty.gov\/es\/wp-json\/wp\/v2\/pages\/11239","targetHints":{"allow":["GET"]}}],"collection":[{"href":"https:\/\/sheriff.venturacounty.gov\/es\/wp-json\/wp\/v2\/pages"}],"about":[{"href":"https:\/\/sheriff.venturacounty.gov\/es\/wp-json\/wp\/v2\/types\/page"}],"author":[{"embeddable":true,"href":"https:\/\/sheriff.venturacounty.gov\/es\/wp-json\/wp\/v2\/users\/2"}],"replies":[{"embeddable":true,"href":"https:\/\/sheriff.venturacounty.gov\/es\/wp-json\/wp\/v2\/comments?post=11239"}],"version-history":[{"count":0,"href":"https:\/\/sheriff.venturacounty.gov\/es\/wp-json\/wp\/v2\/pages\/11239\/revisions"}],"wp:attachment":[{"href":"https:\/\/sheriff.venturacounty.gov\/es\/wp-json\/wp\/v2\/media?parent=11239"}],"curies":[{"name":"gracias","href":"https:\/\/api.w.org\/{rel}","templated":true}]}}