{"id":113,"date":"2023-07-15T13:41:18","date_gmt":"2023-07-15T20:41:18","guid":{"rendered":"https:\/\/sheriff.venturacounty.gov\/?page_id=113"},"modified":"2024-02-02T17:21:59","modified_gmt":"2024-02-03T01:21:59","slug":"crime-scene-investigations-unit","status":"publish","type":"page","link":"https:\/\/sheriff.venturacounty.gov\/es\/special-services\/crime-scene-investigations-unit\/","title":{"rendered":"Unidad de Investigaciones de la Escena del Crimen"},"content":{"rendered":"<div data-elementor-type=\"wp-page\" data-elementor-id=\"113\" class=\"elementor elementor-113\" data-elementor-post-type=\"page\">\n\t\t\t\t<div class=\"elementor-element elementor-element-b8a496c e-flex e-con-boxed e-con e-parent\" data-id=\"b8a496c\" data-element_type=\"container\">\n\t\t\t\t\t<div class=\"e-con-inner\">\n\t\t\t\t<div class=\"elementor-element elementor-element-a7db847 elementor-widget elementor-widget-heading\" data-id=\"a7db847\" data-element_type=\"widget\" data-widget_type=\"heading.default\">\n\t\t\t\t<div class=\"elementor-widget-container\">\n\t\t\t\t\t<h1 class=\"elementor-heading-title elementor-size-default\">Unidad de Investigaciones de la Escena del Crimen<\/h1>\t\t\t\t<\/div>\n\t\t\t\t<\/div>\n\t\t\t\t\t<\/div>\n\t\t\t\t<\/div>\n\t\t<div class=\"elementor-element elementor-element-d9f46dd e-flex e-con-boxed e-con e-parent\" data-id=\"d9f46dd\" data-element_type=\"container\">\n\t\t\t\t\t<div class=\"e-con-inner\">\n\t\t<div class=\"elementor-element elementor-element-485cdd4 e-con-full e-flex e-con e-child\" data-id=\"485cdd4\" data-element_type=\"container\">\n\t\t\t\t<div class=\"elementor-element elementor-element-94fe792 elementor-nav-menu--dropdown-tablet elementor-nav-menu__text-align-aside elementor-nav-menu--toggle elementor-nav-menu--burger elementor-widget elementor-widget-nav-menu\" data-id=\"94fe792\" data-element_type=\"widget\" data-settings=\"{&quot;layout&quot;:&quot;vertical&quot;,&quot;submenu_icon&quot;:{&quot;value&quot;:&quot;&lt;i class=\\&quot;fas fa-caret-down\\&quot; aria-hidden=\\&quot;true\\&quot;&gt;&lt;\\\/i&gt;&quot;,&quot;library&quot;:&quot;fa-solid&quot;},&quot;toggle&quot;:&quot;burger&quot;}\" data-widget_type=\"nav-menu.default\">\n\t\t\t\t<div class=\"elementor-widget-container\">\n\t\t\t\t\t\t\t\t<nav aria-label=\"Men\u00fa\" class=\"elementor-nav-menu--main elementor-nav-menu__container elementor-nav-menu--layout-vertical e--pointer-background e--animation-fade\">\n\t\t\t\t<ul id=\"menu-1-94fe792\" class=\"elementor-nav-menu sm-vertical\"><li class=\"vMenu menu-item menu-item-type-post_type menu-item-object-page menu-item-106\"><a href=\"https:\/\/sheriff.venturacounty.gov\/es\/special-services\/\" class=\"elementor-item\">Servicios especiales<\/a><\/li>\n<li class=\"vMenu menu-item menu-item-type-post_type menu-item-object-page menu-item-107\"><a href=\"https:\/\/sheriff.venturacounty.gov\/es\/special-services\/air-unit\/\" class=\"elementor-item\">Unidad de aire<\/a><\/li>\n<li class=\"vMenu menu-item menu-item-type-post_type menu-item-object-page menu-item-12302\"><a href=\"https:\/\/sheriff.venturacounty.gov\/es\/special-services\/boat-unit\/\" class=\"elementor-item\">Tripulaci\u00f3n del barco del sheriff<\/a><\/li>\n<li class=\"vMenu menu-item menu-item-type-post_type menu-item-object-page menu-item-110\"><a href=\"https:\/\/sheriff.venturacounty.gov\/es\/special-services\/bomb-arson-unit\/\" class=\"elementor-item\">Unidad de bombas e incendios provocados<\/a><\/li>\n<li class=\"vMenu menu-item menu-item-type-post_type menu-item-object-page menu-item-131\"><a href=\"https:\/\/sheriff.venturacounty.gov\/es\/special-services\/crime-analysis-unit\/\" class=\"elementor-item\">Unidad de An\u00e1lisis Criminal<\/a><\/li>\n<li class=\"vMenu menu-item menu-item-type-post_type menu-item-object-page menu-item-130\"><a href=\"https:\/\/sheriff.venturacounty.gov\/es\/special-services\/crime-scene-investigations-unit\/\" class=\"elementor-item\">Unidad de Investigaciones de la Escena del Crimen<\/a><\/li>\n<li class=\"vMenu menu-item menu-item-type-post_type menu-item-object-page menu-item-129\"><a href=\"https:\/\/sheriff.venturacounty.gov\/es\/special-services\/criminal-intelligence-unit\/\" class=\"elementor-item\">Unidad de Inteligencia Criminal<\/a><\/li>\n<li class=\"vMenu menu-item menu-item-type-post_type menu-item-object-page menu-item-123\"><a href=\"https:\/\/sheriff.venturacounty.gov\/es\/special-services\/forensic-sciences-lab\/\" class=\"elementor-item\">Oficina de Servicios Forenses<\/a><\/li>\n<li class=\"vMenu menu-item menu-item-type-post_type menu-item-object-page menu-item-128\"><a href=\"https:\/\/sheriff.venturacounty.gov\/es\/special-services\/major-crimes-unit\/\" class=\"elementor-item\">Unidad de Delitos Graves<\/a><\/li>\n<li class=\"vMenu menu-item menu-item-type-post_type menu-item-object-page menu-item-127\"><a href=\"https:\/\/sheriff.venturacounty.gov\/es\/special-services\/narcotics-unit\/\" class=\"elementor-item\">Unidad de Narc\u00f3ticos<\/a><\/li>\n<li class=\"vMenu menu-item menu-item-type-post_type menu-item-object-page menu-item-122\"><a href=\"https:\/\/sheriff.venturacounty.gov\/es\/special-services\/sheriff-systems-bureau\/\" class=\"elementor-item\">Oficina de sistemas del sheriff<\/a><\/li>\n<li class=\"vMenu menu-item menu-item-type-post_type menu-item-object-page menu-item-126\"><a href=\"https:\/\/sheriff.venturacounty.gov\/es\/special-services\/s-w-a-t\/\" class=\"elementor-item\">APLASTAR<\/a><\/li>\n<li class=\"vMenu menu-item menu-item-type-post_type menu-item-object-page menu-item-125\"><a href=\"https:\/\/sheriff.venturacounty.gov\/es\/special-services\/tactical-negotiations-unit\/\" class=\"elementor-item\">Unidad de Negociaciones T\u00e1cticas<\/a><\/li>\n<li class=\"vMenu menu-item menu-item-type-post_type menu-item-object-page menu-item-12430\"><a href=\"https:\/\/sheriff.venturacounty.gov\/es\/special-services\/technical-surveillance-unit\/\" class=\"elementor-item\">Unidad de Vigilancia T\u00e9cnica<\/a><\/li>\n<li class=\"vMenu menu-item menu-item-type-post_type menu-item-object-page menu-item-124\"><a href=\"https:\/\/sheriff.venturacounty.gov\/es\/special-services\/unmanned-aerial-systems-unit\/\" class=\"elementor-item\">Unidad de sistemas a\u00e9reos no tripulados<\/a><\/li>\n<\/ul>\t\t\t<\/nav>\n\t\t\t\t\t<div class=\"elementor-menu-toggle\" role=\"button\" tabindex=\"0\" aria-label=\"Alternar men\u00fa\" aria-expanded=\"false\">\n\t\t\t<i aria-hidden=\"true\" role=\"presentation\" class=\"elementor-menu-toggle__icon--open eicon-menu-bar\"><\/i><i aria-hidden=\"true\" role=\"presentation\" class=\"elementor-menu-toggle__icon--close eicon-close\"><\/i>\t\t<\/div>\n\t\t\t\t\t<nav class=\"elementor-nav-menu--dropdown elementor-nav-menu__container\" aria-hidden=\"true\">\n\t\t\t\t<ul id=\"menu-2-94fe792\" class=\"elementor-nav-menu sm-vertical\"><li class=\"vMenu menu-item menu-item-type-post_type menu-item-object-page menu-item-106\"><a href=\"https:\/\/sheriff.venturacounty.gov\/es\/special-services\/\" class=\"elementor-item\" tabindex=\"-1\">Servicios especiales<\/a><\/li>\n<li class=\"vMenu menu-item menu-item-type-post_type menu-item-object-page menu-item-107\"><a href=\"https:\/\/sheriff.venturacounty.gov\/es\/special-services\/air-unit\/\" class=\"elementor-item\" tabindex=\"-1\">Unidad de aire<\/a><\/li>\n<li class=\"vMenu menu-item menu-item-type-post_type menu-item-object-page menu-item-12302\"><a href=\"https:\/\/sheriff.venturacounty.gov\/es\/special-services\/boat-unit\/\" class=\"elementor-item\" tabindex=\"-1\">Tripulaci\u00f3n del barco del sheriff<\/a><\/li>\n<li class=\"vMenu menu-item menu-item-type-post_type menu-item-object-page menu-item-110\"><a href=\"https:\/\/sheriff.venturacounty.gov\/es\/special-services\/bomb-arson-unit\/\" class=\"elementor-item\" tabindex=\"-1\">Unidad de bombas e incendios provocados<\/a><\/li>\n<li class=\"vMenu menu-item menu-item-type-post_type menu-item-object-page menu-item-131\"><a href=\"https:\/\/sheriff.venturacounty.gov\/es\/special-services\/crime-analysis-unit\/\" class=\"elementor-item\" tabindex=\"-1\">Unidad de An\u00e1lisis Criminal<\/a><\/li>\n<li class=\"vMenu menu-item menu-item-type-post_type menu-item-object-page menu-item-130\"><a href=\"https:\/\/sheriff.venturacounty.gov\/es\/special-services\/crime-scene-investigations-unit\/\" class=\"elementor-item\" tabindex=\"-1\">Unidad de Investigaciones de la Escena del Crimen<\/a><\/li>\n<li class=\"vMenu menu-item menu-item-type-post_type menu-item-object-page menu-item-129\"><a href=\"https:\/\/sheriff.venturacounty.gov\/es\/special-services\/criminal-intelligence-unit\/\" class=\"elementor-item\" tabindex=\"-1\">Unidad de Inteligencia Criminal<\/a><\/li>\n<li class=\"vMenu menu-item menu-item-type-post_type menu-item-object-page menu-item-123\"><a href=\"https:\/\/sheriff.venturacounty.gov\/es\/special-services\/forensic-sciences-lab\/\" class=\"elementor-item\" tabindex=\"-1\">Oficina de Servicios Forenses<\/a><\/li>\n<li class=\"vMenu menu-item menu-item-type-post_type menu-item-object-page menu-item-128\"><a href=\"https:\/\/sheriff.venturacounty.gov\/es\/special-services\/major-crimes-unit\/\" class=\"elementor-item\" tabindex=\"-1\">Unidad de Delitos Graves<\/a><\/li>\n<li class=\"vMenu menu-item menu-item-type-post_type menu-item-object-page menu-item-127\"><a href=\"https:\/\/sheriff.venturacounty.gov\/es\/special-services\/narcotics-unit\/\" class=\"elementor-item\" tabindex=\"-1\">Unidad de Narc\u00f3ticos<\/a><\/li>\n<li class=\"vMenu menu-item menu-item-type-post_type menu-item-object-page menu-item-122\"><a href=\"https:\/\/sheriff.venturacounty.gov\/es\/special-services\/sheriff-systems-bureau\/\" class=\"elementor-item\" tabindex=\"-1\">Oficina de sistemas del sheriff<\/a><\/li>\n<li class=\"vMenu menu-item menu-item-type-post_type menu-item-object-page menu-item-126\"><a href=\"https:\/\/sheriff.venturacounty.gov\/es\/special-services\/s-w-a-t\/\" class=\"elementor-item\" tabindex=\"-1\">APLASTAR<\/a><\/li>\n<li class=\"vMenu menu-item menu-item-type-post_type menu-item-object-page menu-item-125\"><a href=\"https:\/\/sheriff.venturacounty.gov\/es\/special-services\/tactical-negotiations-unit\/\" class=\"elementor-item\" tabindex=\"-1\">Unidad de Negociaciones T\u00e1cticas<\/a><\/li>\n<li class=\"vMenu menu-item menu-item-type-post_type menu-item-object-page menu-item-12430\"><a href=\"https:\/\/sheriff.venturacounty.gov\/es\/special-services\/technical-surveillance-unit\/\" class=\"elementor-item\" tabindex=\"-1\">Unidad de Vigilancia T\u00e9cnica<\/a><\/li>\n<li class=\"vMenu menu-item menu-item-type-post_type menu-item-object-page menu-item-124\"><a href=\"https:\/\/sheriff.venturacounty.gov\/es\/special-services\/unmanned-aerial-systems-unit\/\" class=\"elementor-item\" tabindex=\"-1\">Unidad de sistemas a\u00e9reos no tripulados<\/a><\/li>\n<\/ul>\t\t\t<\/nav>\n\t\t\t\t\t\t<\/div>\n\t\t\t\t<\/div>\n\t\t\t\t<\/div>\n\t\t<div class=\"elementor-element elementor-element-9a80528 e-flex e-con-boxed e-con e-child\" data-id=\"9a80528\" data-element_type=\"container\">\n\t\t\t\t\t<div class=\"e-con-inner\">\n\t\t\t\t<div class=\"elementor-element elementor-element-5dd3a47 elementor-widget elementor-widget-image\" data-id=\"5dd3a47\" data-element_type=\"widget\" data-widget_type=\"image.default\">\n\t\t\t\t<div class=\"elementor-widget-container\">\n\t\t\t\t\t\t\t\t\t\t\t\t\t\t\t<img fetchpriority=\"high\" decoding=\"async\" width=\"800\" height=\"355\" src=\"https:\/\/sheriff.venturacounty.gov\/wp-content\/uploads\/2023\/10\/DSC_2798-F-crop-Final-CSI-49-1024x455.jpg\" class=\"attachment-large size-large wp-image-11967\" alt=\"\" srcset=\"https:\/\/sheriff.venturacounty.gov\/wp-content\/uploads\/2023\/10\/DSC_2798-F-crop-Final-CSI-49-1024x455.jpg 1024w, https:\/\/sheriff.venturacounty.gov\/wp-content\/uploads\/2023\/10\/DSC_2798-F-crop-Final-CSI-49-480x213.jpg 480w, https:\/\/sheriff.venturacounty.gov\/wp-content\/uploads\/2023\/10\/DSC_2798-F-crop-Final-CSI-49-768x341.jpg 768w, https:\/\/sheriff.venturacounty.gov\/wp-content\/uploads\/2023\/10\/DSC_2798-F-crop-Final-CSI-49-1536x683.jpg 1536w, https:\/\/sheriff.venturacounty.gov\/wp-content\/uploads\/2023\/10\/DSC_2798-F-crop-Final-CSI-49-2048x910.jpg 2048w\" sizes=\"(max-width: 800px) 100vw, 800px\" \/>\t\t\t\t\t\t\t\t\t\t\t\t\t\t\t<\/div>\n\t\t\t\t<\/div>\n\t\t\t\t<div class=\"elementor-element elementor-element-e757c76 elementor-widget elementor-widget-text-editor\" data-id=\"e757c76\" data-element_type=\"widget\" data-widget_type=\"text-editor.default\">\n\t\t\t\t<div class=\"elementor-widget-container\">\n\t\t\t\t\t\t\t\t\t<p>La Unidad de Investigaciones de la Escena del Crimen est\u00e1 compuesta por seis T\u00e9cnicos del Servicio del Sheriff que realizan la funci\u00f3n de registrar y recolectar evidencia en las escenas del crimen. Los T\u00e9cnicos de Evidencia de Campo tambi\u00e9n recolectan y examinan huellas latentes utilizando polvos, aerosoles qu\u00edmicos y la Fuente de Luz Alternativa.<\/p>\n<p>Photo Imaging Services ofrece una variedad de servicios relacionados con la fotograf\u00eda y la imagen digital, incluidos:<\/p>\n<ul>\n<li>Procesamiento e impresi\u00f3n de fotograf\u00edas de escenas del crimen, relaciones p\u00fablicas y otras.<\/li>\n<li><span style=\"letter-spacing: 0px; word-spacing: 0em; text-align: var(--text-align);\">Digitalizaci\u00f3n de fotograf\u00edas y pel\u00edculas, edici\u00f3n y mejora de im\u00e1genes, creaci\u00f3n e impresi\u00f3n de displays y carteles.<\/span><\/li>\n<li><span style=\"letter-spacing: 0px; word-spacing: 0em; text-align: var(--text-align);\">Fotograf\u00eda de retrato y relaciones p\u00fablicas<\/span><\/li>\n<li><span style=\"letter-spacing: 0px; word-spacing: 0em; text-align: var(--text-align);\">Experiencia profesional en temas relacionados con la fotograf\u00eda y la imagen digital.<\/span><\/li>\n<\/ul>\n<p><span style=\"letter-spacing: 0px; word-spacing: 0em; text-align: var(--text-align);\"><br><\/span><\/p><p><span style=\"letter-spacing: 0px; word-spacing: 0em; text-align: var(--text-align);\">La secci\u00f3n Cal-ID examina las huellas dactilares latentes y las compara para ingresarlas en el sistema inform\u00e1tico de Cal-ID. All\u00ed, las huellas se buscan en la base de datos del Departamento de Justicia de California para su identificaci\u00f3n. Brindamos nuestros servicios en todo el condado, incluidas otras agencias locales de aplicaci\u00f3n de la ley.<\/span><br><\/p>\n<p>La Sala de Propiedades es responsable del almacenamiento y la seguridad de la evidencia, la propiedad encontrada guardada para su custodia, adem\u00e1s de ser el punto de transmisi\u00f3n de todos los elementos de evidencia que se env\u00edan al Laboratorio Criminal\u00edstico.&nbsp;<\/p>\t\t\t\t\t\t\t\t<\/div>\n\t\t\t\t<\/div>\n\t\t\t\t\t<\/div>\n\t\t\t\t<\/div>\n\t\t\t\t\t<\/div>\n\t\t\t\t<\/div>\n\t\t\t\t<\/div>","protected":false},"excerpt":{"rendered":"<p>Crime Scene Investigations Unit is staffed by six Sheriff Service Technicians who perform the function of recording and collecting evidence at crime scenes. Field Evidence Technicians also collect and examine [&hellip;]<\/p>\n","protected":false},"author":2,"featured_media":0,"parent":98,"menu_order":0,"comment_status":"closed","ping_status":"closed","template":"","meta":{"footnotes":""},"class_list":["post-113","page","type-page","status-publish","hentry"],"_links":{"self":[{"href":"https:\/\/sheriff.venturacounty.gov\/es\/wp-json\/wp\/v2\/pages\/113","targetHints":{"allow":["GET"]}}],"collection":[{"href":"https:\/\/sheriff.venturacounty.gov\/es\/wp-json\/wp\/v2\/pages"}],"about":[{"href":"https:\/\/sheriff.venturacounty.gov\/es\/wp-json\/wp\/v2\/types\/page"}],"author":[{"embeddable":true,"href":"https:\/\/sheriff.venturacounty.gov\/es\/wp-json\/wp\/v2\/users\/2"}],"replies":[{"embeddable":true,"href":"https:\/\/sheriff.venturacounty.gov\/es\/wp-json\/wp\/v2\/comments?post=113"}],"version-history":[{"count":0,"href":"https:\/\/sheriff.venturacounty.gov\/es\/wp-json\/wp\/v2\/pages\/113\/revisions"}],"up":[{"embeddable":true,"href":"https:\/\/sheriff.venturacounty.gov\/es\/wp-json\/wp\/v2\/pages\/98"}],"wp:attachment":[{"href":"https:\/\/sheriff.venturacounty.gov\/es\/wp-json\/wp\/v2\/media?parent=113"}],"curies":[{"name":"gracias","href":"https:\/\/api.w.org\/{rel}","templated":true}]}}