{"id":115,"date":"2023-07-15T13:42:21","date_gmt":"2023-07-15T20:42:21","guid":{"rendered":"https:\/\/sheriff.venturacounty.gov\/?page_id=115"},"modified":"2024-02-02T17:29:43","modified_gmt":"2024-02-03T01:29:43","slug":"major-crimes-unit","status":"publish","type":"page","link":"https:\/\/sheriff.venturacounty.gov\/es\/special-services\/major-crimes-unit\/","title":{"rendered":"Unidad de Delitos Graves"},"content":{"rendered":"<div data-elementor-type=\"wp-page\" data-elementor-id=\"115\" class=\"elementor elementor-115\" data-elementor-post-type=\"page\">\n\t\t\t\t<div class=\"elementor-element elementor-element-b8a496c e-flex e-con-boxed e-con e-parent\" data-id=\"b8a496c\" data-element_type=\"container\">\n\t\t\t\t\t<div class=\"e-con-inner\">\n\t\t\t\t<div class=\"elementor-element elementor-element-a7db847 elementor-widget elementor-widget-heading\" data-id=\"a7db847\" data-element_type=\"widget\" data-widget_type=\"heading.default\">\n\t\t\t\t<div class=\"elementor-widget-container\">\n\t\t\t\t\t<h1 class=\"elementor-heading-title elementor-size-default\">Unidad de Delitos Graves<\/h1>\t\t\t\t<\/div>\n\t\t\t\t<\/div>\n\t\t\t\t\t<\/div>\n\t\t\t\t<\/div>\n\t\t<div class=\"elementor-element elementor-element-d9f46dd e-flex e-con-boxed e-con e-parent\" data-id=\"d9f46dd\" data-element_type=\"container\">\n\t\t\t\t\t<div class=\"e-con-inner\">\n\t\t<div class=\"elementor-element elementor-element-485cdd4 e-con-full e-flex e-con e-child\" data-id=\"485cdd4\" data-element_type=\"container\">\n\t\t\t\t<div class=\"elementor-element elementor-element-94fe792 elementor-nav-menu--dropdown-tablet elementor-nav-menu__text-align-aside elementor-nav-menu--toggle elementor-nav-menu--burger elementor-widget elementor-widget-nav-menu\" data-id=\"94fe792\" data-element_type=\"widget\" data-settings=\"{&quot;layout&quot;:&quot;vertical&quot;,&quot;submenu_icon&quot;:{&quot;value&quot;:&quot;&lt;i class=\\&quot;fas fa-caret-down\\&quot; aria-hidden=\\&quot;true\\&quot;&gt;&lt;\\\/i&gt;&quot;,&quot;library&quot;:&quot;fa-solid&quot;},&quot;toggle&quot;:&quot;burger&quot;}\" data-widget_type=\"nav-menu.default\">\n\t\t\t\t<div class=\"elementor-widget-container\">\n\t\t\t\t\t\t\t\t<nav aria-label=\"Men\u00fa\" class=\"elementor-nav-menu--main elementor-nav-menu__container elementor-nav-menu--layout-vertical e--pointer-background e--animation-fade\">\n\t\t\t\t<ul id=\"menu-1-94fe792\" class=\"elementor-nav-menu sm-vertical\"><li class=\"vMenu menu-item menu-item-type-post_type menu-item-object-page menu-item-106\"><a href=\"https:\/\/sheriff.venturacounty.gov\/es\/special-services\/\" class=\"elementor-item\">Servicios especiales<\/a><\/li>\n<li class=\"vMenu menu-item menu-item-type-post_type menu-item-object-page menu-item-107\"><a href=\"https:\/\/sheriff.venturacounty.gov\/es\/special-services\/air-unit\/\" class=\"elementor-item\">Unidad de aire<\/a><\/li>\n<li class=\"vMenu menu-item menu-item-type-post_type menu-item-object-page menu-item-12302\"><a href=\"https:\/\/sheriff.venturacounty.gov\/es\/special-services\/boat-unit\/\" class=\"elementor-item\">Tripulaci\u00f3n del barco del sheriff<\/a><\/li>\n<li class=\"vMenu menu-item menu-item-type-post_type menu-item-object-page menu-item-110\"><a href=\"https:\/\/sheriff.venturacounty.gov\/es\/special-services\/bomb-arson-unit\/\" class=\"elementor-item\">Unidad de bombas e incendios provocados<\/a><\/li>\n<li class=\"vMenu menu-item menu-item-type-post_type menu-item-object-page menu-item-131\"><a href=\"https:\/\/sheriff.venturacounty.gov\/es\/special-services\/crime-analysis-unit\/\" class=\"elementor-item\">Unidad de An\u00e1lisis Criminal<\/a><\/li>\n<li class=\"vMenu menu-item menu-item-type-post_type menu-item-object-page menu-item-130\"><a href=\"https:\/\/sheriff.venturacounty.gov\/es\/special-services\/crime-scene-investigations-unit\/\" class=\"elementor-item\">Unidad de Investigaciones de la Escena del Crimen<\/a><\/li>\n<li class=\"vMenu menu-item menu-item-type-post_type menu-item-object-page menu-item-129\"><a href=\"https:\/\/sheriff.venturacounty.gov\/es\/special-services\/criminal-intelligence-unit\/\" class=\"elementor-item\">Unidad de Inteligencia Criminal<\/a><\/li>\n<li class=\"vMenu menu-item menu-item-type-post_type menu-item-object-page menu-item-123\"><a href=\"https:\/\/sheriff.venturacounty.gov\/es\/special-services\/forensic-sciences-lab\/\" class=\"elementor-item\">Oficina de Servicios Forenses<\/a><\/li>\n<li class=\"vMenu menu-item menu-item-type-post_type menu-item-object-page menu-item-128\"><a href=\"https:\/\/sheriff.venturacounty.gov\/es\/special-services\/major-crimes-unit\/\" class=\"elementor-item\">Unidad de Delitos Graves<\/a><\/li>\n<li class=\"vMenu menu-item menu-item-type-post_type menu-item-object-page menu-item-127\"><a href=\"https:\/\/sheriff.venturacounty.gov\/es\/special-services\/narcotics-unit\/\" class=\"elementor-item\">Unidad de Narc\u00f3ticos<\/a><\/li>\n<li class=\"vMenu menu-item menu-item-type-post_type menu-item-object-page menu-item-122\"><a href=\"https:\/\/sheriff.venturacounty.gov\/es\/special-services\/sheriff-systems-bureau\/\" class=\"elementor-item\">Oficina de sistemas del sheriff<\/a><\/li>\n<li class=\"vMenu menu-item menu-item-type-post_type menu-item-object-page menu-item-126\"><a href=\"https:\/\/sheriff.venturacounty.gov\/es\/special-services\/s-w-a-t\/\" class=\"elementor-item\">APLASTAR<\/a><\/li>\n<li class=\"vMenu menu-item menu-item-type-post_type menu-item-object-page menu-item-125\"><a href=\"https:\/\/sheriff.venturacounty.gov\/es\/special-services\/tactical-negotiations-unit\/\" class=\"elementor-item\">Unidad de Negociaciones T\u00e1cticas<\/a><\/li>\n<li class=\"vMenu menu-item menu-item-type-post_type menu-item-object-page menu-item-12430\"><a href=\"https:\/\/sheriff.venturacounty.gov\/es\/special-services\/technical-surveillance-unit\/\" class=\"elementor-item\">Unidad de Vigilancia T\u00e9cnica<\/a><\/li>\n<li class=\"vMenu menu-item menu-item-type-post_type menu-item-object-page menu-item-124\"><a href=\"https:\/\/sheriff.venturacounty.gov\/es\/special-services\/unmanned-aerial-systems-unit\/\" class=\"elementor-item\">Unidad de sistemas a\u00e9reos no tripulados<\/a><\/li>\n<\/ul>\t\t\t<\/nav>\n\t\t\t\t\t<div class=\"elementor-menu-toggle\" role=\"button\" tabindex=\"0\" aria-label=\"Alternar men\u00fa\" aria-expanded=\"false\">\n\t\t\t<i aria-hidden=\"true\" role=\"presentation\" class=\"elementor-menu-toggle__icon--open eicon-menu-bar\"><\/i><i aria-hidden=\"true\" role=\"presentation\" class=\"elementor-menu-toggle__icon--close eicon-close\"><\/i>\t\t<\/div>\n\t\t\t\t\t<nav class=\"elementor-nav-menu--dropdown elementor-nav-menu__container\" aria-hidden=\"true\">\n\t\t\t\t<ul id=\"menu-2-94fe792\" class=\"elementor-nav-menu sm-vertical\"><li class=\"vMenu menu-item menu-item-type-post_type menu-item-object-page menu-item-106\"><a href=\"https:\/\/sheriff.venturacounty.gov\/es\/special-services\/\" class=\"elementor-item\" tabindex=\"-1\">Servicios especiales<\/a><\/li>\n<li class=\"vMenu menu-item menu-item-type-post_type menu-item-object-page menu-item-107\"><a href=\"https:\/\/sheriff.venturacounty.gov\/es\/special-services\/air-unit\/\" class=\"elementor-item\" tabindex=\"-1\">Unidad de aire<\/a><\/li>\n<li class=\"vMenu menu-item menu-item-type-post_type menu-item-object-page menu-item-12302\"><a href=\"https:\/\/sheriff.venturacounty.gov\/es\/special-services\/boat-unit\/\" class=\"elementor-item\" tabindex=\"-1\">Tripulaci\u00f3n del barco del sheriff<\/a><\/li>\n<li class=\"vMenu menu-item menu-item-type-post_type menu-item-object-page menu-item-110\"><a href=\"https:\/\/sheriff.venturacounty.gov\/es\/special-services\/bomb-arson-unit\/\" class=\"elementor-item\" tabindex=\"-1\">Unidad de bombas e incendios provocados<\/a><\/li>\n<li class=\"vMenu menu-item menu-item-type-post_type menu-item-object-page menu-item-131\"><a href=\"https:\/\/sheriff.venturacounty.gov\/es\/special-services\/crime-analysis-unit\/\" class=\"elementor-item\" tabindex=\"-1\">Unidad de An\u00e1lisis Criminal<\/a><\/li>\n<li class=\"vMenu menu-item menu-item-type-post_type menu-item-object-page menu-item-130\"><a href=\"https:\/\/sheriff.venturacounty.gov\/es\/special-services\/crime-scene-investigations-unit\/\" class=\"elementor-item\" tabindex=\"-1\">Unidad de Investigaciones de la Escena del Crimen<\/a><\/li>\n<li class=\"vMenu menu-item menu-item-type-post_type menu-item-object-page menu-item-129\"><a href=\"https:\/\/sheriff.venturacounty.gov\/es\/special-services\/criminal-intelligence-unit\/\" class=\"elementor-item\" tabindex=\"-1\">Unidad de Inteligencia Criminal<\/a><\/li>\n<li class=\"vMenu menu-item menu-item-type-post_type menu-item-object-page menu-item-123\"><a href=\"https:\/\/sheriff.venturacounty.gov\/es\/special-services\/forensic-sciences-lab\/\" class=\"elementor-item\" tabindex=\"-1\">Oficina de Servicios Forenses<\/a><\/li>\n<li class=\"vMenu menu-item menu-item-type-post_type menu-item-object-page menu-item-128\"><a href=\"https:\/\/sheriff.venturacounty.gov\/es\/special-services\/major-crimes-unit\/\" class=\"elementor-item\" tabindex=\"-1\">Unidad de Delitos Graves<\/a><\/li>\n<li class=\"vMenu menu-item menu-item-type-post_type menu-item-object-page menu-item-127\"><a href=\"https:\/\/sheriff.venturacounty.gov\/es\/special-services\/narcotics-unit\/\" class=\"elementor-item\" tabindex=\"-1\">Unidad de Narc\u00f3ticos<\/a><\/li>\n<li class=\"vMenu menu-item menu-item-type-post_type menu-item-object-page menu-item-122\"><a href=\"https:\/\/sheriff.venturacounty.gov\/es\/special-services\/sheriff-systems-bureau\/\" class=\"elementor-item\" tabindex=\"-1\">Oficina de sistemas del sheriff<\/a><\/li>\n<li class=\"vMenu menu-item menu-item-type-post_type menu-item-object-page menu-item-126\"><a href=\"https:\/\/sheriff.venturacounty.gov\/es\/special-services\/s-w-a-t\/\" class=\"elementor-item\" tabindex=\"-1\">APLASTAR<\/a><\/li>\n<li class=\"vMenu menu-item menu-item-type-post_type menu-item-object-page menu-item-125\"><a href=\"https:\/\/sheriff.venturacounty.gov\/es\/special-services\/tactical-negotiations-unit\/\" class=\"elementor-item\" tabindex=\"-1\">Unidad de Negociaciones T\u00e1cticas<\/a><\/li>\n<li class=\"vMenu menu-item menu-item-type-post_type menu-item-object-page menu-item-12430\"><a href=\"https:\/\/sheriff.venturacounty.gov\/es\/special-services\/technical-surveillance-unit\/\" class=\"elementor-item\" tabindex=\"-1\">Unidad de Vigilancia T\u00e9cnica<\/a><\/li>\n<li class=\"vMenu menu-item menu-item-type-post_type menu-item-object-page menu-item-124\"><a href=\"https:\/\/sheriff.venturacounty.gov\/es\/special-services\/unmanned-aerial-systems-unit\/\" class=\"elementor-item\" tabindex=\"-1\">Unidad de sistemas a\u00e9reos no tripulados<\/a><\/li>\n<\/ul>\t\t\t<\/nav>\n\t\t\t\t\t\t<\/div>\n\t\t\t\t<\/div>\n\t\t\t\t<\/div>\n\t\t<div class=\"elementor-element elementor-element-9a80528 e-flex e-con-boxed e-con e-child\" data-id=\"9a80528\" data-element_type=\"container\">\n\t\t\t\t\t<div class=\"e-con-inner\">\n\t\t\t\t<div class=\"elementor-element elementor-element-5dd3a47 elementor-widget elementor-widget-image\" data-id=\"5dd3a47\" data-element_type=\"widget\" data-widget_type=\"image.default\">\n\t\t\t\t<div class=\"elementor-widget-container\">\n\t\t\t\t\t\t\t\t\t\t\t\t\t\t\t<img fetchpriority=\"high\" decoding=\"async\" width=\"800\" height=\"355\" src=\"https:\/\/sheriff.venturacounty.gov\/wp-content\/uploads\/2024\/01\/DSC_3746-F-add-copy-49-1024x455.jpg\" class=\"attachment-large size-large wp-image-12336\" alt=\"\" srcset=\"https:\/\/sheriff.venturacounty.gov\/wp-content\/uploads\/2024\/01\/DSC_3746-F-add-copy-49-1024x455.jpg 1024w, https:\/\/sheriff.venturacounty.gov\/wp-content\/uploads\/2024\/01\/DSC_3746-F-add-copy-49-480x213.jpg 480w, https:\/\/sheriff.venturacounty.gov\/wp-content\/uploads\/2024\/01\/DSC_3746-F-add-copy-49-768x341.jpg 768w, https:\/\/sheriff.venturacounty.gov\/wp-content\/uploads\/2024\/01\/DSC_3746-F-add-copy-49-1536x683.jpg 1536w, https:\/\/sheriff.venturacounty.gov\/wp-content\/uploads\/2024\/01\/DSC_3746-F-add-copy-49-2048x910.jpg 2048w\" sizes=\"(max-width: 800px) 100vw, 800px\" \/>\t\t\t\t\t\t\t\t\t\t\t\t\t\t\t<\/div>\n\t\t\t\t<\/div>\n\t\t\t\t<div class=\"elementor-element elementor-element-e757c76 elementor-widget elementor-widget-text-editor\" data-id=\"e757c76\" data-element_type=\"widget\" data-widget_type=\"text-editor.default\">\n\t\t\t\t<div class=\"elementor-widget-container\">\n\t\t\t\t\t\t\t\t\t<p>La Oficina de Delitos Graves de la Oficina del Sheriff del Condado de Ventura est\u00e1 compuesta por veintid\u00f3s detectives expertos y talentosos. Poseen una amplia variedad de experiencia investigativa y cuentan con el apoyo de un personal civil diverso y profesional. La Oficina de Delitos Graves es responsable de investigar todos los homicidios, suicidios y muertes sospechosas en el Condado de Ventura y nuestras ciudades contratadas. La Oficina tambi\u00e9n investiga asaltos agravados, robos a mano armada, asaltos sexuales, secuestros, amenazas terroristas y delitos financieros.<\/p><p>Los tipos de delitos que investiga esta unidad pueden ser traum\u00e1ticos y alterar la vida de la v\u00edctima, su familia y sus seres queridos. La Oficina de Delitos Graves del Condado de Ventura est\u00e1 dedicada a estas personas e investiga cada caso de manera exhaustiva y oportuna para ayudar a que las personas involucradas cierren el caso.<\/p><p>La misi\u00f3n de la Oficina de Delitos Graves de la Oficina del Sheriff es mejorar la calidad de vida de los ciudadanos del condado de Ventura arrestando y condenando a los delincuentes peligrosos responsables de estos cr\u00edmenes atroces. Centr\u00e1ndose en los delincuentes violentos, la Oficina utilizar\u00e1 un enfoque multijurisdiccional en cooperaci\u00f3n con las agencias de aplicaci\u00f3n de la ley federales, estatales y locales para llevar las investigaciones a una conclusi\u00f3n exitosa. Los detectives trabajar\u00e1n para cumplir con la misi\u00f3n de la Oficina de Delitos Graves de una manera que inspire la confianza del p\u00fablico.<\/p>\t\t\t\t\t\t\t\t<\/div>\n\t\t\t\t<\/div>\n\t\t\t\t\t<\/div>\n\t\t\t\t<\/div>\n\t\t\t\t\t<\/div>\n\t\t\t\t<\/div>\n\t\t\t\t<\/div>","protected":false},"excerpt":{"rendered":"<p>The Major Crimes Bureau of the Ventura County Sheriff\u2019s Office is comprised of twenty-two skilled and talented detectives. They possess a wide variety of investigative experience and are supported by [&hellip;]<\/p>\n","protected":false},"author":2,"featured_media":0,"parent":98,"menu_order":0,"comment_status":"closed","ping_status":"closed","template":"","meta":{"footnotes":""},"class_list":["post-115","page","type-page","status-publish","hentry"],"_links":{"self":[{"href":"https:\/\/sheriff.venturacounty.gov\/es\/wp-json\/wp\/v2\/pages\/115","targetHints":{"allow":["GET"]}}],"collection":[{"href":"https:\/\/sheriff.venturacounty.gov\/es\/wp-json\/wp\/v2\/pages"}],"about":[{"href":"https:\/\/sheriff.venturacounty.gov\/es\/wp-json\/wp\/v2\/types\/page"}],"author":[{"embeddable":true,"href":"https:\/\/sheriff.venturacounty.gov\/es\/wp-json\/wp\/v2\/users\/2"}],"replies":[{"embeddable":true,"href":"https:\/\/sheriff.venturacounty.gov\/es\/wp-json\/wp\/v2\/comments?post=115"}],"version-history":[{"count":0,"href":"https:\/\/sheriff.venturacounty.gov\/es\/wp-json\/wp\/v2\/pages\/115\/revisions"}],"up":[{"embeddable":true,"href":"https:\/\/sheriff.venturacounty.gov\/es\/wp-json\/wp\/v2\/pages\/98"}],"wp:attachment":[{"href":"https:\/\/sheriff.venturacounty.gov\/es\/wp-json\/wp\/v2\/media?parent=115"}],"curies":[{"name":"gracias","href":"https:\/\/api.w.org\/{rel}","templated":true}]}}