{"id":12294,"date":"2024-01-01T12:36:35","date_gmt":"2024-01-01T20:36:35","guid":{"rendered":"https:\/\/sheriff.venturacounty.gov\/?page_id=12294"},"modified":"2025-05-20T10:52:45","modified_gmt":"2025-05-20T17:52:45","slug":"electronic-monitoring-unit","status":"publish","type":"page","link":"https:\/\/sheriff.venturacounty.gov\/es\/electronic-monitoring-unit\/","title":{"rendered":"Unidad de Monitoreo Electr\u00f3nico"},"content":{"rendered":"<div data-elementor-type=\"wp-page\" data-elementor-id=\"12294\" class=\"elementor elementor-12294\" data-elementor-post-type=\"page\">\n\t\t\t\t<div class=\"elementor-element elementor-element-b8a496c e-flex e-con-boxed e-con e-parent\" data-id=\"b8a496c\" data-element_type=\"container\">\n\t\t\t\t\t<div class=\"e-con-inner\">\n\t\t\t\t<div class=\"elementor-element elementor-element-a7db847 elementor-widget elementor-widget-heading\" data-id=\"a7db847\" data-element_type=\"widget\" data-widget_type=\"heading.default\">\n\t\t\t\t<div class=\"elementor-widget-container\">\n\t\t\t\t\t<h1 class=\"elementor-heading-title elementor-size-default\">Unidad de Monitoreo Electr\u00f3nico<\/h1>\t\t\t\t<\/div>\n\t\t\t\t<\/div>\n\t\t\t\t\t<\/div>\n\t\t\t\t<\/div>\n\t\t<div class=\"elementor-element elementor-element-d9f46dd e-flex e-con-boxed e-con e-parent\" data-id=\"d9f46dd\" data-element_type=\"container\">\n\t\t\t\t\t<div class=\"e-con-inner\">\n\t\t<div class=\"elementor-element elementor-element-485cdd4 e-con-full e-flex e-con e-child\" data-id=\"485cdd4\" data-element_type=\"container\">\n\t\t\t\t<div class=\"elementor-element elementor-element-70b0417 elementor-nav-menu--dropdown-tablet elementor-nav-menu__text-align-aside elementor-nav-menu--toggle elementor-nav-menu--burger elementor-widget elementor-widget-nav-menu\" data-id=\"70b0417\" data-element_type=\"widget\" data-settings=\"{&quot;layout&quot;:&quot;vertical&quot;,&quot;submenu_icon&quot;:{&quot;value&quot;:&quot;&lt;i class=\\&quot;fas fa-caret-down\\&quot; aria-hidden=\\&quot;true\\&quot;&gt;&lt;\\\/i&gt;&quot;,&quot;library&quot;:&quot;fa-solid&quot;},&quot;toggle&quot;:&quot;burger&quot;}\" data-widget_type=\"nav-menu.default\">\n\t\t\t\t<div class=\"elementor-widget-container\">\n\t\t\t\t\t\t\t\t<nav aria-label=\"Men\u00fa\" class=\"elementor-nav-menu--main elementor-nav-menu__container elementor-nav-menu--layout-vertical e--pointer-background e--animation-fade\">\n\t\t\t\t<ul id=\"menu-1-70b0417\" class=\"elementor-nav-menu sm-vertical\"><li class=\"vMenu menu-item menu-item-type-post_type menu-item-object-page menu-item-173\"><a href=\"https:\/\/sheriff.venturacounty.gov\/es\/detention-services\/\" class=\"elementor-item\">Servicios de detenci\u00f3n<\/a><\/li>\n<li class=\"vMenu menu-item menu-item-type-post_type menu-item-object-page menu-item-177\"><a href=\"https:\/\/sheriff.venturacounty.gov\/es\/detention-services\/court-services\/\" class=\"elementor-item\">Servicios judiciales<\/a><\/li>\n<li class=\"vMenu menu-item menu-item-type-custom menu-item-object-custom menu-item-13270\"><a href=\"https:\/\/sheriff.venturacounty.gov\/es\/public-resources\/civil-process\/\" class=\"elementor-item\">Proceso Civil<\/a><\/li>\n<li class=\"vMenu menu-item menu-item-type-post_type menu-item-object-page menu-item-176\"><a href=\"https:\/\/sheriff.venturacounty.gov\/es\/detention-services\/east-county-jail\/\" class=\"elementor-item\">C\u00e1rcel del este del condado<\/a><\/li>\n<li class=\"vMenu menu-item menu-item-type-post_type menu-item-object-page menu-item-175\"><a href=\"https:\/\/sheriff.venturacounty.gov\/es\/detention-services\/pre-trial-detention-facility\/\" class=\"elementor-item\">Centro de detenci\u00f3n preventiva<\/a><\/li>\n<li class=\"vMenu menu-item menu-item-type-post_type menu-item-object-page menu-item-174\"><a href=\"https:\/\/sheriff.venturacounty.gov\/es\/detention-services\/todd-road-jail\/\" class=\"elementor-item\">C\u00e1rcel de Todd Road<\/a><\/li>\n<li class=\"vMenu menu-item menu-item-type-post_type menu-item-object-page menu-item-446\"><a href=\"https:\/\/sheriff.venturacounty.gov\/es\/health-and-programming-unit\/\" class=\"elementor-item\">Unidad de Salud y Programaci\u00f3n<\/a><\/li>\n<li class=\"vMenu menu-item menu-item-type-custom menu-item-object-custom menu-item-453\"><a target=\"_blank\" href=\"https:\/\/sheriff.venturacounty.gov\/es\/?page_id=12294&#038;preview=true\" class=\"elementor-item\">Unidad de Monitoreo Electr\u00f3nico<\/a><\/li>\n<\/ul>\t\t\t<\/nav>\n\t\t\t\t\t<div class=\"elementor-menu-toggle\" role=\"button\" tabindex=\"0\" aria-label=\"Alternar men\u00fa\" aria-expanded=\"false\">\n\t\t\t<i aria-hidden=\"true\" role=\"presentation\" class=\"elementor-menu-toggle__icon--open eicon-menu-bar\"><\/i><i aria-hidden=\"true\" role=\"presentation\" class=\"elementor-menu-toggle__icon--close eicon-close\"><\/i>\t\t<\/div>\n\t\t\t\t\t<nav class=\"elementor-nav-menu--dropdown elementor-nav-menu__container\" aria-hidden=\"true\">\n\t\t\t\t<ul id=\"menu-2-70b0417\" class=\"elementor-nav-menu sm-vertical\"><li class=\"vMenu menu-item menu-item-type-post_type menu-item-object-page menu-item-173\"><a href=\"https:\/\/sheriff.venturacounty.gov\/es\/detention-services\/\" class=\"elementor-item\" tabindex=\"-1\">Servicios de detenci\u00f3n<\/a><\/li>\n<li class=\"vMenu menu-item menu-item-type-post_type menu-item-object-page menu-item-177\"><a href=\"https:\/\/sheriff.venturacounty.gov\/es\/detention-services\/court-services\/\" class=\"elementor-item\" tabindex=\"-1\">Servicios judiciales<\/a><\/li>\n<li class=\"vMenu menu-item menu-item-type-custom menu-item-object-custom menu-item-13270\"><a href=\"https:\/\/sheriff.venturacounty.gov\/es\/public-resources\/civil-process\/\" class=\"elementor-item\" tabindex=\"-1\">Proceso Civil<\/a><\/li>\n<li class=\"vMenu menu-item menu-item-type-post_type menu-item-object-page menu-item-176\"><a href=\"https:\/\/sheriff.venturacounty.gov\/es\/detention-services\/east-county-jail\/\" class=\"elementor-item\" tabindex=\"-1\">C\u00e1rcel del este del condado<\/a><\/li>\n<li class=\"vMenu menu-item menu-item-type-post_type menu-item-object-page menu-item-175\"><a href=\"https:\/\/sheriff.venturacounty.gov\/es\/detention-services\/pre-trial-detention-facility\/\" class=\"elementor-item\" tabindex=\"-1\">Centro de detenci\u00f3n preventiva<\/a><\/li>\n<li class=\"vMenu menu-item menu-item-type-post_type menu-item-object-page menu-item-174\"><a href=\"https:\/\/sheriff.venturacounty.gov\/es\/detention-services\/todd-road-jail\/\" class=\"elementor-item\" tabindex=\"-1\">C\u00e1rcel de Todd Road<\/a><\/li>\n<li class=\"vMenu menu-item menu-item-type-post_type menu-item-object-page menu-item-446\"><a href=\"https:\/\/sheriff.venturacounty.gov\/es\/health-and-programming-unit\/\" class=\"elementor-item\" tabindex=\"-1\">Unidad de Salud y Programaci\u00f3n<\/a><\/li>\n<li class=\"vMenu menu-item menu-item-type-custom menu-item-object-custom menu-item-453\"><a target=\"_blank\" href=\"https:\/\/sheriff.venturacounty.gov\/es\/?page_id=12294&#038;preview=true\" class=\"elementor-item\" tabindex=\"-1\">Unidad de Monitoreo Electr\u00f3nico<\/a><\/li>\n<\/ul>\t\t\t<\/nav>\n\t\t\t\t\t\t<\/div>\n\t\t\t\t<\/div>\n\t\t\t\t<\/div>\n\t\t<div class=\"elementor-element elementor-element-9a80528 e-flex e-con-boxed e-con e-child\" data-id=\"9a80528\" data-element_type=\"container\">\n\t\t\t\t\t<div class=\"e-con-inner\">\n\t\t\t\t<div class=\"elementor-element elementor-element-87bc96c elementor-widget elementor-widget-image\" data-id=\"87bc96c\" data-element_type=\"widget\" data-widget_type=\"image.default\">\n\t\t\t\t<div class=\"elementor-widget-container\">\n\t\t\t\t\t\t\t\t\t\t\t\t\t\t\t<img fetchpriority=\"high\" decoding=\"async\" width=\"768\" height=\"562\" src=\"https:\/\/sheriff.venturacounty.gov\/wp-content\/uploads\/2025\/05\/EMU-Update-768x562.jpg\" class=\"attachment-medium_large size-medium_large wp-image-13440\" alt=\"\" srcset=\"https:\/\/sheriff.venturacounty.gov\/wp-content\/uploads\/2025\/05\/EMU-Update-768x562.jpg 768w, https:\/\/sheriff.venturacounty.gov\/wp-content\/uploads\/2025\/05\/EMU-Update-480x352.jpg 480w, https:\/\/sheriff.venturacounty.gov\/wp-content\/uploads\/2025\/05\/EMU-Update-16x12.jpg 16w, https:\/\/sheriff.venturacounty.gov\/wp-content\/uploads\/2025\/05\/EMU-Update.jpg 919w\" sizes=\"(max-width: 768px) 100vw, 768px\" \/>\t\t\t\t\t\t\t\t\t\t\t\t\t\t\t<\/div>\n\t\t\t\t<\/div>\n\t\t\t\t<div class=\"elementor-element elementor-element-e757c76 elementor-widget elementor-widget-text-editor\" data-id=\"e757c76\" data-element_type=\"widget\" data-widget_type=\"text-editor.default\">\n\t\t\t\t<div class=\"elementor-widget-container\">\n\t\t\t\t\t\t\t\t\t<p>La Unidad de Monitoreo Electr\u00f3nico (EMU) es un programa de encarcelamiento alternativo que permite a los delincuentes de bajo nivel cumplir una parte o la totalidad de su sentencia en la comunidad en lugar de pasar por una c\u00e1rcel del condado. La unidad del Sheriff est\u00e1 comprometida con la implementaci\u00f3n de un programa de monitoreo electr\u00f3nico que mantenga la m\u00e1xima confianza, credibilidad y seguridad p\u00fablica.<\/p><p>El personal de la Oficina del Sheriff determina la aceptaci\u00f3n en el programa EMU una vez que se presenta la solicitud. Despu\u00e9s de ser aprobados para el programa, los participantes son monitoreados y supervisados por un agente durante la duraci\u00f3n de su sentencia mediante un dispositivo GPS electr\u00f3nico que se coloca en el tobillo del participante. El programa les brinda a los participantes la oportunidad de continuar con su empleo, continuar con su educaci\u00f3n o continuar con el tratamiento fuera de la prisi\u00f3n.<\/p><p>La EMU est\u00e1 dirigida por un adjunto superior y est\u00e1 compuesta por cuatro adjuntos que gestionan una carga de trabajo de participantes que trabajan con los tribunales, los abogados y otras agencias locales. Estos adjuntos supervisan a los participantes electr\u00f3nicamente y en el campo para garantizar la seguridad p\u00fablica, el cumplimiento y el \u00e9xito durante el programa.<\/p>\t\t\t\t\t\t\t\t<\/div>\n\t\t\t\t<\/div>\n\t\t\t\t\t<\/div>\n\t\t\t\t<\/div>\n\t\t\t\t\t<\/div>\n\t\t\t\t<\/div>\n\t\t\t\t<\/div>","protected":false},"excerpt":{"rendered":"<p>The Electronic Monitoring Unit (EMU) is an alternative incarceration program allowing low level offenders the opportunity to serve some or all of their sentence in the community in lieu of [&hellip;]<\/p>\n","protected":false},"author":7,"featured_media":0,"parent":0,"menu_order":0,"comment_status":"closed","ping_status":"closed","template":"","meta":{"footnotes":""},"class_list":["post-12294","page","type-page","status-publish","hentry"],"_links":{"self":[{"href":"https:\/\/sheriff.venturacounty.gov\/es\/wp-json\/wp\/v2\/pages\/12294","targetHints":{"allow":["GET"]}}],"collection":[{"href":"https:\/\/sheriff.venturacounty.gov\/es\/wp-json\/wp\/v2\/pages"}],"about":[{"href":"https:\/\/sheriff.venturacounty.gov\/es\/wp-json\/wp\/v2\/types\/page"}],"author":[{"embeddable":true,"href":"https:\/\/sheriff.venturacounty.gov\/es\/wp-json\/wp\/v2\/users\/7"}],"replies":[{"embeddable":true,"href":"https:\/\/sheriff.venturacounty.gov\/es\/wp-json\/wp\/v2\/comments?post=12294"}],"version-history":[{"count":0,"href":"https:\/\/sheriff.venturacounty.gov\/es\/wp-json\/wp\/v2\/pages\/12294\/revisions"}],"wp:attachment":[{"href":"https:\/\/sheriff.venturacounty.gov\/es\/wp-json\/wp\/v2\/media?parent=12294"}],"curies":[{"name":"gracias","href":"https:\/\/api.w.org\/{rel}","templated":true}]}}