{"id":12483,"date":"2024-02-01T11:19:36","date_gmt":"2024-02-01T19:19:36","guid":{"rendered":"https:\/\/sheriff.venturacounty.gov\/?page_id=12483"},"modified":"2024-09-16T16:27:11","modified_gmt":"2024-09-16T23:27:11","slug":"sheriff-public-information-officers","status":"publish","type":"page","link":"https:\/\/sheriff.venturacounty.gov\/es\/sheriff-public-information-officers\/","title":{"rendered":"Oficiales de informaci\u00f3n p\u00fablica del sheriff"},"content":{"rendered":"<div data-elementor-type=\"wp-page\" data-elementor-id=\"12483\" class=\"elementor elementor-12483\" data-elementor-post-type=\"page\">\n\t\t\t\t<div class=\"elementor-element elementor-element-547eb5c e-flex e-con-boxed e-con e-parent\" data-id=\"547eb5c\" data-element_type=\"container\">\n\t\t\t\t\t<div class=\"e-con-inner\">\n\t\t\t\t<div class=\"elementor-element elementor-element-0094b46 elementor-widget elementor-widget-heading\" data-id=\"0094b46\" data-element_type=\"widget\" data-widget_type=\"heading.default\">\n\t\t\t\t<div class=\"elementor-widget-container\">\n\t\t\t\t\t<h2 class=\"elementor-heading-title elementor-size-default\">Oficiales de informaci\u00f3n p\u00fablica del sheriff<\/h2>\t\t\t\t<\/div>\n\t\t\t\t<\/div>\n\t\t\t\t<div class=\"elementor-element elementor-element-2a156bd elementor-widget elementor-widget-text-editor\" data-id=\"2a156bd\" data-element_type=\"widget\" data-widget_type=\"text-editor.default\">\n\t\t\t\t<div class=\"elementor-widget-container\">\n\t\t\t\t\t\t\t\t\t<p>La Oficina del Sheriff del Condado de Ventura utiliza el servicio de transmisi\u00f3n comunitaria Nixle, as\u00ed como el sitio de redes sociales Twitter para difundir noticias, avisos comunitarios, alertas y solicitudes de informaci\u00f3n. Nixle proporciona a las comunidades de todo el pa\u00eds noticias e informaci\u00f3n que son tanto cercanas como personalmente relevantes. Nuestra tecnolog\u00eda es fundamental para crear nuevas v\u00edas de comunicaci\u00f3n que nunca antes hab\u00edan existido. Nos hemos propuesto permitir que la informaci\u00f3n altamente granular y espec\u00edfica de la ubicaci\u00f3n est\u00e9 disponible de inmediato para los usuarios, seg\u00fan su ubicaci\u00f3n f\u00edsica en un momento determinado. Nixle hace que esta informaci\u00f3n est\u00e9 disponible instant\u00e1neamente a trav\u00e9s de la web, el correo electr\u00f3nico, los dispositivos m\u00f3viles y los tel\u00e9fonos inteligentes.<\/p>\t\t\t\t\t\t\t\t<\/div>\n\t\t\t\t<\/div>\n\t\t<div class=\"elementor-element elementor-element-0cdce7c e-flex e-con-boxed e-con e-child\" data-id=\"0cdce7c\" data-element_type=\"container\">\n\t\t\t\t\t<div class=\"e-con-inner\">\n\t\t\t\t<div class=\"elementor-element elementor-element-9210380 elementor-widget elementor-widget-image\" data-id=\"9210380\" data-element_type=\"widget\" data-widget_type=\"image.default\">\n\t\t\t\t<div class=\"elementor-widget-container\">\n\t\t\t\t\t\t\t\t\t\t\t\t\t\t\t\t<a href=\"https:\/\/local.nixle.com\/ventura-county-sheriffs-office\/\" target=\"_blank\">\n\t\t\t\t\t\t\t<img decoding=\"async\" width=\"300\" height=\"79\" src=\"https:\/\/sheriff.venturacounty.gov\/wp-content\/uploads\/2023\/10\/nixle-logo.png\" class=\"attachment-large size-large wp-image-12481\" alt=\"Nixle Logo\" \/>\t\t\t\t\t\t\t\t<\/a>\n\t\t\t\t\t\t\t\t\t\t\t\t\t\t\t<\/div>\n\t\t\t\t<\/div>\n\t\t\t\t\t<\/div>\n\t\t\t\t<\/div>\n\t\t\t\t<div class=\"elementor-element elementor-element-49b7f2a elementor-widget elementor-widget-button\" data-id=\"49b7f2a\" data-element_type=\"widget\" data-widget_type=\"button.default\">\n\t\t\t\t<div class=\"elementor-widget-container\">\n\t\t\t\t\t\t\t\t\t<div class=\"elementor-button-wrapper\">\n\t\t\t\t\t<a class=\"elementor-button elementor-button-link elementor-size-sm\" href=\"https:\/\/sheriff.venturacounty.gov\/es\/2023\/12\/\">\n\t\t\t\t\t\t<span class=\"elementor-button-content-wrapper\">\n\t\t\t\t\t\t\t\t\t<span class=\"elementor-button-text\">Ver todos los comunicados de prensa<\/span>\n\t\t\t\t\t<\/span>\n\t\t\t\t\t<\/a>\n\t\t\t\t<\/div>\n\t\t\t\t\t\t\t\t<\/div>\n\t\t\t\t<\/div>\n\t\t\t\t\t<\/div>\n\t\t\t\t<\/div>\n\t\t<div class=\"elementor-element elementor-element-272c336 e-flex e-con-boxed e-con e-parent\" data-id=\"272c336\" data-element_type=\"container\">\n\t\t\t\t\t<div class=\"e-con-inner\">\n\t\t<div class=\"elementor-element elementor-element-32be5eb e-flex e-con-boxed e-con e-child\" data-id=\"32be5eb\" data-element_type=\"container\">\n\t\t\t\t\t<div class=\"e-con-inner\">\n\t\t\t\t<div class=\"elementor-element elementor-element-f65e1d7 elementor-widget elementor-widget-image\" data-id=\"f65e1d7\" data-element_type=\"widget\" data-widget_type=\"image.default\">\n\t\t\t\t<div class=\"elementor-widget-container\">\n\t\t\t\t\t\t\t\t\t\t\t\t\t\t\t<img fetchpriority=\"high\" decoding=\"async\" width=\"240\" height=\"300\" src=\"https:\/\/sheriff.venturacounty.gov\/wp-content\/uploads\/2024\/02\/senerey-de-los-santos.jpeg\" class=\"attachment-large size-large wp-image-12486\" alt=\"Senerey De Los Santos\" \/>\t\t\t\t\t\t\t\t\t\t\t\t\t\t\t<\/div>\n\t\t\t\t<\/div>\n\t\t\t\t<div class=\"elementor-element elementor-element-5370d84 elementor-widget elementor-widget-text-editor\" data-id=\"5370d84\" data-element_type=\"widget\" data-widget_type=\"text-editor.default\">\n\t\t\t\t<div class=\"elementor-widget-container\">\n\t\t\t\t\t\t\t\t\t<p><strong>Senerey De Los Santos<\/strong><br \/>Oficial de Informaci\u00f3n P\u00fablica<br \/>(805) 654-3019<\/p>\t\t\t\t\t\t\t\t<\/div>\n\t\t\t\t<\/div>\n\t\t\t\t\t<\/div>\n\t\t\t\t<\/div>\n\t\t<div class=\"elementor-element elementor-element-324d5c0 e-flex e-con-boxed e-con e-child\" data-id=\"324d5c0\" data-element_type=\"container\">\n\t\t\t\t\t<div class=\"e-con-inner\">\n\t\t\t\t<div class=\"elementor-element elementor-element-7cc02cb elementor-widget elementor-widget-image\" data-id=\"7cc02cb\" data-element_type=\"widget\" data-widget_type=\"image.default\">\n\t\t\t\t<div class=\"elementor-widget-container\">\n\t\t\t\t\t\t\t\t\t\t\t\t\t\t\t<img decoding=\"async\" width=\"240\" height=\"300\" src=\"https:\/\/sheriff.venturacounty.gov\/wp-content\/uploads\/2024\/04\/Yoos-Rob-Captain-Org-Chart-website.jpg\" class=\"attachment-large size-large wp-image-12771\" alt=\"\" \/>\t\t\t\t\t\t\t\t\t\t\t\t\t\t\t<\/div>\n\t\t\t\t<\/div>\n\t\t\t\t<div class=\"elementor-element elementor-element-0faebc8 elementor-widget elementor-widget-text-editor\" data-id=\"0faebc8\" data-element_type=\"widget\" data-widget_type=\"text-editor.default\">\n\t\t\t\t<div class=\"elementor-widget-container\">\n\t\t\t\t\t\t\t\t\t<p><strong>Capit\u00e1n Rob Yoos<\/strong><br \/>Oficial de Informaci\u00f3n P\u00fablica<br \/>(805) 654-2417<\/p>\t\t\t\t\t\t\t\t<\/div>\n\t\t\t\t<\/div>\n\t\t\t\t\t<\/div>\n\t\t\t\t<\/div>\n\t\t<div class=\"elementor-element elementor-element-f467aef e-flex e-con-boxed e-con e-child\" data-id=\"f467aef\" data-element_type=\"container\">\n\t\t\t\t\t<div class=\"e-con-inner\">\n\t\t\t\t<div class=\"elementor-element elementor-element-f03f790 elementor-widget elementor-widget-image\" data-id=\"f03f790\" data-element_type=\"widget\" data-widget_type=\"image.default\">\n\t\t\t\t<div class=\"elementor-widget-container\">\n\t\t\t\t\t\t\t\t\t\t\t\t\t\t\t<img loading=\"lazy\" decoding=\"async\" width=\"240\" height=\"300\" src=\"https:\/\/sheriff.venturacounty.gov\/wp-content\/uploads\/2024\/04\/Smith-Monica-Org-Chart-website.jpg\" class=\"attachment-large size-large wp-image-12774\" alt=\"\" \/>\t\t\t\t\t\t\t\t\t\t\t\t\t\t\t<\/div>\n\t\t\t\t<\/div>\n\t\t\t\t<div class=\"elementor-element elementor-element-b6f6b96 elementor-widget elementor-widget-text-editor\" data-id=\"b6f6b96\" data-element_type=\"widget\" data-widget_type=\"text-editor.default\">\n\t\t\t\t<div class=\"elementor-widget-container\">\n\t\t\t\t\t\t\t\t\t<p><strong>Sargento Monica Smith<\/strong><br \/>Oficial de Informaci\u00f3n P\u00fablica<br \/>(805) 654-2385<\/p>\t\t\t\t\t\t\t\t<\/div>\n\t\t\t\t<\/div>\n\t\t\t\t\t<\/div>\n\t\t\t\t<\/div>\n\t\t\t\t\t<\/div>\n\t\t\t\t<\/div>\n\t\t\t\t<\/div>","protected":false},"excerpt":{"rendered":"<p>The Ventura County Sheriff\u2019s Office uses the Nixle community broadcasting service as well as the social networking site Twitter to disseminate news stories, community notices, alerts,\u00a0 and requests for information. [&hellip;]<\/p>\n","protected":false},"author":2,"featured_media":0,"parent":0,"menu_order":0,"comment_status":"closed","ping_status":"closed","template":"","meta":{"footnotes":""},"class_list":["post-12483","page","type-page","status-publish","hentry"],"_links":{"self":[{"href":"https:\/\/sheriff.venturacounty.gov\/es\/wp-json\/wp\/v2\/pages\/12483","targetHints":{"allow":["GET"]}}],"collection":[{"href":"https:\/\/sheriff.venturacounty.gov\/es\/wp-json\/wp\/v2\/pages"}],"about":[{"href":"https:\/\/sheriff.venturacounty.gov\/es\/wp-json\/wp\/v2\/types\/page"}],"author":[{"embeddable":true,"href":"https:\/\/sheriff.venturacounty.gov\/es\/wp-json\/wp\/v2\/users\/2"}],"replies":[{"embeddable":true,"href":"https:\/\/sheriff.venturacounty.gov\/es\/wp-json\/wp\/v2\/comments?post=12483"}],"version-history":[{"count":0,"href":"https:\/\/sheriff.venturacounty.gov\/es\/wp-json\/wp\/v2\/pages\/12483\/revisions"}],"wp:attachment":[{"href":"https:\/\/sheriff.venturacounty.gov\/es\/wp-json\/wp\/v2\/media?parent=12483"}],"curies":[{"name":"gracias","href":"https:\/\/api.w.org\/{rel}","templated":true}]}}