{"id":12492,"date":"2024-02-02T12:42:54","date_gmt":"2024-02-02T20:42:54","guid":{"rendered":"https:\/\/sheriff.venturacounty.gov\/?page_id=12492"},"modified":"2026-02-04T16:02:47","modified_gmt":"2026-02-05T00:02:47","slug":"victim-resources","status":"publish","type":"page","link":"https:\/\/sheriff.venturacounty.gov\/es\/public-resources\/victim-resources\/","title":{"rendered":"Recursos para v\u00edctimas"},"content":{"rendered":"<div data-elementor-type=\"wp-page\" data-elementor-id=\"12492\" class=\"elementor elementor-12492\" data-elementor-post-type=\"page\">\n\t\t\t\t<div class=\"elementor-element elementor-element-b8a496c e-flex e-con-boxed e-con e-parent\" data-id=\"b8a496c\" data-element_type=\"container\">\n\t\t\t\t\t<div class=\"e-con-inner\">\n\t\t\t\t<div class=\"elementor-element elementor-element-a7db847 elementor-widget elementor-widget-heading\" data-id=\"a7db847\" data-element_type=\"widget\" data-widget_type=\"heading.default\">\n\t\t\t\t<div class=\"elementor-widget-container\">\n\t\t\t\t\t<h1 class=\"elementor-heading-title elementor-size-default\">Recursos para v\u00edctimas<\/h1>\t\t\t\t<\/div>\n\t\t\t\t<\/div>\n\t\t\t\t\t<\/div>\n\t\t\t\t<\/div>\n\t\t<div class=\"elementor-element elementor-element-d9f46dd e-flex e-con-boxed e-con e-parent\" data-id=\"d9f46dd\" data-element_type=\"container\">\n\t\t\t\t\t<div class=\"e-con-inner\">\n\t\t<div class=\"elementor-element elementor-element-485cdd4 e-con-full e-flex e-con e-child\" data-id=\"485cdd4\" data-element_type=\"container\">\n\t\t\t\t<div class=\"elementor-element elementor-element-94fe792 elementor-nav-menu--dropdown-tablet elementor-nav-menu__text-align-aside elementor-nav-menu--toggle elementor-nav-menu--burger elementor-widget elementor-widget-nav-menu\" data-id=\"94fe792\" data-element_type=\"widget\" data-settings=\"{&quot;layout&quot;:&quot;vertical&quot;,&quot;submenu_icon&quot;:{&quot;value&quot;:&quot;&lt;i class=\\&quot;fas fa-caret-down\\&quot; aria-hidden=\\&quot;true\\&quot;&gt;&lt;\\\/i&gt;&quot;,&quot;library&quot;:&quot;fa-solid&quot;},&quot;toggle&quot;:&quot;burger&quot;}\" data-widget_type=\"nav-menu.default\">\n\t\t\t\t<div class=\"elementor-widget-container\">\n\t\t\t\t\t\t\t\t<nav aria-label=\"Men\u00fa\" class=\"elementor-nav-menu--main elementor-nav-menu__container elementor-nav-menu--layout-vertical e--pointer-background e--animation-fade\">\n\t\t\t\t<ul id=\"menu-1-94fe792\" class=\"elementor-nav-menu sm-vertical\"><li class=\"vMenu menu-item menu-item-type-post_type menu-item-object-page menu-item-228\"><a href=\"https:\/\/sheriff.venturacounty.gov\/es\/public-resources\/calls-for-service\/\" class=\"elementor-item\">Llamadas de servicio<\/a><\/li>\n<li class=\"vMenu menu-item menu-item-type-post_type menu-item-object-page menu-item-227\"><a href=\"https:\/\/sheriff.venturacounty.gov\/es\/public-resources\/carry-a-concealed-weapon-ccw\/\" class=\"elementor-item\">Llevar un arma oculta (CCW)<\/a><\/li>\n<li class=\"vMenu menu-item menu-item-type-post_type menu-item-object-page menu-item-225\"><a href=\"https:\/\/sheriff.venturacounty.gov\/es\/public-resources\/crimes-stats-public\/\" class=\"elementor-item\">Estad\u00edsticas de delitos\/Informaci\u00f3n p\u00fablica<\/a><\/li>\n<li class=\"vMenu menu-item menu-item-type-post_type menu-item-object-page menu-item-224\"><a href=\"https:\/\/sheriff.venturacounty.gov\/es\/public-resources\/local-law-enforcement-immigration\/\" class=\"elementor-item\">Aplicaci\u00f3n de la ley local e inmigraci\u00f3n<\/a><\/li>\n<li class=\"vMenu menu-item menu-item-type-custom menu-item-object-custom menu-item-229\"><a target=\"_blank\" href=\"https:\/\/rma.venturacounty.gov\/divisions\/operations\/medical-cannabis-regulations\/\" class=\"elementor-item\">Informaci\u00f3n sobre la marihuana<\/a><\/li>\n<li class=\"vMenu menu-item menu-item-type-post_type menu-item-object-page menu-item-222\"><a href=\"https:\/\/sheriff.venturacounty.gov\/es\/public-resources\/required-public-posting\/\" class=\"elementor-item\">Publicaci\u00f3n p\u00fablica obligatoria<\/a><\/li>\n<li class=\"vMenu menu-item menu-item-type-post_type menu-item-object-page menu-item-221\"><a href=\"https:\/\/sheriff.venturacounty.gov\/es\/public-resources\/sex-offender-information\/\" class=\"elementor-item\">Informaci\u00f3n sobre delincuentes sexuales<\/a><\/li>\n<li class=\"vMenu menu-item menu-item-type-post_type menu-item-object-page menu-item-220\"><a href=\"https:\/\/sheriff.venturacounty.gov\/es\/public-resources\/victim-notification-vine\/\" class=\"elementor-item\">Notificaci\u00f3n a las v\u00edctimas (VINE)<\/a><\/li>\n<li class=\"vMenu menu-item menu-item-type-custom menu-item-object-custom menu-item-230\"><a target=\"_blank\" href=\"http:\/\/www.venturacountycrimestoppers.org\/sitemenu.aspx?ID=375&#038;\" class=\"elementor-item\">Organizaciones de prevenci\u00f3n del delito del condado de Ventura<\/a><\/li>\n<li class=\"vMenu menu-item menu-item-type-post_type menu-item-object-page menu-item-12493\"><a href=\"https:\/\/sheriff.venturacounty.gov\/es\/public-resources\/victim-resources\/\" class=\"elementor-item\">Recursos para v\u00edctimas<\/a><\/li>\n<\/ul>\t\t\t<\/nav>\n\t\t\t\t\t<div class=\"elementor-menu-toggle\" role=\"button\" tabindex=\"0\" aria-label=\"Alternar men\u00fa\" aria-expanded=\"false\">\n\t\t\t<i aria-hidden=\"true\" role=\"presentation\" class=\"elementor-menu-toggle__icon--open eicon-menu-bar\"><\/i><i aria-hidden=\"true\" role=\"presentation\" class=\"elementor-menu-toggle__icon--close eicon-close\"><\/i>\t\t<\/div>\n\t\t\t\t\t<nav class=\"elementor-nav-menu--dropdown elementor-nav-menu__container\" aria-hidden=\"true\">\n\t\t\t\t<ul id=\"menu-2-94fe792\" class=\"elementor-nav-menu sm-vertical\"><li class=\"vMenu menu-item menu-item-type-post_type menu-item-object-page menu-item-228\"><a href=\"https:\/\/sheriff.venturacounty.gov\/es\/public-resources\/calls-for-service\/\" class=\"elementor-item\" tabindex=\"-1\">Llamadas de servicio<\/a><\/li>\n<li class=\"vMenu menu-item menu-item-type-post_type menu-item-object-page menu-item-227\"><a href=\"https:\/\/sheriff.venturacounty.gov\/es\/public-resources\/carry-a-concealed-weapon-ccw\/\" class=\"elementor-item\" tabindex=\"-1\">Llevar un arma oculta (CCW)<\/a><\/li>\n<li class=\"vMenu menu-item menu-item-type-post_type menu-item-object-page menu-item-225\"><a href=\"https:\/\/sheriff.venturacounty.gov\/es\/public-resources\/crimes-stats-public\/\" class=\"elementor-item\" tabindex=\"-1\">Estad\u00edsticas de delitos\/Informaci\u00f3n p\u00fablica<\/a><\/li>\n<li class=\"vMenu menu-item menu-item-type-post_type menu-item-object-page menu-item-224\"><a href=\"https:\/\/sheriff.venturacounty.gov\/es\/public-resources\/local-law-enforcement-immigration\/\" class=\"elementor-item\" tabindex=\"-1\">Aplicaci\u00f3n de la ley local e inmigraci\u00f3n<\/a><\/li>\n<li class=\"vMenu menu-item menu-item-type-custom menu-item-object-custom menu-item-229\"><a target=\"_blank\" href=\"https:\/\/rma.venturacounty.gov\/divisions\/operations\/medical-cannabis-regulations\/\" class=\"elementor-item\" tabindex=\"-1\">Informaci\u00f3n sobre la marihuana<\/a><\/li>\n<li class=\"vMenu menu-item menu-item-type-post_type menu-item-object-page menu-item-222\"><a href=\"https:\/\/sheriff.venturacounty.gov\/es\/public-resources\/required-public-posting\/\" class=\"elementor-item\" tabindex=\"-1\">Publicaci\u00f3n p\u00fablica obligatoria<\/a><\/li>\n<li class=\"vMenu menu-item menu-item-type-post_type menu-item-object-page menu-item-221\"><a href=\"https:\/\/sheriff.venturacounty.gov\/es\/public-resources\/sex-offender-information\/\" class=\"elementor-item\" tabindex=\"-1\">Informaci\u00f3n sobre delincuentes sexuales<\/a><\/li>\n<li class=\"vMenu menu-item menu-item-type-post_type menu-item-object-page menu-item-220\"><a href=\"https:\/\/sheriff.venturacounty.gov\/es\/public-resources\/victim-notification-vine\/\" class=\"elementor-item\" tabindex=\"-1\">Notificaci\u00f3n a las v\u00edctimas (VINE)<\/a><\/li>\n<li class=\"vMenu menu-item menu-item-type-custom menu-item-object-custom menu-item-230\"><a target=\"_blank\" href=\"http:\/\/www.venturacountycrimestoppers.org\/sitemenu.aspx?ID=375&#038;\" class=\"elementor-item\" tabindex=\"-1\">Organizaciones de prevenci\u00f3n del delito del condado de Ventura<\/a><\/li>\n<li class=\"vMenu menu-item menu-item-type-post_type menu-item-object-page menu-item-12493\"><a href=\"https:\/\/sheriff.venturacounty.gov\/es\/public-resources\/victim-resources\/\" class=\"elementor-item\" tabindex=\"-1\">Recursos para v\u00edctimas<\/a><\/li>\n<\/ul>\t\t\t<\/nav>\n\t\t\t\t\t\t<\/div>\n\t\t\t\t<\/div>\n\t\t\t\t<\/div>\n\t\t<div class=\"elementor-element elementor-element-9a80528 e-flex e-con-boxed e-con e-child\" data-id=\"9a80528\" data-element_type=\"container\">\n\t\t\t\t\t<div class=\"e-con-inner\">\n\t\t\t\t<div class=\"elementor-element elementor-element-0eeeabb elementor-widget elementor-widget-text-editor\" data-id=\"0eeeabb\" data-element_type=\"widget\" data-widget_type=\"text-editor.default\">\n\t\t\t\t<div class=\"elementor-widget-container\">\n\t\t\t\t\t\t\t\t\t<p>De acuerdo con la misi\u00f3n de la Oficina del Sheriff del Condado de Ventura de apoyar a las v\u00edctimas de delitos, esta p\u00e1gina proporciona enlaces a diversos servicios y material educativo. Es de suma importancia para los miembros de nuestra agencia apoyar a las v\u00edctimas de delitos y brindarles acceso a los recursos disponibles.<\/p>\t\t\t\t\t\t\t\t<\/div>\n\t\t\t\t<\/div>\n\t\t<div class=\"elementor-element elementor-element-6d1e664 e-flex e-con-boxed e-con e-child\" data-id=\"6d1e664\" data-element_type=\"container\">\n\t\t\t\t\t<div class=\"e-con-inner\">\n\t\t<div class=\"elementor-element elementor-element-ddf729c e-flex e-con-boxed e-con e-child\" data-id=\"ddf729c\" data-element_type=\"container\">\n\t\t\t\t\t<div class=\"e-con-inner\">\n\t\t\t\t<div class=\"elementor-element elementor-element-74b05b7 elementor-icon-list--layout-traditional elementor-list-item-link-full_width elementor-widget elementor-widget-icon-list\" data-id=\"74b05b7\" data-element_type=\"widget\" data-widget_type=\"icon-list.default\">\n\t\t\t\t<div class=\"elementor-widget-container\">\n\t\t\t\t\t\t\t<ul class=\"elementor-icon-list-items\">\n\t\t\t\t\t\t\t<li class=\"elementor-icon-list-item\">\n\t\t\t\t\t\t\t\t\t\t\t<a href=\"https:\/\/sheriff.venturacounty.gov\/wp-content\/uploads\/2024\/02\/Marsys-Card-and-Resources.pdf\" target=\"_blank\">\n\n\t\t\t\t\t\t\t\t\t\t\t\t<span class=\"elementor-icon-list-icon\">\n\t\t\t\t\t\t\t<i aria-hidden=\"true\" class=\"fas fa-check\"><\/i>\t\t\t\t\t\t<\/span>\n\t\t\t\t\t\t\t\t\t\t<span class=\"elementor-icon-list-text\">Carta de derechos de las v\u00edctimas (Tarjeta de Marcy)<\/span>\n\t\t\t\t\t\t\t\t\t\t\t<\/a>\n\t\t\t\t\t\t\t\t\t<\/li>\n\t\t\t\t\t\t\t\t<li class=\"elementor-icon-list-item\">\n\t\t\t\t\t\t\t\t\t\t\t<a href=\"https:\/\/sheriff.venturacounty.gov\/wp-content\/uploads\/2024\/02\/Domestic_Violence_Information_Sheet_ENG.pdf\" target=\"_blank\">\n\n\t\t\t\t\t\t\t\t\t\t\t\t<span class=\"elementor-icon-list-icon\">\n\t\t\t\t\t\t\t<i aria-hidden=\"true\" class=\"fas fa-check\"><\/i>\t\t\t\t\t\t<\/span>\n\t\t\t\t\t\t\t\t\t\t<span class=\"elementor-icon-list-text\">Informaci\u00f3n sobre violencia dom\u00e9stica<\/span>\n\t\t\t\t\t\t\t\t\t\t\t<\/a>\n\t\t\t\t\t\t\t\t\t<\/li>\n\t\t\t\t\t\t\t\t<li class=\"elementor-icon-list-item\">\n\t\t\t\t\t\t\t\t\t\t\t<a href=\"https:\/\/sheriff.venturacounty.gov\/wp-content\/uploads\/2024\/02\/Sexual_Assault-information-card_ENGLISH.pdf\" target=\"_blank\">\n\n\t\t\t\t\t\t\t\t\t\t\t\t<span class=\"elementor-icon-list-icon\">\n\t\t\t\t\t\t\t<i aria-hidden=\"true\" class=\"fas fa-check\"><\/i>\t\t\t\t\t\t<\/span>\n\t\t\t\t\t\t\t\t\t\t<span class=\"elementor-icon-list-text\">Informaci\u00f3n sobre agresi\u00f3n sexual<\/span>\n\t\t\t\t\t\t\t\t\t\t\t<\/a>\n\t\t\t\t\t\t\t\t\t<\/li>\n\t\t\t\t\t\t\t\t<li class=\"elementor-icon-list-item\">\n\t\t\t\t\t\t\t\t\t\t\t<a href=\"http:\/\/sheriff.venturacounty.gov\/wp-content\/uploads\/2025\/07\/Hate-Crimes-and-Incidents-How-to-Report-Hate-Crimes-and-Incidents-and-Get-Help.pdf\" target=\"_blank\">\n\n\t\t\t\t\t\t\t\t\t\t\t\t<span class=\"elementor-icon-list-icon\">\n\t\t\t\t\t\t\t<i aria-hidden=\"true\" class=\"fas fa-check\"><\/i>\t\t\t\t\t\t<\/span>\n\t\t\t\t\t\t\t\t\t\t<span class=\"elementor-icon-list-text\">Cr\u00edmenes de odio<\/span>\n\t\t\t\t\t\t\t\t\t\t\t<\/a>\n\t\t\t\t\t\t\t\t\t<\/li>\n\t\t\t\t\t\t\t\t<li class=\"elementor-icon-list-item\">\n\t\t\t\t\t\t\t\t\t\t\t<a href=\"https:\/\/sheriff.venturacounty.gov\/wp-content\/uploads\/2024\/02\/hate-crimes-fact-sheet-english.pdf\" target=\"_blank\">\n\n\t\t\t\t\t\t\t\t\t\t\t\t<span class=\"elementor-icon-list-icon\">\n\t\t\t\t\t\t\t<i aria-hidden=\"true\" class=\"fas fa-check\"><\/i>\t\t\t\t\t\t<\/span>\n\t\t\t\t\t\t\t\t\t\t<span class=\"elementor-icon-list-text\">Hoja informativa sobre cr\u00edmenes de odio<\/span>\n\t\t\t\t\t\t\t\t\t\t\t<\/a>\n\t\t\t\t\t\t\t\t\t<\/li>\n\t\t\t\t\t\t\t\t<li class=\"elementor-icon-list-item\">\n\t\t\t\t\t\t\t\t\t\t\t<a href=\"https:\/\/sheriff.venturacounty.gov\/wp-content\/uploads\/2024\/08\/ITRC-Victim-Outreach-Flyer-Final-1.pdf\">\n\n\t\t\t\t\t\t\t\t\t\t\t\t<span class=\"elementor-icon-list-icon\">\n\t\t\t\t\t\t\t<i aria-hidden=\"true\" class=\"fas fa-check\"><\/i>\t\t\t\t\t\t<\/span>\n\t\t\t\t\t\t\t\t\t\t<span class=\"elementor-icon-list-text\">Recursos contra el robo de identidad<\/span>\n\t\t\t\t\t\t\t\t\t\t\t<\/a>\n\t\t\t\t\t\t\t\t\t<\/li>\n\t\t\t\t\t\t\t\t<li class=\"elementor-icon-list-item\">\n\t\t\t\t\t\t\t\t\t\t\t<a href=\"https:\/\/sheriff.venturacounty.gov\/wp-content\/uploads\/2024\/02\/HT-form-resources.pdf\" target=\"_blank\">\n\n\t\t\t\t\t\t\t\t\t\t\t\t<span class=\"elementor-icon-list-icon\">\n\t\t\t\t\t\t\t<i aria-hidden=\"true\" class=\"fas fa-check\"><\/i>\t\t\t\t\t\t<\/span>\n\t\t\t\t\t\t\t\t\t\t<span class=\"elementor-icon-list-text\">Trata de personas<\/span>\n\t\t\t\t\t\t\t\t\t\t\t<\/a>\n\t\t\t\t\t\t\t\t\t<\/li>\n\t\t\t\t\t\t\t\t<li class=\"elementor-icon-list-item\">\n\t\t\t\t\t\t\t\t\t\t\t<a href=\"https:\/\/sheriff.venturacounty.gov\/es\/public-resources\/victim-notification-vine\/\">\n\n\t\t\t\t\t\t\t\t\t\t\t\t<span class=\"elementor-icon-list-icon\">\n\t\t\t\t\t\t\t<i aria-hidden=\"true\" class=\"fas fa-check\"><\/i>\t\t\t\t\t\t<\/span>\n\t\t\t\t\t\t\t\t\t\t<span class=\"elementor-icon-list-text\">Notificaci\u00f3n a las v\u00edctimas (VINE)<\/span>\n\t\t\t\t\t\t\t\t\t\t\t<\/a>\n\t\t\t\t\t\t\t\t\t<\/li>\n\t\t\t\t\t\t\t\t<li class=\"elementor-icon-list-item\">\n\t\t\t\t\t\t\t\t\t\t\t<a href=\"https:\/\/sheriff.venturacounty.gov\/es\/scam-prevention\/\">\n\n\t\t\t\t\t\t\t\t\t\t\t\t<span class=\"elementor-icon-list-icon\">\n\t\t\t\t\t\t\t<i aria-hidden=\"true\" class=\"fas fa-check\"><\/i>\t\t\t\t\t\t<\/span>\n\t\t\t\t\t\t\t\t\t\t<span class=\"elementor-icon-list-text\">Prevenci\u00f3n de estafas<\/span>\n\t\t\t\t\t\t\t\t\t\t\t<\/a>\n\t\t\t\t\t\t\t\t\t<\/li>\n\t\t\t\t\t\t<\/ul>\n\t\t\t\t\t\t<\/div>\n\t\t\t\t<\/div>\n\t\t\t\t\t<\/div>\n\t\t\t\t<\/div>\n\t\t\t\t\t<\/div>\n\t\t\t\t<\/div>\n\t\t\t\t<div class=\"elementor-element elementor-element-5050344 elementor-widget elementor-widget-text-editor\" data-id=\"5050344\" data-element_type=\"widget\" data-widget_type=\"text-editor.default\">\n\t\t\t\t<div class=\"elementor-widget-container\">\n\t\t\t\t\t\t\t\t\tAdem\u00e1s de los servicios enumerados anteriormente, la Fiscal\u00eda del Distrito del Condado de Ventura ofrece asistencia a las v\u00edctimas a trav\u00e9s de su Unidad de Asistencia a las V\u00edctimas del Delito. Puede acceder a la informaci\u00f3n haciendo clic aqu\u00ed:\u00a0<a href=\"https:\/\/da.venturacounty.gov\/victims\/\">https:\/\/da.venturacounty.gov\/victims\/<\/a>\t\t\t\t\t\t\t\t<\/div>\n\t\t\t\t<\/div>\n\t\t\t\t\t<\/div>\n\t\t\t\t<\/div>\n\t\t\t\t\t<\/div>\n\t\t\t\t<\/div>\n\t\t\t\t<\/div>","protected":false},"excerpt":{"rendered":"<p>In accordance with the Ventura County Sheriff\u2019s Office mission of supporting victims of crime, this page provides links to various services and educational material. It is of highest importance for [&hellip;]<\/p>\n","protected":false},"author":2,"featured_media":0,"parent":242,"menu_order":0,"comment_status":"closed","ping_status":"closed","template":"","meta":{"footnotes":""},"class_list":["post-12492","page","type-page","status-publish","hentry"],"_links":{"self":[{"href":"https:\/\/sheriff.venturacounty.gov\/es\/wp-json\/wp\/v2\/pages\/12492","targetHints":{"allow":["GET"]}}],"collection":[{"href":"https:\/\/sheriff.venturacounty.gov\/es\/wp-json\/wp\/v2\/pages"}],"about":[{"href":"https:\/\/sheriff.venturacounty.gov\/es\/wp-json\/wp\/v2\/types\/page"}],"author":[{"embeddable":true,"href":"https:\/\/sheriff.venturacounty.gov\/es\/wp-json\/wp\/v2\/users\/2"}],"replies":[{"embeddable":true,"href":"https:\/\/sheriff.venturacounty.gov\/es\/wp-json\/wp\/v2\/comments?post=12492"}],"version-history":[{"count":0,"href":"https:\/\/sheriff.venturacounty.gov\/es\/wp-json\/wp\/v2\/pages\/12492\/revisions"}],"up":[{"embeddable":true,"href":"https:\/\/sheriff.venturacounty.gov\/es\/wp-json\/wp\/v2\/pages\/242"}],"wp:attachment":[{"href":"https:\/\/sheriff.venturacounty.gov\/es\/wp-json\/wp\/v2\/media?parent=12492"}],"curies":[{"name":"gracias","href":"https:\/\/api.w.org\/{rel}","templated":true}]}}