{"id":12563,"date":"2024-02-06T12:15:32","date_gmt":"2024-02-06T20:15:32","guid":{"rendered":"https:\/\/sheriff.venturacounty.gov\/?page_id=12563"},"modified":"2024-02-27T15:20:22","modified_gmt":"2024-02-27T23:20:22","slug":"restraining-orders","status":"publish","type":"page","link":"https:\/\/sheriff.venturacounty.gov\/es\/public-resources\/civil-process\/restraining-orders\/","title":{"rendered":"\u00d3rdenes de restricci\u00f3n"},"content":{"rendered":"<div data-elementor-type=\"wp-page\" data-elementor-id=\"12563\" class=\"elementor elementor-12563\" data-elementor-post-type=\"page\">\n\t\t\t\t<div class=\"elementor-element elementor-element-b8a496c e-flex e-con-boxed e-con e-parent\" data-id=\"b8a496c\" data-element_type=\"container\">\n\t\t\t\t\t<div class=\"e-con-inner\">\n\t\t\t\t<div class=\"elementor-element elementor-element-a7db847 elementor-widget elementor-widget-heading\" data-id=\"a7db847\" data-element_type=\"widget\" data-widget_type=\"heading.default\">\n\t\t\t\t<div class=\"elementor-widget-container\">\n\t\t\t\t\t<h1 class=\"elementor-heading-title elementor-size-default\">\u00d3rdenes de restricci\u00f3n<\/h1>\t\t\t\t<\/div>\n\t\t\t\t<\/div>\n\t\t\t\t\t<\/div>\n\t\t\t\t<\/div>\n\t\t<div class=\"elementor-element elementor-element-d9f46dd e-flex e-con-boxed e-con e-parent\" data-id=\"d9f46dd\" data-element_type=\"container\">\n\t\t\t\t\t<div class=\"e-con-inner\">\n\t\t<div class=\"elementor-element elementor-element-485cdd4 e-con-full e-flex e-con e-child\" data-id=\"485cdd4\" data-element_type=\"container\">\n\t\t\t\t<div class=\"elementor-element elementor-element-94fe792 elementor-nav-menu--dropdown-tablet elementor-nav-menu__text-align-aside elementor-nav-menu--toggle elementor-nav-menu--burger elementor-widget elementor-widget-nav-menu\" data-id=\"94fe792\" data-element_type=\"widget\" data-settings=\"{&quot;layout&quot;:&quot;vertical&quot;,&quot;submenu_icon&quot;:{&quot;value&quot;:&quot;&lt;i class=\\&quot;fas fa-caret-down\\&quot; aria-hidden=\\&quot;true\\&quot;&gt;&lt;\\\/i&gt;&quot;,&quot;library&quot;:&quot;fa-solid&quot;},&quot;toggle&quot;:&quot;burger&quot;}\" data-widget_type=\"nav-menu.default\">\n\t\t\t\t<div class=\"elementor-widget-container\">\n\t\t\t\t\t\t\t\t<nav aria-label=\"Men\u00fa\" class=\"elementor-nav-menu--main elementor-nav-menu__container elementor-nav-menu--layout-vertical e--pointer-background e--animation-fade\">\n\t\t\t\t<ul id=\"menu-1-94fe792\" class=\"elementor-nav-menu sm-vertical\"><li class=\"vMenu menu-item menu-item-type-post_type menu-item-object-page menu-item-228\"><a href=\"https:\/\/sheriff.venturacounty.gov\/es\/public-resources\/calls-for-service\/\" class=\"elementor-item\">Llamadas de servicio<\/a><\/li>\n<li class=\"vMenu menu-item menu-item-type-post_type menu-item-object-page menu-item-227\"><a href=\"https:\/\/sheriff.venturacounty.gov\/es\/public-resources\/carry-a-concealed-weapon-ccw\/\" class=\"elementor-item\">Llevar un arma oculta (CCW)<\/a><\/li>\n<li class=\"vMenu menu-item menu-item-type-post_type menu-item-object-page menu-item-225\"><a href=\"https:\/\/sheriff.venturacounty.gov\/es\/public-resources\/crimes-stats-public\/\" class=\"elementor-item\">Estad\u00edsticas de delitos\/Informaci\u00f3n p\u00fablica<\/a><\/li>\n<li class=\"vMenu menu-item menu-item-type-post_type menu-item-object-page menu-item-224\"><a href=\"https:\/\/sheriff.venturacounty.gov\/es\/public-resources\/local-law-enforcement-immigration\/\" class=\"elementor-item\">Aplicaci\u00f3n de la ley local e inmigraci\u00f3n<\/a><\/li>\n<li class=\"vMenu menu-item menu-item-type-custom menu-item-object-custom menu-item-229\"><a target=\"_blank\" href=\"https:\/\/rma.venturacounty.gov\/divisions\/operations\/medical-cannabis-regulations\/\" class=\"elementor-item\">Informaci\u00f3n sobre la marihuana<\/a><\/li>\n<li class=\"vMenu menu-item menu-item-type-post_type menu-item-object-page menu-item-222\"><a href=\"https:\/\/sheriff.venturacounty.gov\/es\/public-resources\/required-public-posting\/\" class=\"elementor-item\">Publicaci\u00f3n p\u00fablica obligatoria<\/a><\/li>\n<li class=\"vMenu menu-item menu-item-type-post_type menu-item-object-page menu-item-221\"><a href=\"https:\/\/sheriff.venturacounty.gov\/es\/public-resources\/sex-offender-information\/\" class=\"elementor-item\">Informaci\u00f3n sobre delincuentes sexuales<\/a><\/li>\n<li class=\"vMenu menu-item menu-item-type-post_type menu-item-object-page menu-item-220\"><a href=\"https:\/\/sheriff.venturacounty.gov\/es\/public-resources\/victim-notification-vine\/\" class=\"elementor-item\">Notificaci\u00f3n a las v\u00edctimas (VINE)<\/a><\/li>\n<li class=\"vMenu menu-item menu-item-type-custom menu-item-object-custom menu-item-230\"><a target=\"_blank\" href=\"http:\/\/www.venturacountycrimestoppers.org\/sitemenu.aspx?ID=375&#038;\" class=\"elementor-item\">Organizaciones de prevenci\u00f3n del delito del condado de Ventura<\/a><\/li>\n<li class=\"vMenu menu-item menu-item-type-post_type menu-item-object-page menu-item-12493\"><a href=\"https:\/\/sheriff.venturacounty.gov\/es\/public-resources\/victim-resources\/\" class=\"elementor-item\">Recursos para v\u00edctimas<\/a><\/li>\n<\/ul>\t\t\t<\/nav>\n\t\t\t\t\t<div class=\"elementor-menu-toggle\" role=\"button\" tabindex=\"0\" aria-label=\"Alternar men\u00fa\" aria-expanded=\"false\">\n\t\t\t<i aria-hidden=\"true\" role=\"presentation\" class=\"elementor-menu-toggle__icon--open eicon-menu-bar\"><\/i><i aria-hidden=\"true\" role=\"presentation\" class=\"elementor-menu-toggle__icon--close eicon-close\"><\/i>\t\t<\/div>\n\t\t\t\t\t<nav class=\"elementor-nav-menu--dropdown elementor-nav-menu__container\" aria-hidden=\"true\">\n\t\t\t\t<ul id=\"menu-2-94fe792\" class=\"elementor-nav-menu sm-vertical\"><li class=\"vMenu menu-item menu-item-type-post_type menu-item-object-page menu-item-228\"><a href=\"https:\/\/sheriff.venturacounty.gov\/es\/public-resources\/calls-for-service\/\" class=\"elementor-item\" tabindex=\"-1\">Llamadas de servicio<\/a><\/li>\n<li class=\"vMenu menu-item menu-item-type-post_type menu-item-object-page menu-item-227\"><a href=\"https:\/\/sheriff.venturacounty.gov\/es\/public-resources\/carry-a-concealed-weapon-ccw\/\" class=\"elementor-item\" tabindex=\"-1\">Llevar un arma oculta (CCW)<\/a><\/li>\n<li class=\"vMenu menu-item menu-item-type-post_type menu-item-object-page menu-item-225\"><a href=\"https:\/\/sheriff.venturacounty.gov\/es\/public-resources\/crimes-stats-public\/\" class=\"elementor-item\" tabindex=\"-1\">Estad\u00edsticas de delitos\/Informaci\u00f3n p\u00fablica<\/a><\/li>\n<li class=\"vMenu menu-item menu-item-type-post_type menu-item-object-page menu-item-224\"><a href=\"https:\/\/sheriff.venturacounty.gov\/es\/public-resources\/local-law-enforcement-immigration\/\" class=\"elementor-item\" tabindex=\"-1\">Aplicaci\u00f3n de la ley local e inmigraci\u00f3n<\/a><\/li>\n<li class=\"vMenu menu-item menu-item-type-custom menu-item-object-custom menu-item-229\"><a target=\"_blank\" href=\"https:\/\/rma.venturacounty.gov\/divisions\/operations\/medical-cannabis-regulations\/\" class=\"elementor-item\" tabindex=\"-1\">Informaci\u00f3n sobre la marihuana<\/a><\/li>\n<li class=\"vMenu menu-item menu-item-type-post_type menu-item-object-page menu-item-222\"><a href=\"https:\/\/sheriff.venturacounty.gov\/es\/public-resources\/required-public-posting\/\" class=\"elementor-item\" tabindex=\"-1\">Publicaci\u00f3n p\u00fablica obligatoria<\/a><\/li>\n<li class=\"vMenu menu-item menu-item-type-post_type menu-item-object-page menu-item-221\"><a href=\"https:\/\/sheriff.venturacounty.gov\/es\/public-resources\/sex-offender-information\/\" class=\"elementor-item\" tabindex=\"-1\">Informaci\u00f3n sobre delincuentes sexuales<\/a><\/li>\n<li class=\"vMenu menu-item menu-item-type-post_type menu-item-object-page menu-item-220\"><a href=\"https:\/\/sheriff.venturacounty.gov\/es\/public-resources\/victim-notification-vine\/\" class=\"elementor-item\" tabindex=\"-1\">Notificaci\u00f3n a las v\u00edctimas (VINE)<\/a><\/li>\n<li class=\"vMenu menu-item menu-item-type-custom menu-item-object-custom menu-item-230\"><a target=\"_blank\" href=\"http:\/\/www.venturacountycrimestoppers.org\/sitemenu.aspx?ID=375&#038;\" class=\"elementor-item\" tabindex=\"-1\">Organizaciones de prevenci\u00f3n del delito del condado de Ventura<\/a><\/li>\n<li class=\"vMenu menu-item menu-item-type-post_type menu-item-object-page menu-item-12493\"><a href=\"https:\/\/sheriff.venturacounty.gov\/es\/public-resources\/victim-resources\/\" class=\"elementor-item\" tabindex=\"-1\">Recursos para v\u00edctimas<\/a><\/li>\n<\/ul>\t\t\t<\/nav>\n\t\t\t\t\t\t<\/div>\n\t\t\t\t<\/div>\n\t\t\t\t<\/div>\n\t\t<div class=\"elementor-element elementor-element-9a80528 e-flex e-con-boxed e-con e-child\" data-id=\"9a80528\" data-element_type=\"container\">\n\t\t\t\t\t<div class=\"e-con-inner\">\n\t\t\t\t<div class=\"elementor-element elementor-element-e757c76 elementor-widget elementor-widget-text-editor\" data-id=\"e757c76\" data-element_type=\"widget\" data-widget_type=\"text-editor.default\">\n\t\t\t\t<div class=\"elementor-widget-container\">\n\t\t\t\t\t\t\t\t\t<p>Una orden de restricci\u00f3n es una orden judicial que ayuda a proteger a las personas del abuso o el acoso.<\/p>\n<p>Para que una orden de restricci\u00f3n sea v\u00e1lida, la parte restringida debe ser notificada correctamente.<\/p>\n<p>Hay cuatro tipos diferentes de \u00f3rdenes de restricci\u00f3n disponibles para el p\u00fablico: Familia, Civil, Abuso de Ancianos \/ Adultos Dependientes y Violencia en el Lugar de Trabajo.<\/p>\n<p><strong>\u00d3RDENES DE RESTRICCI\u00d3N FAMILIAR<\/strong><\/p>\n<ul>\n<li>Las \u00f3rdenes de restricci\u00f3n familiar cubren a las personas que buscan \u00f3rdenes de restricci\u00f3n temporales contra miembros de la familia o aquellos involucrados en relaciones matrimoniales, de noviazgo o de paternidad compartida.<\/li>\n<li>Una persona califica para una orden de restricci\u00f3n por violencia dom\u00e9stica si, con base en amenazas o abuso, existe un peligro inmediato y presente de violencia, acecho o secuestro por parte de un abusador hacia la persona nombrada o los miembros de su hogar (incluidos los ni\u00f1os).<\/li>\n<li>Existen tres tipos de \u00f3rdenes de restricci\u00f3n. Una orden de protecci\u00f3n de emergencia (EPO, por sus siglas en ingl\u00e9s) se emite en el lugar del incidente. Los agentes del orden p\u00fablico llaman por tel\u00e9fono al magistrado de guardia, disponible las 24 horas del d\u00eda, los 7 d\u00edas de la semana, quien otorga la orden en funci\u00f3n de las preocupaciones inmediatas. Una EPO vence en 5 d\u00edas judiciales o 7 d\u00edas calendario. Una orden de restricci\u00f3n temporal (TRO, por sus siglas en ingl\u00e9s) es otorgada en el tribunal por un comisionado o juez. Esta es v\u00e1lida por un m\u00e1ximo de 25 d\u00edas. Una orden de restricci\u00f3n permanente es otorgada en el tribunal por un juez. Es v\u00e1lida por hasta cinco a\u00f1os.<\/li>\n<li>Si se solicita una orden de alejamiento como resultado de violencia dom\u00e9stica documentada, no se aplican los honorarios. Simplemente lleve su informe (obtenido de la agencia policial que manej\u00f3 el incidente) o el n\u00famero del informe al juzgado.<\/li>\n<li>Los residentes pueden ir al Palacio de Justicia de Ventura, 804 S Victoria Ave, Sala 311 para comenzar el proceso de orden de restricci\u00f3n.&nbsp;<\/li>\n<li>Una orden de restricci\u00f3n proh\u00edbe a cualquiera de las partes hacer lo siguiente:<br><ul type=\"disc\">\n<li><em>Molestar, atacar, golpear, amenazar, agredir sexualmente, maltratar, acosar o perturbar la paz de las otras partes.<\/em><\/li>\n<li><em>Vivir juntos.<\/em><\/li>\n<li><em>Contacto directo o indirecto entre s\u00ed. La orden puede permitir el contacto para intercambios de custodia de menores.&nbsp;<\/em><\/li>\n<\/ul>\n<\/li>\n<li>Si la persona restringida no obedece la orden, llame a la polic\u00eda. De acuerdo con el C\u00f3digo Penal 273.6, una persona que viole intencionalmente y a sabiendas una orden de restricci\u00f3n puede ser multada con hasta $1,000.00 y encarcelada por hasta un a\u00f1o.<\/li>\n<\/ul>\n<p><strong>\u00d3RDENES DE RESTRICCI\u00d3N CIVIL<\/strong><\/p>\n<ul>\n<li>Las \u00f3rdenes de restricci\u00f3n civiles tratan asuntos civiles, disputas entre vecinos y problemas generales de acoso.<\/li>\n<li>Los residentes pueden acudir al Palacio de Justicia de Ventura, 804 S Victoria Ave, Sala 400 para comenzar el proceso de orden de restricci\u00f3n.&nbsp;&nbsp;<\/li>\n<li>Tendr\u00e1 que acudir al tribunal en la fecha que le indique el secretario.<\/li>\n<li>La persona restringida puede acudir a la audiencia judicial, pero no tiene derecho a hablar con usted. Si le tiene miedo, inf\u00f3rmeselo al alguacil.<\/li>\n<li>No es necesario que lleves un testigo a la audiencia, pero es \u00fatil tener pruebas del acoso. Puedes llevar:<br><ul type=\"disc\">\n<li><em>Una declaraci\u00f3n escrita de testigos hecha bajo juramento.<\/em><\/li>\n<li><em>Testigos<\/em><\/li>\n<li><em>Fotograf\u00edas<\/em><\/li>\n<li><em>Informes m\u00e9dicos o policiales<\/em><\/li>\n<li><em>Propiedad da\u00f1ada<\/em><\/li>\n<li><em>Cartas, correos electr\u00f3nicos o mensajes telef\u00f3nicos amenazantes<\/em><\/li>\n<li><em>Es posible que el tribunal no permita que los testigos testifiquen. Por lo tanto, si es posible, solicite a los testigos que presten declaraciones escritas bajo juramento en la audiencia.<\/em><\/li>\n<\/ul>\n<\/li>\n<li>Una orden de alejamiento no obligar\u00e1 a un compa\u00f1ero de habitaci\u00f3n a mudarse. Para que esto ocurra, debe completar el proceso de desalojo.<\/li>\n<li>Su orden de restricci\u00f3n es v\u00e1lida en cualquier parte de los Estados Unidos. Si se muda fuera de California, comun\u00edquese con la nueva agencia policial local para que est\u00e9n al tanto de la orden.<\/li>\n<li>Si la persona restringida no obedece la orden, llame a la polic\u00eda. De acuerdo con el art\u00edculo 166(a)(4) del C\u00f3digo Penal, una persona podr\u00eda ser culpable de un delito menor. Si es declarada culpable, podr\u00eda recibir una multa y hasta un a\u00f1o de prisi\u00f3n en la c\u00e1rcel del condado.<\/li>\n<\/ul>\n<p><strong>\u00d3RDENES DE RESTRICCI\u00d3N POR ABUSO DE ANCIANOS Y ADULTOS DEPENDIENTES<\/strong><\/p>\n<ul>\n<li>Las \u00f3rdenes de restricci\u00f3n por abuso de ancianos o adultos dependientes est\u00e1n dirigidas a aquellas personas que tienen m\u00e1s de 65 a\u00f1os o est\u00e1n clasificadas como adultos dependientes y que, como resultado de su edad o condici\u00f3n, est\u00e1n siendo abusadas f\u00edsica, financiera o emocionalmente.<\/li>\n<li>Se considera adulto dependiente a una persona de entre 18 y 64 a\u00f1os que tiene limitaciones f\u00edsicas o mentales que limitan su capacidad para realizar actividades normales o proteger sus derechos. Esto incluye, entre otras, a personas con discapacidades f\u00edsicas o del desarrollo o cuyas capacidades f\u00edsicas o mentales se han reducido debido a la edad.<\/li>\n<li>El tribunal puede ordenar a una persona que:<br><ul type=\"disc\">\n<li><em>No abusar, acosar, golpear ni amenazar.<\/em><\/li>\n<li><em>No contactarte ni acercarte, y<\/em><\/li>\n<li><em>No poseer un arma<\/em><\/li>\n<\/ul>\n<\/li>\n<li>Los residentes pueden ir al Palacio de Justicia de Ventura, 804 S Victoria Ave, Sala 311 para comenzar el proceso de orden de restricci\u00f3n.&nbsp;&nbsp;<\/li>\n<li>Si la orden de alejamiento se solicita como resultado de violencia o miedo, no se aplican los honorarios. El proceso de orden de alejamiento se realiza sin costo alguno para usted. Lleve una copia de su informe policial, o el n\u00famero del informe, cuando venga al juzgado.<\/li>\n<li>Si es sordo, comun\u00edquese con el secretario al menos 5 d\u00edas antes de la audiencia. Solicite un int\u00e9rprete u otra adaptaci\u00f3n.<\/li>\n<li>Si se concede, una orden de restricci\u00f3n por maltrato a ancianos puede durar hasta tres a\u00f1os.<\/li>\n<li>Si la persona restringida no obedece la orden, llame a la polic\u00eda. De acuerdo con el art\u00edculo 166(a)(4) del C\u00f3digo Penal, una persona podr\u00eda ser culpable de un delito menor. Si es declarada culpable, podr\u00eda recibir una multa y hasta un a\u00f1o de prisi\u00f3n en la c\u00e1rcel del condado.<\/li>\n<\/ul>\n<p><strong>\u00d3RDENES DE RESTRICCI\u00d3N POR VIOLENCIA LABORAL<\/strong><\/p>\n<ul>\n<li>Las \u00f3rdenes de restricci\u00f3n por violencia en el lugar de trabajo cubren el acoso y la violencia en el lugar de trabajo.<\/li>\n<li>Solo&nbsp;<strong>empleadores<\/strong>&nbsp;Puede obtener una orden de restricci\u00f3n contra la violencia en el lugar de trabajo. Si est\u00e1 buscando una orden de restricci\u00f3n contra un compa\u00f1ero de trabajo, utilice la orden de restricci\u00f3n por acoso civil.<\/li>\n<li>Seg\u00fan la ley de California, un empleador es alguien que:\n<ul>\n<li><em>Participar en cualquier negocio o empresa en este estado que tenga una o m\u00e1s personas en servicio bajo cualquier nombramiento, contrato de contrataci\u00f3n o aprendizaje, expreso o impl\u00edcito, oral o escrito, independientemente de si dicha persona es el propietario del negocio o est\u00e1 operando en concesi\u00f3n u otra base. (C\u00f3digo Laboral 350(a).)<\/em><\/li>\n<li><em>Una agencia p\u00fablica federal, estatal o local; una ciudad, condado, distrito o corporaci\u00f3n p\u00fablica. (C\u00f3digo de Procedimiento Civil 527.8(d).)<\/em><\/li>\n<\/ul>\n<\/li>\n<li>Esta orden de restricci\u00f3n protege a los empleados por un per\u00edodo de tres a\u00f1os y a ciertos miembros de sus familias por 15 d\u00edas. Los funcionarios p\u00fablicos, los voluntarios y los contratistas independientes est\u00e1n todos contemplados como \u201cempleados\u201d.<\/li>\n<li>Un empleador puede buscar protecci\u00f3n bajo esta ley si:<\/li>\n<li>\n<ul>\n<li><em>Un empleado ha sufrido violencia ilegal o una amenaza cre\u00edble de violencia por parte de cualquier individuo;<\/em><\/li>\n<li><em>La violencia ilegal o la amenaza cre\u00edble de violencia pueda interpretarse razonablemente como si se hubiera llevado a cabo en el lugar de trabajo;<\/em><\/li>\n<li><em>La conducta del acusado no est\u00e1 permitida como parte de una disputa laboral leg\u00edtima; y<\/em><\/li>\n<li><em>El acusado no ejerce ninguna actividad protegida por la Constituci\u00f3n.<\/em><\/li>\n<\/ul>\n<\/li>\n<li>Los empleadores pueden acudir al juzgado de Ventura, 804 S Victoria Ave, sala 311 para comenzar el proceso de orden de restricci\u00f3n.&nbsp;&nbsp;<\/li>\n<li>Si la persona restringida no obedece la orden, llame a la polic\u00eda. De acuerdo con el art\u00edculo 166(a)(4) del C\u00f3digo Penal, una persona podr\u00eda ser culpable de un delito menor. Si es declarada culpable, podr\u00eda recibir una multa y hasta un a\u00f1o de prisi\u00f3n en la c\u00e1rcel del condado.<\/li>\n<\/ul>\n<p>Por lo general, las tasas judiciales para presentar \u00f3rdenes de alejamiento son de $355.00. Sin embargo, en los casos en que se ha producido violencia o acoso, las tasas se eximen. Adem\u00e1s, si no puede pagar las tasas, se pueden eximir.<\/p>\n<p>La tarifa para que la Unidad Civil del Sheriff entregue su orden es de $40.00. Nuevamente, estas tarifas no se aplican si existe violencia, acoso o incapacidad de pago.<\/p>\t\t\t\t\t\t\t\t<\/div>\n\t\t\t\t<\/div>\n\t\t\t\t\t<\/div>\n\t\t\t\t<\/div>\n\t\t\t\t\t<\/div>\n\t\t\t\t<\/div>\n\t\t\t\t<\/div>","protected":false},"excerpt":{"rendered":"<p>\u00a0 Forms\u00a0 |\u00a0\u00a0Frequently Asked Questions\u00a0 |\u00a0\u00a0Restraining Orders Common Civil Processes, Orders, Levies, and Services A restraining order&nbsp;is a court order that helps protect people from abuse or harassment. For a [&hellip;]<\/p>\n","protected":false},"author":2,"featured_media":0,"parent":211,"menu_order":0,"comment_status":"closed","ping_status":"closed","template":"","meta":{"footnotes":""},"class_list":["post-12563","page","type-page","status-publish","hentry"],"_links":{"self":[{"href":"https:\/\/sheriff.venturacounty.gov\/es\/wp-json\/wp\/v2\/pages\/12563","targetHints":{"allow":["GET"]}}],"collection":[{"href":"https:\/\/sheriff.venturacounty.gov\/es\/wp-json\/wp\/v2\/pages"}],"about":[{"href":"https:\/\/sheriff.venturacounty.gov\/es\/wp-json\/wp\/v2\/types\/page"}],"author":[{"embeddable":true,"href":"https:\/\/sheriff.venturacounty.gov\/es\/wp-json\/wp\/v2\/users\/2"}],"replies":[{"embeddable":true,"href":"https:\/\/sheriff.venturacounty.gov\/es\/wp-json\/wp\/v2\/comments?post=12563"}],"version-history":[{"count":0,"href":"https:\/\/sheriff.venturacounty.gov\/es\/wp-json\/wp\/v2\/pages\/12563\/revisions"}],"up":[{"embeddable":true,"href":"https:\/\/sheriff.venturacounty.gov\/es\/wp-json\/wp\/v2\/pages\/211"}],"wp:attachment":[{"href":"https:\/\/sheriff.venturacounty.gov\/es\/wp-json\/wp\/v2\/media?parent=12563"}],"curies":[{"name":"gracias","href":"https:\/\/api.w.org\/{rel}","templated":true}]}}