{"id":12565,"date":"2024-02-06T12:22:44","date_gmt":"2024-02-06T20:22:44","guid":{"rendered":"https:\/\/sheriff.venturacounty.gov\/?page_id=12565"},"modified":"2024-03-04T09:32:02","modified_gmt":"2024-03-04T17:32:02","slug":"common-civil-processes-orders-levies-and-services","status":"publish","type":"page","link":"https:\/\/sheriff.venturacounty.gov\/es\/public-resources\/civil-process\/common-civil-processes-orders-levies-and-services\/","title":{"rendered":"Procesos, \u00f3rdenes, grav\u00e1menes y servicios civiles comunes"},"content":{"rendered":"<div data-elementor-type=\"wp-page\" data-elementor-id=\"12565\" class=\"elementor elementor-12565\" data-elementor-post-type=\"page\">\n\t\t\t\t<div class=\"elementor-element elementor-element-b8a496c e-flex e-con-boxed e-con e-parent\" data-id=\"b8a496c\" data-element_type=\"container\">\n\t\t\t\t\t<div class=\"e-con-inner\">\n\t\t\t\t<div class=\"elementor-element elementor-element-a7db847 elementor-widget elementor-widget-heading\" data-id=\"a7db847\" data-element_type=\"widget\" data-widget_type=\"heading.default\">\n\t\t\t\t<div class=\"elementor-widget-container\">\n\t\t\t\t\t<h1 class=\"elementor-heading-title elementor-size-default\">Procesos, \u00f3rdenes, grav\u00e1menes y servicios civiles comunes<\/h1>\t\t\t\t<\/div>\n\t\t\t\t<\/div>\n\t\t\t\t\t<\/div>\n\t\t\t\t<\/div>\n\t\t<div class=\"elementor-element elementor-element-d9f46dd e-flex e-con-boxed e-con e-parent\" data-id=\"d9f46dd\" data-element_type=\"container\">\n\t\t\t\t\t<div class=\"e-con-inner\">\n\t\t<div class=\"elementor-element elementor-element-485cdd4 e-con-full e-flex e-con e-child\" data-id=\"485cdd4\" data-element_type=\"container\">\n\t\t\t\t<div class=\"elementor-element elementor-element-94fe792 elementor-nav-menu--dropdown-tablet elementor-nav-menu__text-align-aside elementor-nav-menu--toggle elementor-nav-menu--burger elementor-widget elementor-widget-nav-menu\" data-id=\"94fe792\" data-element_type=\"widget\" data-settings=\"{&quot;layout&quot;:&quot;vertical&quot;,&quot;submenu_icon&quot;:{&quot;value&quot;:&quot;&lt;i class=\\&quot;fas fa-caret-down\\&quot; aria-hidden=\\&quot;true\\&quot;&gt;&lt;\\\/i&gt;&quot;,&quot;library&quot;:&quot;fa-solid&quot;},&quot;toggle&quot;:&quot;burger&quot;}\" data-widget_type=\"nav-menu.default\">\n\t\t\t\t<div class=\"elementor-widget-container\">\n\t\t\t\t\t\t\t\t<nav aria-label=\"Men\u00fa\" class=\"elementor-nav-menu--main elementor-nav-menu__container elementor-nav-menu--layout-vertical e--pointer-background e--animation-fade\">\n\t\t\t\t<ul id=\"menu-1-94fe792\" class=\"elementor-nav-menu sm-vertical\"><li class=\"vMenu menu-item menu-item-type-post_type menu-item-object-page menu-item-228\"><a href=\"https:\/\/sheriff.venturacounty.gov\/es\/public-resources\/calls-for-service\/\" class=\"elementor-item\">Llamadas de servicio<\/a><\/li>\n<li class=\"vMenu menu-item menu-item-type-post_type menu-item-object-page menu-item-227\"><a href=\"https:\/\/sheriff.venturacounty.gov\/es\/public-resources\/carry-a-concealed-weapon-ccw\/\" class=\"elementor-item\">Llevar un arma oculta (CCW)<\/a><\/li>\n<li class=\"vMenu menu-item menu-item-type-post_type menu-item-object-page menu-item-225\"><a href=\"https:\/\/sheriff.venturacounty.gov\/es\/public-resources\/crimes-stats-public\/\" class=\"elementor-item\">Estad\u00edsticas de delitos\/Informaci\u00f3n p\u00fablica<\/a><\/li>\n<li class=\"vMenu menu-item menu-item-type-post_type menu-item-object-page menu-item-224\"><a href=\"https:\/\/sheriff.venturacounty.gov\/es\/public-resources\/local-law-enforcement-immigration\/\" class=\"elementor-item\">Aplicaci\u00f3n de la ley local e inmigraci\u00f3n<\/a><\/li>\n<li class=\"vMenu menu-item menu-item-type-custom menu-item-object-custom menu-item-229\"><a target=\"_blank\" href=\"https:\/\/rma.venturacounty.gov\/divisions\/operations\/medical-cannabis-regulations\/\" class=\"elementor-item\">Informaci\u00f3n sobre la marihuana<\/a><\/li>\n<li class=\"vMenu menu-item menu-item-type-post_type menu-item-object-page menu-item-222\"><a href=\"https:\/\/sheriff.venturacounty.gov\/es\/public-resources\/required-public-posting\/\" class=\"elementor-item\">Publicaci\u00f3n p\u00fablica obligatoria<\/a><\/li>\n<li class=\"vMenu menu-item menu-item-type-post_type menu-item-object-page menu-item-221\"><a href=\"https:\/\/sheriff.venturacounty.gov\/es\/public-resources\/sex-offender-information\/\" class=\"elementor-item\">Informaci\u00f3n sobre delincuentes sexuales<\/a><\/li>\n<li class=\"vMenu menu-item menu-item-type-post_type menu-item-object-page menu-item-220\"><a href=\"https:\/\/sheriff.venturacounty.gov\/es\/public-resources\/victim-notification-vine\/\" class=\"elementor-item\">Notificaci\u00f3n a las v\u00edctimas (VINE)<\/a><\/li>\n<li class=\"vMenu menu-item menu-item-type-custom menu-item-object-custom menu-item-230\"><a target=\"_blank\" href=\"http:\/\/www.venturacountycrimestoppers.org\/sitemenu.aspx?ID=375&#038;\" class=\"elementor-item\">Organizaciones de prevenci\u00f3n del delito del condado de Ventura<\/a><\/li>\n<li class=\"vMenu menu-item menu-item-type-post_type menu-item-object-page menu-item-12493\"><a href=\"https:\/\/sheriff.venturacounty.gov\/es\/public-resources\/victim-resources\/\" class=\"elementor-item\">Recursos para v\u00edctimas<\/a><\/li>\n<\/ul>\t\t\t<\/nav>\n\t\t\t\t\t<div class=\"elementor-menu-toggle\" role=\"button\" tabindex=\"0\" aria-label=\"Alternar men\u00fa\" aria-expanded=\"false\">\n\t\t\t<i aria-hidden=\"true\" role=\"presentation\" class=\"elementor-menu-toggle__icon--open eicon-menu-bar\"><\/i><i aria-hidden=\"true\" role=\"presentation\" class=\"elementor-menu-toggle__icon--close eicon-close\"><\/i>\t\t<\/div>\n\t\t\t\t\t<nav class=\"elementor-nav-menu--dropdown elementor-nav-menu__container\" aria-hidden=\"true\">\n\t\t\t\t<ul id=\"menu-2-94fe792\" class=\"elementor-nav-menu sm-vertical\"><li class=\"vMenu menu-item menu-item-type-post_type menu-item-object-page menu-item-228\"><a href=\"https:\/\/sheriff.venturacounty.gov\/es\/public-resources\/calls-for-service\/\" class=\"elementor-item\" tabindex=\"-1\">Llamadas de servicio<\/a><\/li>\n<li class=\"vMenu menu-item menu-item-type-post_type menu-item-object-page menu-item-227\"><a href=\"https:\/\/sheriff.venturacounty.gov\/es\/public-resources\/carry-a-concealed-weapon-ccw\/\" class=\"elementor-item\" tabindex=\"-1\">Llevar un arma oculta (CCW)<\/a><\/li>\n<li class=\"vMenu menu-item menu-item-type-post_type menu-item-object-page menu-item-225\"><a href=\"https:\/\/sheriff.venturacounty.gov\/es\/public-resources\/crimes-stats-public\/\" class=\"elementor-item\" tabindex=\"-1\">Estad\u00edsticas de delitos\/Informaci\u00f3n p\u00fablica<\/a><\/li>\n<li class=\"vMenu menu-item menu-item-type-post_type menu-item-object-page menu-item-224\"><a href=\"https:\/\/sheriff.venturacounty.gov\/es\/public-resources\/local-law-enforcement-immigration\/\" class=\"elementor-item\" tabindex=\"-1\">Aplicaci\u00f3n de la ley local e inmigraci\u00f3n<\/a><\/li>\n<li class=\"vMenu menu-item menu-item-type-custom menu-item-object-custom menu-item-229\"><a target=\"_blank\" href=\"https:\/\/rma.venturacounty.gov\/divisions\/operations\/medical-cannabis-regulations\/\" class=\"elementor-item\" tabindex=\"-1\">Informaci\u00f3n sobre la marihuana<\/a><\/li>\n<li class=\"vMenu menu-item menu-item-type-post_type menu-item-object-page menu-item-222\"><a href=\"https:\/\/sheriff.venturacounty.gov\/es\/public-resources\/required-public-posting\/\" class=\"elementor-item\" tabindex=\"-1\">Publicaci\u00f3n p\u00fablica obligatoria<\/a><\/li>\n<li class=\"vMenu menu-item menu-item-type-post_type menu-item-object-page menu-item-221\"><a href=\"https:\/\/sheriff.venturacounty.gov\/es\/public-resources\/sex-offender-information\/\" class=\"elementor-item\" tabindex=\"-1\">Informaci\u00f3n sobre delincuentes sexuales<\/a><\/li>\n<li class=\"vMenu menu-item menu-item-type-post_type menu-item-object-page menu-item-220\"><a href=\"https:\/\/sheriff.venturacounty.gov\/es\/public-resources\/victim-notification-vine\/\" class=\"elementor-item\" tabindex=\"-1\">Notificaci\u00f3n a las v\u00edctimas (VINE)<\/a><\/li>\n<li class=\"vMenu menu-item menu-item-type-custom menu-item-object-custom menu-item-230\"><a target=\"_blank\" href=\"http:\/\/www.venturacountycrimestoppers.org\/sitemenu.aspx?ID=375&#038;\" class=\"elementor-item\" tabindex=\"-1\">Organizaciones de prevenci\u00f3n del delito del condado de Ventura<\/a><\/li>\n<li class=\"vMenu menu-item menu-item-type-post_type menu-item-object-page menu-item-12493\"><a href=\"https:\/\/sheriff.venturacounty.gov\/es\/public-resources\/victim-resources\/\" class=\"elementor-item\" tabindex=\"-1\">Recursos para v\u00edctimas<\/a><\/li>\n<\/ul>\t\t\t<\/nav>\n\t\t\t\t\t\t<\/div>\n\t\t\t\t<\/div>\n\t\t\t\t<\/div>\n\t\t<div class=\"elementor-element elementor-element-9a80528 e-flex e-con-boxed e-con e-child\" data-id=\"9a80528\" data-element_type=\"container\">\n\t\t\t\t\t<div class=\"e-con-inner\">\n\t\t\t\t<div class=\"elementor-element elementor-element-e757c76 elementor-widget elementor-widget-text-editor\" data-id=\"e757c76\" data-element_type=\"widget\" data-widget_type=\"text-editor.default\">\n\t\t\t\t<div class=\"elementor-widget-container\">\n\t\t\t\t\t\t\t\t\t<p><a href=\"https:\/\/sheriff.venturacounty.gov\/es\/public-resources\/civil-process\/common-civil-processes-orders-levies-and-services\/\"><strong>Procesos, \u00f3rdenes, grav\u00e1menes y servicios civiles comunes<\/strong><\/a><\/p><p>A continuaci\u00f3n se enumeran los procesos civiles, \u00f3rdenes, grav\u00e1menes y servicios comunes realizados por la Divisi\u00f3n Civil del Sheriff del Condado de Ventura.<\/p><p><strong>Procesos<\/strong><br \/>Cobrar una sentencia monetaria puede ser dif\u00edcil. Debe darle al alguacil instrucciones espec\u00edficas sobre el tipo de embargo que desea. Debe saber d\u00f3nde trabaja el acusado, d\u00f3nde tiene un banco, d\u00f3nde opera un negocio o, posiblemente, la marca y el a\u00f1o de su veh\u00edculo. Los empleados de la Oficina del Alguacil tienen prohibido por ley brindar asesoramiento legal, y las siguientes son solo pautas generales que se brindan para ayudarlo.<\/p><p><strong>Orden de comparecencia<\/strong><br \/>Si no conoce los bienes del demandado o la ubicaci\u00f3n de sus bienes, puede regresar al tribunal que emiti\u00f3 la sentencia y solicitar una ORDEN DE COMPARECENCIA DEL DEUDOR DE LA SENTENCIA. Esta orden, despu\u00e9s de ser notificada al demandado, requiere que el demandado comparezca ante el tribunal para responder preguntas sobre sus bienes. Si no comparece, el tribunal emitir\u00e1 una orden de arresto. Sus instrucciones para la notificaci\u00f3n deben contener la direcci\u00f3n del demandado.<\/p><p><strong>Orden de retenci\u00f3n de ganancias (EWO)<\/strong><br \/>Una ORDEN DE RETENCI\u00d3N DE INGRESOS requiere que un empleador env\u00ede al Sheriff un porcentaje del salario del acusado, seg\u00fan lo especificado por ley. El dinero recaudado por el empleador del acusado se env\u00eda a la Oficina del Sheriff y se desembolsa a medida que se recauda, despu\u00e9s de descontar una tarifa de desembolso de $15.00 por el manejo del dinero. El monto de esta tarifa luego se agrega nuevamente al monto a cobrar. Tambi\u00e9n se agregar\u00e1n intereses al monto a cobrar. El empleador tiene 15 d\u00edas para enviar una &quot;declaraci\u00f3n del empleador&quot;. Se enviar\u00e1 una copia de esta al demandante o al abogado del demandante. Una ORDEN DE RETENCI\u00d3N DE INGRESOS permanece en vigencia hasta que se cumpla la sentencia en su totalidad.<\/p><p><strong>Embargo bancario<\/strong><br \/>La cuenta bancaria de un acusado puede ser embargada. El nombre y la direcci\u00f3n del banco son obligatorios en las instrucciones que le d\u00e9 al alguacil. La mayor\u00eda de los bancos no retendr\u00e1n fondos a menos que el nombre en la cuenta sea exactamente el mismo que aparece en la orden de ejecuci\u00f3n. Aunque no es obligatorio, el n\u00famero de cuenta puede ayudar al banco a localizar la cuenta del acusado.<\/p><p><strong>Impuesto sobre veh\u00edculos<\/strong><br \/>Un veh\u00edculo que pertenezca al demandado y se encuentre en su posesi\u00f3n puede ser embargado y vendido en subasta p\u00fablica. Sus instrucciones al Sheriff deben contener la marca, el a\u00f1o, el n\u00famero de matr\u00edcula y la ubicaci\u00f3n del veh\u00edculo. Si el demandado tiene un solo veh\u00edculo, tiene derecho a una exenci\u00f3n autom\u00e1tica de $7,500.00. Esto significa que la oferta comienza con la exenci\u00f3n de $7,500.00, m\u00e1s el dinero adeudado al titular del gravamen y todos los costos incurridos. Si no se recibe la oferta m\u00ednima, el veh\u00edculo debe ser devuelto al demandado.<\/p><p><strong>Tasa por grifo de caja<\/strong><br \/>Si el demandado es una empresa y tiene una caja registradora en sus instalaciones, puede ordenar al alguacil que ejecute un embargo por \u201cregistro de caja\u201d. El dinero del demandado puede retirarse de la caja registradora y entreg\u00e1rselo a usted. Las instrucciones al alguacil requieren el nombre y la direcci\u00f3n de la empresa del demandado.<\/p><p><strong>Impuesto al guardi\u00e1n<\/strong><br \/>Si el demandado es una empresa y recibe pagos por servicios o mercanc\u00edas, puede ordenar al alguacil que ejecute un embargo preventivo. Con la instalaci\u00f3n del personal preventivo del alguacil en la empresa, los activos comerciales y el dinero recibido pasan a estar bajo el control del alguacil. El nombre en la orden debe ser exactamente el mismo que el nombre de la empresa y el demandado debe ser el propietario de la empresa. El nombre y la direcci\u00f3n de la empresa son necesarios para completar las instrucciones.<\/p><p><strong>Orden de posesi\u00f3n \/ Orden de desalojo de bienes inmuebles<\/strong><br \/>Una orden de posesi\u00f3n de un inmueble se conoce com\u00fanmente como &quot;orden de desalojo&quot;. Esta orden permite al funcionario encargado de la ejecuci\u00f3n de la sentencia cumplir con la sentencia colocando al acreedor de la sentencia en posesi\u00f3n legal y pac\u00edfica de un terreno espec\u00edfico y de las estructuras anexas. Una sentencia de posesi\u00f3n de un inmueble puede resultar de la falta de pago del alquiler por parte de un inquilino o de un incumplimiento del contrato de alquiler o arrendamiento. Una orden de posesi\u00f3n puede emitirse al concluir una acci\u00f3n civil por desalojo il\u00edcito.<\/p><p>El proceso de desalojo debe llevarse a cabo de acuerdo con las leyes de retenci\u00f3n il\u00edcita que lo rigen. Los procedimientos espec\u00edficos a seguir pueden variar seg\u00fan las circunstancias del caso. El siguiente escenario de desalojo tiene como \u00fanico fin dar un ejemplo de las complejidades que implica un procedimiento de desalojo y no debe interpretarse como asesoramiento legal.<\/p><p>Cuando un inquilino se retrasa en el pago del alquiler, el propietario puede hacer que se le notifique al inquilino un aviso de tres d\u00edas para que pague el alquiler o desaloje. Existen varios tipos de avisos de este tipo disponibles en las papeler\u00edas. Se debe notificar al inquilino una copia del aviso ya sea entreg\u00e1ndolo personalmente al inquilino o coloc\u00e1ndolo en un lugar visible de la propiedad y luego envi\u00e1ndolo por correo al inquilino, con el franqueo pagado, a la \u00faltima direcci\u00f3n conocida del inquilino. El m\u00e9todo legal de notificaci\u00f3n del aviso se describe con m\u00e1s detalle en la secci\u00f3n 1162 del C\u00f3digo de Procedimiento Civil.<\/p><p>Si el inquilino no paga el alquiler o no se muda dentro del tiempo prescrito, se puede presentar una acci\u00f3n por retenci\u00f3n il\u00edcita ante el tribunal. La persona que notific\u00f3 la notificaci\u00f3n debe completar y firmar una prueba de notificaci\u00f3n para cada inquilino notificado. La(s) prueba(s) de notificaci\u00f3n se deben presentar ante el tribunal para iniciar una acci\u00f3n civil por retenci\u00f3n il\u00edcita. El propietario\/demandante debe pagar una tasa de presentaci\u00f3n ante el tribunal. Muchos tribunales proporcionan paquetes de retenci\u00f3n il\u00edcita que contienen los formularios y la informaci\u00f3n necesarios para proceder con la acci\u00f3n. La citaci\u00f3n y la demanda (retenci\u00f3n il\u00edcita) deben notificarse legalmente al(los) inquilino(s). Una persona mayor de 18 a\u00f1os (que no sea parte de la acci\u00f3n) puede notificar la citaci\u00f3n a cada uno de los inquilinos\/demandado(s) nombrados. Una vez que se haya efectuado la notificaci\u00f3n, se deben presentar ante el tribunal la citaci\u00f3n original y las pruebas de notificaci\u00f3n.<\/p><p>Despu\u00e9s de que se haya efectuado la notificaci\u00f3n de la citaci\u00f3n y la demanda, el inquilino tiene 5 d\u00edas para presentar una respuesta por escrito al tribunal. Si el inquilino presenta su respuesta, el secretario del tribunal fija el d\u00eda y la hora para una audiencia judicial sobre el asunto. Si el inquilino no presenta su respuesta por escrito al tribunal dentro de los 5 d\u00edas posteriores a la notificaci\u00f3n, el demandante puede solicitar que se dicte una sentencia en rebeld\u00eda. Cuando se dicte una sentencia a favor del propietario, ya sea despu\u00e9s del juicio, por estipulaci\u00f3n o por rebeld\u00eda, el propietario puede solicitar al tribunal que emita una orden de posesi\u00f3n de la propiedad inmobiliaria. La orden solo puede ser ejecutada por un funcionario de recaudaci\u00f3n (sheriff o alguacil).<\/p><p>En el condado de Ventura, la orden original puede entregarse en la oficina civil del alguacil correspondiente para su ejecuci\u00f3n. Nuestra oficina debe recibir instrucciones escritas firmadas del abogado del acreedor de la sentencia que figure en los registros, o del acreedor de la sentencia si no tiene abogado. Utilice el formulario de instrucciones de servicios de orden judicial para este tipo de proceso. Tambi\u00e9n debe proporcionarse la tarifa correspondiente para ejecutar la orden judicial. Nuestro personal entregar\u00e1 al inquilino(s) una copia de la orden judicial y un aviso de 5 d\u00edas para desalojar. Se le notificar\u00e1 la fecha y la hora en que se llevar\u00e1 a cabo el desalojo. Usted, o su agente designado, debe encontrarse con el alguacil en el lugar en la fecha y la hora del desalojo programado. Debe llegar unos 10 minutos antes de la hora programada. Est\u00e9 preparado para esperar hasta una hora para que llegue el alguacil. Las dificultades que ocurren durante desalojos anteriores ocasionalmente crear\u00e1n demoras imprevistas en la llegada del alguacil. Permanezca visible para el alguacil que responda... pero no se acerque a la residencia. Cuando vea llegar el coche del sheriff, ac\u00e9rquese e identif\u00edquese ante el agente. El propietario est\u00e1 obligado a facilitar el acceso a las instalaciones mediante una llave o un cerrajero. Una vez que el propietario haya tomado posesi\u00f3n de las instalaciones, se recomienda cambiar las cerraduras para evitar que los antiguos inquilinos vuelvan a entrar.<\/p><p>El agente desalojar\u00e1 a los ocupantes y entregar\u00e1 al propietario un aviso de restauraci\u00f3n firmado. Este documento sirve como prueba de que la posesi\u00f3n ha sido restaurada legalmente al propietario. Si el o los antiguos inquilinos regresan a las instalaciones sin su permiso, debe comunicarse con la polic\u00eda local o la estaci\u00f3n de patrulla del alguacil para denunciar el allanamiento. Est\u00e9 preparado para mostrar el documento de restauraci\u00f3n al agente de la ley que responda.<br \/>Si los ocupantes abandonan las instalaciones antes de la hora de cierre programada y usted desea cancelar el procedimiento de cierre formal, aceptaremos su cancelaci\u00f3n por fax o correo electr\u00f3nico. La cancelaci\u00f3n debe realizarse por escrito y estar firmada por el abogado del demandante o por el demandante (apoderado) si no hay abogado. No aceptamos cancelaciones verbales.<\/p><p><strong>Orden de compraventa<\/strong><br \/>Una orden de venta se emite con el prop\u00f3sito de vender una propiedad personal o real espec\u00edfica. Se utiliza m\u00e1s com\u00fanmente para hacer cumplir una ejecuci\u00f3n hipotecaria judicial de una hipoteca, escritura o gravamen. La propiedad se vende de conformidad con la sentencia de venta de la propiedad. Una orden de venta entregada al funcionario encargado del embargo debe ir acompa\u00f1ada de una copia certificada de la sentencia de venta.<\/p><p><strong>Aviso especial<\/strong><br \/>Entendemos que est\u00e1 ansioso por mantenerse al tanto del estado de su caso. Sin embargo, una vez que haya dejado su caso para su procesamiento, tenga paciencia. Se le informar\u00e1 cuando tengamos informaci\u00f3n para usted. En el caso de un embargo bancario o de salario, recibir\u00e1 una copia de la respuesta del banco o del empleador. En el caso de un veh\u00edculo, un cajero autom\u00e1tico o un conserje, se le informar\u00e1 por tel\u00e9fono.<\/p><p><strong>DESCARGO DE RESPONSABILIDAD<\/strong><br \/>LO ANTERIOR ES SOLO UNA GU\u00cdA Y NO DEBE INTERPRETARSE COMO ASESORAMIENTO LEGAL. ADEM\u00c1S, NO SE OFRECE GARANT\u00cdA ALGUNA EN CUANTO A LA ACTUALIDAD DE LA INFORMACI\u00d3N PRESENTADA.<\/p>\t\t\t\t\t\t\t\t<\/div>\n\t\t\t\t<\/div>\n\t\t\t\t\t<\/div>\n\t\t\t\t<\/div>\n\t\t\t\t\t<\/div>\n\t\t\t\t<\/div>\n\t\t\t\t<\/div>","protected":false},"excerpt":{"rendered":"<p>\u00a0 Forms\u00a0 |\u00a0\u00a0Frequently Asked Questions\u00a0 | Civil Forms | Civil FAQ Common Civil Processes, Orders, Levies, and Services Common Civil Processes, Orders, Levies, and Services Listed below are common civil [&hellip;]<\/p>\n","protected":false},"author":2,"featured_media":0,"parent":211,"menu_order":0,"comment_status":"closed","ping_status":"closed","template":"","meta":{"footnotes":""},"class_list":["post-12565","page","type-page","status-publish","hentry"],"_links":{"self":[{"href":"https:\/\/sheriff.venturacounty.gov\/es\/wp-json\/wp\/v2\/pages\/12565","targetHints":{"allow":["GET"]}}],"collection":[{"href":"https:\/\/sheriff.venturacounty.gov\/es\/wp-json\/wp\/v2\/pages"}],"about":[{"href":"https:\/\/sheriff.venturacounty.gov\/es\/wp-json\/wp\/v2\/types\/page"}],"author":[{"embeddable":true,"href":"https:\/\/sheriff.venturacounty.gov\/es\/wp-json\/wp\/v2\/users\/2"}],"replies":[{"embeddable":true,"href":"https:\/\/sheriff.venturacounty.gov\/es\/wp-json\/wp\/v2\/comments?post=12565"}],"version-history":[{"count":0,"href":"https:\/\/sheriff.venturacounty.gov\/es\/wp-json\/wp\/v2\/pages\/12565\/revisions"}],"up":[{"embeddable":true,"href":"https:\/\/sheriff.venturacounty.gov\/es\/wp-json\/wp\/v2\/pages\/211"}],"wp:attachment":[{"href":"https:\/\/sheriff.venturacounty.gov\/es\/wp-json\/wp\/v2\/media?parent=12565"}],"curies":[{"name":"gracias","href":"https:\/\/api.w.org\/{rel}","templated":true}]}}