{"id":12905,"date":"2024-07-16T08:18:21","date_gmt":"2024-07-16T15:18:21","guid":{"rendered":"https:\/\/sheriff.venturacounty.gov\/?page_id=12905"},"modified":"2024-08-06T13:27:46","modified_gmt":"2024-08-06T20:27:46","slug":"crisis-intervention-team","status":"publish","type":"page","link":"https:\/\/sheriff.venturacounty.gov\/es\/crisis-intervention-team\/","title":{"rendered":"Equipo de intervenci\u00f3n en crisis"},"content":{"rendered":"<p>&nbsp;<\/p>\n<p><img fetchpriority=\"high\" decoding=\"async\" class=\"wp-image-12906 aligncenter\" src=\"https:\/\/sheriff.venturacounty.gov\/wp-content\/uploads\/2024\/07\/Picture1.jpg\" alt=\"\" width=\"479\" height=\"365\" \/><\/p>\n<p>&nbsp;<\/p>\n<p>Desde 2001, el Equipo de Intervenci\u00f3n en Crisis de Aplicaci\u00f3n de la Ley del Condado de Ventura (CIT) ha sido un esfuerzo de colaboraci\u00f3n entre seis agencias policiales locales (la Oficina del Sheriff del Condado de Ventura, el Departamento de Polic\u00eda de Ventura, el Departamento de Polic\u00eda de Oxnard, el Departamento de Polic\u00eda de Simi Valley, el Departamento de Polic\u00eda de Port Hueneme y el Departamento de Polic\u00eda de Santa Paula), as\u00ed como Ventura County Behavioral Health, entidades de servicios sociales en todo el Condado de Ventura, la comunidad m\u00e9dica y el cap\u00edtulo local de la Alianza Nacional de Enfermedades Mentales (NAMI).<\/p>\n<p>&nbsp;<\/p>\n<p>A trav\u00e9s de una amplia capacitaci\u00f3n en el uso de estrategias y t\u00e9cnicas destinadas a disminuir la intensidad de una situaci\u00f3n, el Programa CIT en el Condado de Ventura ayuda a los socorristas a poder responder de manera segura a los llamados de servicio en situaciones de crisis, reducir los incidentes de uso de la fuerza y conectar compasivamente a las personas con los servicios mientras se evita el encarcelamiento.<\/p>\n<p>&nbsp;<\/p>\n<p>Si desea obtener m\u00e1s informaci\u00f3n sobre el programa CIT, comun\u00edquese con el administrador del programa CIT al 805-383-4806.<\/p>\n<p>&nbsp;<\/p>\n<p>Gracias,<\/p>\n<p>&nbsp;<\/p>","protected":false},"excerpt":{"rendered":"<p>&nbsp; &nbsp; Since 2001, the Ventura County Law Enforcement Crisis Intervention Team (CIT) has been a collaborative effort between six local law enforcement agencies (the Ventura County Sheriff\u2019s Office, Ventura [&hellip;]<\/p>\n","protected":false},"author":10,"featured_media":0,"parent":0,"menu_order":0,"comment_status":"closed","ping_status":"closed","template":"","meta":{"footnotes":""},"class_list":["post-12905","page","type-page","status-publish","hentry"],"_links":{"self":[{"href":"https:\/\/sheriff.venturacounty.gov\/es\/wp-json\/wp\/v2\/pages\/12905","targetHints":{"allow":["GET"]}}],"collection":[{"href":"https:\/\/sheriff.venturacounty.gov\/es\/wp-json\/wp\/v2\/pages"}],"about":[{"href":"https:\/\/sheriff.venturacounty.gov\/es\/wp-json\/wp\/v2\/types\/page"}],"author":[{"embeddable":true,"href":"https:\/\/sheriff.venturacounty.gov\/es\/wp-json\/wp\/v2\/users\/10"}],"replies":[{"embeddable":true,"href":"https:\/\/sheriff.venturacounty.gov\/es\/wp-json\/wp\/v2\/comments?post=12905"}],"version-history":[{"count":0,"href":"https:\/\/sheriff.venturacounty.gov\/es\/wp-json\/wp\/v2\/pages\/12905\/revisions"}],"wp:attachment":[{"href":"https:\/\/sheriff.venturacounty.gov\/es\/wp-json\/wp\/v2\/media?parent=12905"}],"curies":[{"name":"gracias","href":"https:\/\/api.w.org\/{rel}","templated":true}]}}