{"id":13696,"date":"2025-10-20T07:59:49","date_gmt":"2025-10-20T14:59:49","guid":{"rendered":"https:\/\/sheriff.venturacounty.gov\/?page_id=13696"},"modified":"2025-10-20T08:04:42","modified_gmt":"2025-10-20T15:04:42","slug":"automated-license-plate-readers","status":"publish","type":"page","link":"https:\/\/sheriff.venturacounty.gov\/es\/automated-license-plate-readers\/","title":{"rendered":"Lectores autom\u00e1ticos de matr\u00edculas"},"content":{"rendered":"<div data-elementor-type=\"wp-page\" data-elementor-id=\"13696\" class=\"elementor elementor-13696\" data-elementor-post-type=\"page\">\n\t\t\t\t<div class=\"elementor-element elementor-element-e570669 e-flex e-con-boxed e-con e-parent\" data-id=\"e570669\" data-element_type=\"container\">\n\t\t\t\t\t<div class=\"e-con-inner\">\n\t\t<div class=\"elementor-element elementor-element-5c76d6a e-con-full e-flex e-con e-child\" data-id=\"5c76d6a\" data-element_type=\"container\">\n\t\t<div class=\"elementor-element elementor-element-3c6d238 e-con-full e-flex e-con e-child\" data-id=\"3c6d238\" data-element_type=\"container\">\n\t\t<div class=\"elementor-element elementor-element-489fb77 e-con-full e-flex e-con e-child\" data-id=\"489fb77\" data-element_type=\"container\">\n\t\t\t\t<div class=\"elementor-element elementor-element-5cee685 elementor-nav-menu--dropdown-tablet elementor-nav-menu__text-align-aside elementor-nav-menu--toggle elementor-nav-menu--burger elementor-widget elementor-widget-global elementor-global-102 elementor-widget-nav-menu\" data-id=\"5cee685\" data-element_type=\"widget\" data-settings=\"{&quot;layout&quot;:&quot;vertical&quot;,&quot;submenu_icon&quot;:{&quot;value&quot;:&quot;fas fa-caret-down&quot;,&quot;library&quot;:&quot;fa-solid&quot;},&quot;toggle&quot;:&quot;burger&quot;}\" data-widget_type=\"nav-menu.default\">\n\t\t\t\t<div class=\"elementor-widget-container\">\n\t\t\t\t\t\t\t\t<nav aria-label=\"Men\u00fa\" class=\"elementor-nav-menu--main elementor-nav-menu__container elementor-nav-menu--layout-vertical e--pointer-background e--animation-fade\">\n\t\t\t\t<ul id=\"menu-1-5cee685\" class=\"elementor-nav-menu sm-vertical\"><li class=\"vMenu menu-item menu-item-type-post_type menu-item-object-page menu-item-173\"><a href=\"https:\/\/sheriff.venturacounty.gov\/es\/detention-services\/\" class=\"elementor-item\">Servicios de detenci\u00f3n<\/a><\/li>\n<li class=\"vMenu menu-item menu-item-type-post_type menu-item-object-page menu-item-177\"><a href=\"https:\/\/sheriff.venturacounty.gov\/es\/detention-services\/court-services\/\" class=\"elementor-item\">Servicios judiciales<\/a><\/li>\n<li class=\"vMenu menu-item menu-item-type-custom menu-item-object-custom menu-item-13270\"><a href=\"https:\/\/sheriff.venturacounty.gov\/es\/public-resources\/civil-process\/\" class=\"elementor-item\">Proceso Civil<\/a><\/li>\n<li class=\"vMenu menu-item menu-item-type-post_type menu-item-object-page menu-item-176\"><a href=\"https:\/\/sheriff.venturacounty.gov\/es\/detention-services\/east-county-jail\/\" class=\"elementor-item\">C\u00e1rcel del este del condado<\/a><\/li>\n<li class=\"vMenu menu-item menu-item-type-post_type menu-item-object-page menu-item-175\"><a href=\"https:\/\/sheriff.venturacounty.gov\/es\/detention-services\/pre-trial-detention-facility\/\" class=\"elementor-item\">Centro de detenci\u00f3n preventiva<\/a><\/li>\n<li class=\"vMenu menu-item menu-item-type-post_type menu-item-object-page menu-item-174\"><a href=\"https:\/\/sheriff.venturacounty.gov\/es\/detention-services\/todd-road-jail\/\" class=\"elementor-item\">C\u00e1rcel de Todd Road<\/a><\/li>\n<li class=\"vMenu menu-item menu-item-type-post_type menu-item-object-page menu-item-446\"><a href=\"https:\/\/sheriff.venturacounty.gov\/es\/health-and-programming-unit\/\" class=\"elementor-item\">Unidad de Salud y Programaci\u00f3n<\/a><\/li>\n<li class=\"vMenu menu-item menu-item-type-custom menu-item-object-custom menu-item-453\"><a target=\"_blank\" href=\"https:\/\/sheriff.venturacounty.gov\/es\/?page_id=12294&#038;preview=true\" class=\"elementor-item\">Unidad de Monitoreo Electr\u00f3nico<\/a><\/li>\n<\/ul>\t\t\t<\/nav>\n\t\t\t\t\t<div class=\"elementor-menu-toggle\" role=\"button\" tabindex=\"0\" aria-label=\"Alternar men\u00fa\" aria-expanded=\"false\">\n\t\t\t<i aria-hidden=\"true\" role=\"presentation\" class=\"elementor-menu-toggle__icon--open eicon-menu-bar\"><\/i><i aria-hidden=\"true\" role=\"presentation\" class=\"elementor-menu-toggle__icon--close eicon-close\"><\/i>\t\t<\/div>\n\t\t\t\t\t<nav class=\"elementor-nav-menu--dropdown elementor-nav-menu__container\" aria-hidden=\"true\">\n\t\t\t\t<ul id=\"menu-2-5cee685\" class=\"elementor-nav-menu sm-vertical\"><li class=\"vMenu menu-item menu-item-type-post_type menu-item-object-page menu-item-173\"><a href=\"https:\/\/sheriff.venturacounty.gov\/es\/detention-services\/\" class=\"elementor-item\" tabindex=\"-1\">Servicios de detenci\u00f3n<\/a><\/li>\n<li class=\"vMenu menu-item menu-item-type-post_type menu-item-object-page menu-item-177\"><a href=\"https:\/\/sheriff.venturacounty.gov\/es\/detention-services\/court-services\/\" class=\"elementor-item\" tabindex=\"-1\">Servicios judiciales<\/a><\/li>\n<li class=\"vMenu menu-item menu-item-type-custom menu-item-object-custom menu-item-13270\"><a href=\"https:\/\/sheriff.venturacounty.gov\/es\/public-resources\/civil-process\/\" class=\"elementor-item\" tabindex=\"-1\">Proceso Civil<\/a><\/li>\n<li class=\"vMenu menu-item menu-item-type-post_type menu-item-object-page menu-item-176\"><a href=\"https:\/\/sheriff.venturacounty.gov\/es\/detention-services\/east-county-jail\/\" class=\"elementor-item\" tabindex=\"-1\">C\u00e1rcel del este del condado<\/a><\/li>\n<li class=\"vMenu menu-item menu-item-type-post_type menu-item-object-page menu-item-175\"><a href=\"https:\/\/sheriff.venturacounty.gov\/es\/detention-services\/pre-trial-detention-facility\/\" class=\"elementor-item\" tabindex=\"-1\">Centro de detenci\u00f3n preventiva<\/a><\/li>\n<li class=\"vMenu menu-item menu-item-type-post_type menu-item-object-page menu-item-174\"><a href=\"https:\/\/sheriff.venturacounty.gov\/es\/detention-services\/todd-road-jail\/\" class=\"elementor-item\" tabindex=\"-1\">C\u00e1rcel de Todd Road<\/a><\/li>\n<li class=\"vMenu menu-item menu-item-type-post_type menu-item-object-page menu-item-446\"><a href=\"https:\/\/sheriff.venturacounty.gov\/es\/health-and-programming-unit\/\" class=\"elementor-item\" tabindex=\"-1\">Unidad de Salud y Programaci\u00f3n<\/a><\/li>\n<li class=\"vMenu menu-item menu-item-type-custom menu-item-object-custom menu-item-453\"><a target=\"_blank\" href=\"https:\/\/sheriff.venturacounty.gov\/es\/?page_id=12294&#038;preview=true\" class=\"elementor-item\" tabindex=\"-1\">Unidad de Monitoreo Electr\u00f3nico<\/a><\/li>\n<\/ul>\t\t\t<\/nav>\n\t\t\t\t\t\t<\/div>\n\t\t\t\t<\/div>\n\t\t\t\t<\/div>\n\t\t<div class=\"elementor-element elementor-element-4da1cab e-con-full e-flex e-con e-child\" data-id=\"4da1cab\" data-element_type=\"container\">\n\t\t\t\t<div class=\"elementor-element elementor-element-c8339fb elementor-widget elementor-widget-text-editor\" data-id=\"c8339fb\" data-element_type=\"widget\" data-widget_type=\"text-editor.default\">\n\t\t\t\t<div class=\"elementor-widget-container\">\n\t\t\t\t\t\t\t\t\t<p>La Oficina del Sheriff del Condado de Ventura utiliza tecnolog\u00eda de Lector Autom\u00e1tico de Matr\u00edculas (ALPR) para ayudar a localizar veh\u00edculos robados, encontrar sospechosos buscados, localizar personas desaparecidas o secuestradas y resolver delitos con mayor eficiencia. El sistema captura im\u00e1genes de matr\u00edculas y veh\u00edculos en \u00e1reas p\u00fablicas y alerta a los oficiales si una matr\u00edcula est\u00e1 relacionada con un delito o una persona desaparecida. La Oficina del Sheriff del Condado de Ventura utiliza sistemas ALPR fijos y montados en veh\u00edculos.<\/p>\n<p><\/p>\n<p>La Oficina del Sheriff del Condado de Ventura se compromete a utilizar la tecnolog\u00eda ALPR de forma legal y transparente, atendiendo as\u00ed las inquietudes comunes del p\u00fablico al respecto. Los sistemas ALPR funcionan de acuerdo con nuestra pol\u00edtica, que garantiza la protecci\u00f3n de la privacidad y la rendici\u00f3n de cuentas.<\/p>\t\t\t\t\t\t\t\t<\/div>\n\t\t\t\t<\/div>\n\t\t<div class=\"elementor-element elementor-element-e72330c e-con-full e-flex e-con e-child\" data-id=\"e72330c\" data-element_type=\"container\">\n\t\t<div class=\"elementor-element elementor-element-ece07d8 e-grid e-con-full e-con e-child\" data-id=\"ece07d8\" data-element_type=\"container\">\n\t\t\t\t<div class=\"elementor-element elementor-element-a329435 elementor-widget elementor-widget-image\" data-id=\"a329435\" data-element_type=\"widget\" data-widget_type=\"image.default\">\n\t\t\t\t<div class=\"elementor-widget-container\">\n\t\t\t\t\t\t\t\t\t\t\t\t\t\t\t\t<a href=\"https:\/\/transparency.flocksafety.com\/ventura-county-ca-so\">\n\t\t\t\t\t\t\t<img decoding=\"async\" width=\"150\" height=\"99\" src=\"https:\/\/sheriff.venturacounty.gov\/wp-content\/uploads\/2025\/10\/flock-150x99.jpg\" class=\"attachment-thumbnail size-thumbnail wp-image-13697\" alt=\"\" srcset=\"https:\/\/sheriff.venturacounty.gov\/wp-content\/uploads\/2025\/10\/flock-150x99.jpg 150w, https:\/\/sheriff.venturacounty.gov\/wp-content\/uploads\/2025\/10\/flock-18x12.jpg 18w\" sizes=\"(max-width: 150px) 100vw, 150px\" \/>\t\t\t\t\t\t\t\t<\/a>\n\t\t\t\t\t\t\t\t\t\t\t\t\t\t\t<\/div>\n\t\t\t\t<\/div>\n\t\t\t\t<div class=\"elementor-element elementor-element-fd97b96 elementor-widget elementor-widget-image\" data-id=\"fd97b96\" data-element_type=\"widget\" data-widget_type=\"image.default\">\n\t\t\t\t<div class=\"elementor-widget-container\">\n\t\t\t\t\t\t\t\t\t\t\t\t\t\t\t\t<a href=\"https:\/\/venturasheriffca.evidence.com\/alpr\/public\/policy\">\n\t\t\t\t\t\t\t<img decoding=\"async\" width=\"101\" height=\"101\" src=\"https:\/\/sheriff.venturacounty.gov\/wp-content\/uploads\/2025\/10\/axon.jpg\" class=\"attachment-thumbnail size-thumbnail wp-image-13698\" alt=\"\" srcset=\"https:\/\/sheriff.venturacounty.gov\/wp-content\/uploads\/2025\/10\/axon.jpg 101w, https:\/\/sheriff.venturacounty.gov\/wp-content\/uploads\/2025\/10\/axon-12x12.jpg 12w\" sizes=\"(max-width: 101px) 100vw, 101px\" \/>\t\t\t\t\t\t\t\t<\/a>\n\t\t\t\t\t\t\t\t\t\t\t\t\t\t\t<\/div>\n\t\t\t\t<\/div>\n\t\t\t\t<\/div>\n\t\t\t\t<\/div>\n\t\t\t\t<\/div>\n\t\t\t\t<\/div>\n\t\t\t\t<\/div>\n\t\t\t\t\t<\/div>\n\t\t\t\t<\/div>\n\t\t\t\t<\/div>","protected":false},"excerpt":{"rendered":"<p>The Ventura County Sheriff\u2019s Office uses mounted Automated License Plate Reader (ALPR) technology to aid in locating stolen cars, finding wanted suspects, locating missing or abducted persons, and solving crimes [&hellip;]<\/p>\n","protected":false},"author":10,"featured_media":0,"parent":0,"menu_order":0,"comment_status":"closed","ping_status":"closed","template":"","meta":{"footnotes":""},"class_list":["post-13696","page","type-page","status-publish","hentry"],"_links":{"self":[{"href":"https:\/\/sheriff.venturacounty.gov\/es\/wp-json\/wp\/v2\/pages\/13696","targetHints":{"allow":["GET"]}}],"collection":[{"href":"https:\/\/sheriff.venturacounty.gov\/es\/wp-json\/wp\/v2\/pages"}],"about":[{"href":"https:\/\/sheriff.venturacounty.gov\/es\/wp-json\/wp\/v2\/types\/page"}],"author":[{"embeddable":true,"href":"https:\/\/sheriff.venturacounty.gov\/es\/wp-json\/wp\/v2\/users\/10"}],"replies":[{"embeddable":true,"href":"https:\/\/sheriff.venturacounty.gov\/es\/wp-json\/wp\/v2\/comments?post=13696"}],"version-history":[{"count":0,"href":"https:\/\/sheriff.venturacounty.gov\/es\/wp-json\/wp\/v2\/pages\/13696\/revisions"}],"wp:attachment":[{"href":"https:\/\/sheriff.venturacounty.gov\/es\/wp-json\/wp\/v2\/media?parent=13696"}],"curies":[{"name":"gracias","href":"https:\/\/api.w.org\/{rel}","templated":true}]}}