{"id":172,"date":"2023-07-17T20:57:22","date_gmt":"2023-07-18T03:57:22","guid":{"rendered":"https:\/\/sheriff.venturacounty.gov\/?page_id=172"},"modified":"2026-02-03T12:12:56","modified_gmt":"2026-02-03T20:12:56","slug":"todd-road-jail","status":"publish","type":"page","link":"https:\/\/sheriff.venturacounty.gov\/es\/detention-services\/todd-road-jail\/","title":{"rendered":"C\u00e1rcel de Todd Road"},"content":{"rendered":"<div data-elementor-type=\"wp-page\" data-elementor-id=\"172\" class=\"elementor elementor-172\" data-elementor-post-type=\"page\">\n\t\t\t\t<div class=\"elementor-element elementor-element-b8a496c e-flex e-con-boxed e-con e-parent\" data-id=\"b8a496c\" data-element_type=\"container\">\n\t\t\t\t\t<div class=\"e-con-inner\">\n\t\t\t\t<div class=\"elementor-element elementor-element-a7db847 elementor-widget elementor-widget-heading\" data-id=\"a7db847\" data-element_type=\"widget\" data-widget_type=\"heading.default\">\n\t\t\t\t<div class=\"elementor-widget-container\">\n\t\t\t\t\t<h1 class=\"elementor-heading-title elementor-size-default\">C\u00e1rcel de Todd Road<\/h1>\t\t\t\t<\/div>\n\t\t\t\t<\/div>\n\t\t\t\t\t<\/div>\n\t\t\t\t<\/div>\n\t\t<div class=\"elementor-element elementor-element-d9f46dd e-flex e-con-boxed e-con e-parent\" data-id=\"d9f46dd\" data-element_type=\"container\">\n\t\t\t\t\t<div class=\"e-con-inner\">\n\t\t<div class=\"elementor-element elementor-element-485cdd4 e-con-full e-flex e-con e-child\" data-id=\"485cdd4\" data-element_type=\"container\">\n\t\t\t\t<div class=\"elementor-element elementor-element-94fe792 elementor-nav-menu--dropdown-tablet elementor-nav-menu__text-align-aside elementor-nav-menu--toggle elementor-nav-menu--burger elementor-widget elementor-widget-nav-menu\" data-id=\"94fe792\" data-element_type=\"widget\" data-settings=\"{&quot;layout&quot;:&quot;vertical&quot;,&quot;submenu_icon&quot;:{&quot;value&quot;:&quot;&lt;i class=\\&quot;fas fa-caret-down\\&quot; aria-hidden=\\&quot;true\\&quot;&gt;&lt;\\\/i&gt;&quot;,&quot;library&quot;:&quot;fa-solid&quot;},&quot;toggle&quot;:&quot;burger&quot;}\" data-widget_type=\"nav-menu.default\">\n\t\t\t\t<div class=\"elementor-widget-container\">\n\t\t\t\t\t\t\t\t<nav aria-label=\"Men\u00fa\" class=\"elementor-nav-menu--main elementor-nav-menu__container elementor-nav-menu--layout-vertical e--pointer-background e--animation-fade\">\n\t\t\t\t<ul id=\"menu-1-94fe792\" class=\"elementor-nav-menu sm-vertical\"><li class=\"vMenu menu-item menu-item-type-post_type menu-item-object-page menu-item-173\"><a href=\"https:\/\/sheriff.venturacounty.gov\/es\/detention-services\/\" class=\"elementor-item\">Servicios de detenci\u00f3n<\/a><\/li>\n<li class=\"vMenu menu-item menu-item-type-post_type menu-item-object-page menu-item-177\"><a href=\"https:\/\/sheriff.venturacounty.gov\/es\/detention-services\/court-services\/\" class=\"elementor-item\">Servicios judiciales<\/a><\/li>\n<li class=\"vMenu menu-item menu-item-type-custom menu-item-object-custom menu-item-13270\"><a href=\"https:\/\/sheriff.venturacounty.gov\/es\/public-resources\/civil-process\/\" class=\"elementor-item\">Proceso Civil<\/a><\/li>\n<li class=\"vMenu menu-item menu-item-type-post_type menu-item-object-page menu-item-176\"><a href=\"https:\/\/sheriff.venturacounty.gov\/es\/detention-services\/east-county-jail\/\" class=\"elementor-item\">C\u00e1rcel del este del condado<\/a><\/li>\n<li class=\"vMenu menu-item menu-item-type-post_type menu-item-object-page menu-item-175\"><a href=\"https:\/\/sheriff.venturacounty.gov\/es\/detention-services\/pre-trial-detention-facility\/\" class=\"elementor-item\">Centro de detenci\u00f3n preventiva<\/a><\/li>\n<li class=\"vMenu menu-item menu-item-type-post_type menu-item-object-page menu-item-174\"><a href=\"https:\/\/sheriff.venturacounty.gov\/es\/detention-services\/todd-road-jail\/\" class=\"elementor-item\">C\u00e1rcel de Todd Road<\/a><\/li>\n<li class=\"vMenu menu-item menu-item-type-post_type menu-item-object-page menu-item-446\"><a href=\"https:\/\/sheriff.venturacounty.gov\/es\/health-and-programming-unit\/\" class=\"elementor-item\">Unidad de Salud y Programaci\u00f3n<\/a><\/li>\n<li class=\"vMenu menu-item menu-item-type-custom menu-item-object-custom menu-item-453\"><a target=\"_blank\" href=\"https:\/\/sheriff.venturacounty.gov\/es\/?page_id=12294&#038;preview=true\" class=\"elementor-item\">Unidad de Monitoreo Electr\u00f3nico<\/a><\/li>\n<\/ul>\t\t\t<\/nav>\n\t\t\t\t\t<div class=\"elementor-menu-toggle\" role=\"button\" tabindex=\"0\" aria-label=\"Alternar men\u00fa\" aria-expanded=\"false\">\n\t\t\t<i aria-hidden=\"true\" role=\"presentation\" class=\"elementor-menu-toggle__icon--open eicon-menu-bar\"><\/i><i aria-hidden=\"true\" role=\"presentation\" class=\"elementor-menu-toggle__icon--close eicon-close\"><\/i>\t\t<\/div>\n\t\t\t\t\t<nav class=\"elementor-nav-menu--dropdown elementor-nav-menu__container\" aria-hidden=\"true\">\n\t\t\t\t<ul id=\"menu-2-94fe792\" class=\"elementor-nav-menu sm-vertical\"><li class=\"vMenu menu-item menu-item-type-post_type menu-item-object-page menu-item-173\"><a href=\"https:\/\/sheriff.venturacounty.gov\/es\/detention-services\/\" class=\"elementor-item\" tabindex=\"-1\">Servicios de detenci\u00f3n<\/a><\/li>\n<li class=\"vMenu menu-item menu-item-type-post_type menu-item-object-page menu-item-177\"><a href=\"https:\/\/sheriff.venturacounty.gov\/es\/detention-services\/court-services\/\" class=\"elementor-item\" tabindex=\"-1\">Servicios judiciales<\/a><\/li>\n<li class=\"vMenu menu-item menu-item-type-custom menu-item-object-custom menu-item-13270\"><a href=\"https:\/\/sheriff.venturacounty.gov\/es\/public-resources\/civil-process\/\" class=\"elementor-item\" tabindex=\"-1\">Proceso Civil<\/a><\/li>\n<li class=\"vMenu menu-item menu-item-type-post_type menu-item-object-page menu-item-176\"><a href=\"https:\/\/sheriff.venturacounty.gov\/es\/detention-services\/east-county-jail\/\" class=\"elementor-item\" tabindex=\"-1\">C\u00e1rcel del este del condado<\/a><\/li>\n<li class=\"vMenu menu-item menu-item-type-post_type menu-item-object-page menu-item-175\"><a href=\"https:\/\/sheriff.venturacounty.gov\/es\/detention-services\/pre-trial-detention-facility\/\" class=\"elementor-item\" tabindex=\"-1\">Centro de detenci\u00f3n preventiva<\/a><\/li>\n<li class=\"vMenu menu-item menu-item-type-post_type menu-item-object-page menu-item-174\"><a href=\"https:\/\/sheriff.venturacounty.gov\/es\/detention-services\/todd-road-jail\/\" class=\"elementor-item\" tabindex=\"-1\">C\u00e1rcel de Todd Road<\/a><\/li>\n<li class=\"vMenu menu-item menu-item-type-post_type menu-item-object-page menu-item-446\"><a href=\"https:\/\/sheriff.venturacounty.gov\/es\/health-and-programming-unit\/\" class=\"elementor-item\" tabindex=\"-1\">Unidad de Salud y Programaci\u00f3n<\/a><\/li>\n<li class=\"vMenu menu-item menu-item-type-custom menu-item-object-custom menu-item-453\"><a target=\"_blank\" href=\"https:\/\/sheriff.venturacounty.gov\/es\/?page_id=12294&#038;preview=true\" class=\"elementor-item\" tabindex=\"-1\">Unidad de Monitoreo Electr\u00f3nico<\/a><\/li>\n<\/ul>\t\t\t<\/nav>\n\t\t\t\t\t\t<\/div>\n\t\t\t\t<\/div>\n\t\t\t\t<\/div>\n\t\t<div class=\"elementor-element elementor-element-9a80528 e-flex e-con-boxed e-con e-child\" data-id=\"9a80528\" data-element_type=\"container\">\n\t\t\t\t\t<div class=\"e-con-inner\">\n\t\t\t\t<div class=\"elementor-element elementor-element-5dd3a47 elementor-widget elementor-widget-image\" data-id=\"5dd3a47\" data-element_type=\"widget\" data-widget_type=\"image.default\">\n\t\t\t\t<div class=\"elementor-widget-container\">\n\t\t\t\t\t\t\t\t\t\t\t\t\t\t\t<img fetchpriority=\"high\" decoding=\"async\" width=\"800\" height=\"355\" src=\"https:\/\/sheriff.venturacounty.gov\/wp-content\/uploads\/2023\/11\/DSC_9105-49-1024x455.jpg\" class=\"attachment-large size-large wp-image-12032\" alt=\"\" srcset=\"https:\/\/sheriff.venturacounty.gov\/wp-content\/uploads\/2023\/11\/DSC_9105-49-1024x455.jpg 1024w, https:\/\/sheriff.venturacounty.gov\/wp-content\/uploads\/2023\/11\/DSC_9105-49-480x213.jpg 480w, https:\/\/sheriff.venturacounty.gov\/wp-content\/uploads\/2023\/11\/DSC_9105-49-768x341.jpg 768w, https:\/\/sheriff.venturacounty.gov\/wp-content\/uploads\/2023\/11\/DSC_9105-49-1536x683.jpg 1536w, https:\/\/sheriff.venturacounty.gov\/wp-content\/uploads\/2023\/11\/DSC_9105-49-2048x910.jpg 2048w\" sizes=\"(max-width: 800px) 100vw, 800px\" \/>\t\t\t\t\t\t\t\t\t\t\t\t\t\t\t<\/div>\n\t\t\t\t<\/div>\n\t\t\t\t<div class=\"elementor-element elementor-element-e757c76 elementor-widget elementor-widget-text-editor\" data-id=\"e757c76\" data-element_type=\"widget\" data-widget_type=\"text-editor.default\">\n\t\t\t\t<div class=\"elementor-widget-container\">\n\t\t\t\t\t\t\t\t\t<p><span style=\"font-family: Aptos, sans-serif; font-size: 12pt; text-align: var(--text-align);\">En 2025, la c\u00e1rcel de Todd Road celebr\u00f3 el 30 aniversario de su apertura.<\/span>\u00a0La c\u00e1rcel de Todd Road cuenta con m\u00e1s de 185 empleados dedicados a garantizar la seguridad de las instalaciones y, al mismo tiempo, brindar una amplia variedad de servicios al personal, los visitantes y los reclusos. La capacidad nominal estatal de la instalaci\u00f3n es de 796 reclusos. La instalaci\u00f3n se enorgullece de tener un hermoso paisaje y un dise\u00f1o estilo campus.\u00a0<\/p><p>La propiedad de la c\u00e1rcel de Todd Road ha sido objeto de esfuerzos para volverse \u201cecol\u00f3gica\u201d. Los terrenos se mantienen de manera ecol\u00f3gica y respetuosa con el medio ambiente, para proteger y conservar los recursos naturales. Los campos solares, la recuperaci\u00f3n de agua, el reciclaje de alimentos y un paisaje resistente a la sequ\u00eda son algunos de los elementos del dise\u00f1o \u201cecol\u00f3gico\u201d de las instalaciones y los terrenos.<\/p><p>La c\u00e1rcel de Todd Road es la sede de los servicios para reclusos. Los servicios para reclusos ofrecen programas disponibles para los reclusos encarcelados en todas las instalaciones de la c\u00e1rcel del Sheriff. Los servicios ofrecidos incluyen programas acad\u00e9micos y vocacionales, programas de abuso de sustancias y tratamiento, planificaci\u00f3n de reinserci\u00f3n y programas religiosos. Los programas est\u00e1n orientados a los factores crimin\u00f3genos y la reestructuraci\u00f3n cognitiva conductual en un esfuerzo por reducir la reincidencia.<\/p><p>La secci\u00f3n de Servicios de Alimentos tiene una cocina de 10,000 pies cuadrados que incluye una panader\u00eda. La cocina prepara m\u00e1s de 2,500 comidas diarias. El Departamento de Lavander\u00eda brinda servicios para el Centro de Detenci\u00f3n Preventiva, la C\u00e1rcel de Todd Road, la C\u00e1rcel del Este del Condado y Work Furlough. El almac\u00e9n de la instalaci\u00f3n maneja las entregas y almacena alimentos y suministros para todas las instalaciones de la c\u00e1rcel. La secci\u00f3n de Economato maneja todas las transacciones asociadas con la entrega de art\u00edculos diversos y de higiene a los reclusos en todas las instalaciones.<\/p>\t\t\t\t\t\t\t\t<\/div>\n\t\t\t\t<\/div>\n\t\t\t\t\t<\/div>\n\t\t\t\t<\/div>\n\t\t\t\t\t<\/div>\n\t\t\t\t<\/div>\n\t\t\t\t<\/div>","protected":false},"excerpt":{"rendered":"<p>In 2025, the Todd Road Jail celebrated the 30th anniversary of its opening.\u00a0Todd Road Jail has over 185 employees dedicated to ensure the safety and security of the facility while [&hellip;]<\/p>\n","protected":false},"author":6,"featured_media":0,"parent":168,"menu_order":0,"comment_status":"closed","ping_status":"closed","template":"","meta":{"footnotes":""},"class_list":["post-172","page","type-page","status-publish","hentry"],"_links":{"self":[{"href":"https:\/\/sheriff.venturacounty.gov\/es\/wp-json\/wp\/v2\/pages\/172","targetHints":{"allow":["GET"]}}],"collection":[{"href":"https:\/\/sheriff.venturacounty.gov\/es\/wp-json\/wp\/v2\/pages"}],"about":[{"href":"https:\/\/sheriff.venturacounty.gov\/es\/wp-json\/wp\/v2\/types\/page"}],"author":[{"embeddable":true,"href":"https:\/\/sheriff.venturacounty.gov\/es\/wp-json\/wp\/v2\/users\/6"}],"replies":[{"embeddable":true,"href":"https:\/\/sheriff.venturacounty.gov\/es\/wp-json\/wp\/v2\/comments?post=172"}],"version-history":[{"count":0,"href":"https:\/\/sheriff.venturacounty.gov\/es\/wp-json\/wp\/v2\/pages\/172\/revisions"}],"up":[{"embeddable":true,"href":"https:\/\/sheriff.venturacounty.gov\/es\/wp-json\/wp\/v2\/pages\/168"}],"wp:attachment":[{"href":"https:\/\/sheriff.venturacounty.gov\/es\/wp-json\/wp\/v2\/media?parent=172"}],"curies":[{"name":"gracias","href":"https:\/\/api.w.org\/{rel}","templated":true}]}}