{"id":188,"date":"2023-07-18T14:32:49","date_gmt":"2023-07-18T21:32:49","guid":{"rendered":"https:\/\/sheriff.venturacounty.gov\/?page_id=188"},"modified":"2025-02-06T09:04:16","modified_gmt":"2025-02-06T17:04:16","slug":"ab2761","status":"publish","type":"page","link":"https:\/\/sheriff.venturacounty.gov\/es\/ab2761\/","title":{"rendered":"AB2761"},"content":{"rendered":"<div data-elementor-type=\"wp-page\" data-elementor-id=\"188\" class=\"elementor elementor-188\" data-elementor-post-type=\"page\">\n\t\t\t\t<div class=\"elementor-element elementor-element-b8a496c e-flex e-con-boxed e-con e-parent\" data-id=\"b8a496c\" data-element_type=\"container\">\n\t\t\t\t\t<div class=\"e-con-inner\">\n\t\t\t\t<div class=\"elementor-element elementor-element-a7db847 elementor-widget elementor-widget-heading\" data-id=\"a7db847\" data-element_type=\"widget\" data-widget_type=\"heading.default\">\n\t\t\t\t<div class=\"elementor-widget-container\">\n\t\t\t\t\t<h1 class=\"elementor-heading-title elementor-size-default\">AB2761<\/h1>\t\t\t\t<\/div>\n\t\t\t\t<\/div>\n\t\t\t\t\t<\/div>\n\t\t\t\t<\/div>\n\t\t<div class=\"elementor-element elementor-element-d9f46dd e-flex e-con-boxed e-con e-parent\" data-id=\"d9f46dd\" data-element_type=\"container\">\n\t\t\t\t\t<div class=\"e-con-inner\">\n\t\t<div class=\"elementor-element elementor-element-485cdd4 e-con-full e-flex e-con e-child\" data-id=\"485cdd4\" data-element_type=\"container\">\n\t\t\t\t<div class=\"elementor-element elementor-element-94fe792 elementor-nav-menu--dropdown-tablet elementor-nav-menu__text-align-aside elementor-nav-menu--toggle elementor-nav-menu--burger elementor-widget elementor-widget-nav-menu\" data-id=\"94fe792\" data-element_type=\"widget\" data-settings=\"{&quot;layout&quot;:&quot;vertical&quot;,&quot;submenu_icon&quot;:{&quot;value&quot;:&quot;&lt;i class=\\&quot;fas fa-caret-down\\&quot; aria-hidden=\\&quot;true\\&quot;&gt;&lt;\\\/i&gt;&quot;,&quot;library&quot;:&quot;fa-solid&quot;},&quot;toggle&quot;:&quot;burger&quot;}\" data-widget_type=\"nav-menu.default\">\n\t\t\t\t<div class=\"elementor-widget-container\">\n\t\t\t\t\t\t\t\t<nav aria-label=\"Men\u00fa\" class=\"elementor-nav-menu--main elementor-nav-menu__container elementor-nav-menu--layout-vertical e--pointer-background e--animation-fade\">\n\t\t\t\t<ul id=\"menu-1-94fe792\" class=\"elementor-nav-menu sm-vertical\"><li class=\"vMenu menu-item menu-item-type-post_type menu-item-object-page menu-item-203\"><a href=\"https:\/\/sheriff.venturacounty.gov\/es\/policies\/\" class=\"elementor-item\">Pol\u00edticas<\/a><\/li>\n<li class=\"vMenu menu-item menu-item-type-post_type menu-item-object-page menu-item-202\"><a href=\"https:\/\/sheriff.venturacounty.gov\/es\/ab748\/\" class=\"elementor-item\">AB748<\/a><\/li>\n<li class=\"vMenu menu-item menu-item-type-post_type menu-item-object-page menu-item-201\"><a href=\"https:\/\/sheriff.venturacounty.gov\/es\/ab2761\/\" class=\"elementor-item\">AB2761<\/a><\/li>\n<li class=\"vMenu menu-item menu-item-type-post_type menu-item-object-page menu-item-200\"><a href=\"https:\/\/sheriff.venturacounty.gov\/es\/ab481\/\" class=\"elementor-item\">AB481<\/a><\/li>\n<li class=\"vMenu menu-item menu-item-type-post_type menu-item-object-page menu-item-199\"><a href=\"https:\/\/sheriff.venturacounty.gov\/es\/sb1421\/\" class=\"elementor-item\">SB1421<\/a><\/li>\n<li class=\"vMenu menu-item menu-item-type-post_type menu-item-object-page menu-item-198\"><a href=\"https:\/\/sheriff.venturacounty.gov\/es\/citizen-complaint-form\/\" class=\"elementor-item\">Formulario de queja ciudadana<\/a><\/li>\n<li class=\"vMenu menu-item menu-item-type-custom menu-item-object-custom menu-item-13397\"><a href=\"https:\/\/sheriff.venturacounty.gov\/es\/citizen-commendation\/\" class=\"elementor-item\">Formulario de recomendaci\u00f3n ciudadana<\/a><\/li>\n<li class=\"vMenu menu-item menu-item-type-post_type menu-item-object-page menu-item-197\"><a href=\"https:\/\/sheriff.venturacounty.gov\/es\/faq\/\" class=\"elementor-item\">Preguntas frecuentes<\/a><\/li>\n<li class=\"vMenu menu-item menu-item-type-post_type menu-item-object-page menu-item-195\"><a href=\"https:\/\/sheriff.venturacounty.gov\/es\/transparency-dashboard\/\" class=\"elementor-item\">Paneles de transparencia<\/a><\/li>\n<li class=\"vMenu menu-item menu-item-type-custom menu-item-object-custom menu-item-208\"><a target=\"_blank\" href=\"https:\/\/sheriff.venturacounty.gov\/wp-content\/uploads\/2023\/10\/Hiring-Training-Reporting-and-Accountability-A-VCSO-Overview-1.pdf\" class=\"elementor-item\">Descripci\u00f3n general de VCSO<\/a><\/li>\n<\/ul>\t\t\t<\/nav>\n\t\t\t\t\t<div class=\"elementor-menu-toggle\" role=\"button\" tabindex=\"0\" aria-label=\"Alternar men\u00fa\" aria-expanded=\"false\">\n\t\t\t<i aria-hidden=\"true\" role=\"presentation\" class=\"elementor-menu-toggle__icon--open eicon-menu-bar\"><\/i><i aria-hidden=\"true\" role=\"presentation\" class=\"elementor-menu-toggle__icon--close eicon-close\"><\/i>\t\t<\/div>\n\t\t\t\t\t<nav class=\"elementor-nav-menu--dropdown elementor-nav-menu__container\" aria-hidden=\"true\">\n\t\t\t\t<ul id=\"menu-2-94fe792\" class=\"elementor-nav-menu sm-vertical\"><li class=\"vMenu menu-item menu-item-type-post_type menu-item-object-page menu-item-203\"><a href=\"https:\/\/sheriff.venturacounty.gov\/es\/policies\/\" class=\"elementor-item\" tabindex=\"-1\">Pol\u00edticas<\/a><\/li>\n<li class=\"vMenu menu-item menu-item-type-post_type menu-item-object-page menu-item-202\"><a href=\"https:\/\/sheriff.venturacounty.gov\/es\/ab748\/\" class=\"elementor-item\" tabindex=\"-1\">AB748<\/a><\/li>\n<li class=\"vMenu menu-item menu-item-type-post_type menu-item-object-page menu-item-201\"><a href=\"https:\/\/sheriff.venturacounty.gov\/es\/ab2761\/\" class=\"elementor-item\" tabindex=\"-1\">AB2761<\/a><\/li>\n<li class=\"vMenu menu-item menu-item-type-post_type menu-item-object-page menu-item-200\"><a href=\"https:\/\/sheriff.venturacounty.gov\/es\/ab481\/\" class=\"elementor-item\" tabindex=\"-1\">AB481<\/a><\/li>\n<li class=\"vMenu menu-item menu-item-type-post_type menu-item-object-page menu-item-199\"><a href=\"https:\/\/sheriff.venturacounty.gov\/es\/sb1421\/\" class=\"elementor-item\" tabindex=\"-1\">SB1421<\/a><\/li>\n<li class=\"vMenu menu-item menu-item-type-post_type menu-item-object-page menu-item-198\"><a href=\"https:\/\/sheriff.venturacounty.gov\/es\/citizen-complaint-form\/\" class=\"elementor-item\" tabindex=\"-1\">Formulario de queja ciudadana<\/a><\/li>\n<li class=\"vMenu menu-item menu-item-type-custom menu-item-object-custom menu-item-13397\"><a href=\"https:\/\/sheriff.venturacounty.gov\/es\/citizen-commendation\/\" class=\"elementor-item\" tabindex=\"-1\">Formulario de recomendaci\u00f3n ciudadana<\/a><\/li>\n<li class=\"vMenu menu-item menu-item-type-post_type menu-item-object-page menu-item-197\"><a href=\"https:\/\/sheriff.venturacounty.gov\/es\/faq\/\" class=\"elementor-item\" tabindex=\"-1\">Preguntas frecuentes<\/a><\/li>\n<li class=\"vMenu menu-item menu-item-type-post_type menu-item-object-page menu-item-195\"><a href=\"https:\/\/sheriff.venturacounty.gov\/es\/transparency-dashboard\/\" class=\"elementor-item\" tabindex=\"-1\">Paneles de transparencia<\/a><\/li>\n<li class=\"vMenu menu-item menu-item-type-custom menu-item-object-custom menu-item-208\"><a target=\"_blank\" href=\"https:\/\/sheriff.venturacounty.gov\/wp-content\/uploads\/2023\/10\/Hiring-Training-Reporting-and-Accountability-A-VCSO-Overview-1.pdf\" class=\"elementor-item\" tabindex=\"-1\">Descripci\u00f3n general de VCSO<\/a><\/li>\n<\/ul>\t\t\t<\/nav>\n\t\t\t\t\t\t<\/div>\n\t\t\t\t<\/div>\n\t\t\t\t<\/div>\n\t\t<div class=\"elementor-element elementor-element-9a80528 e-flex e-con-boxed e-con e-child\" data-id=\"9a80528\" data-element_type=\"container\">\n\t\t\t\t\t<div class=\"e-con-inner\">\n\t\t\t\t<div class=\"elementor-element elementor-element-e757c76 elementor-widget elementor-widget-text-editor\" data-id=\"e757c76\" data-element_type=\"widget\" data-widget_type=\"text-editor.default\">\n\t\t\t\t<div class=\"elementor-widget-container\">\n\t\t\t\t\t\t\t\t\t<h2 role=\"heading\" data-uw-rm-heading=\"level\" aria-level=\"1\">INFORME AB 2761<\/h2>\n<p><strong>Informe de muerte bajo custodia seg\u00fan el C\u00f3digo Penal 10008\/Proyecto de ley 2761 de la Asamblea<\/strong><br>A partir del 1 de enero de 2023, si se produce una muerte mientras una persona est\u00e1 detenida, este proyecto de ley exigir\u00eda que la agencia con jurisdicci\u00f3n sobre el centro penitenciario estatal o local con responsabilidad de custodia de la persona publique informaci\u00f3n espec\u00edfica, incluida la instalaci\u00f3n y la ubicaci\u00f3n dentro de esa instalaci\u00f3n donde ocurri\u00f3 la muerte y la edad, raza y g\u00e9nero del difunto, en su sitio web de Internet dentro de los 10 d\u00edas posteriores a la muerte. El proyecto de ley otorgar\u00eda a una agencia 10 d\u00edas adicionales para hacer esfuerzos de buena fe para notificar a los parientes m\u00e1s cercanos si la agencia busca notificar a los parientes m\u00e1s cercanos y no puede hacerlo dentro de los 10 d\u00edas posteriores a la muerte. Si cambia alguna informaci\u00f3n sobre la muerte, el proyecto de ley tambi\u00e9n exigir\u00eda que la agencia actualice la publicaci\u00f3n dentro de los 30 d\u00edas posteriores al cambio.<\/p>\n<p><strong>PC10008<\/strong><br>(a) Cuando una persona que se encuentra bajo custodia muere, la agencia con jurisdicci\u00f3n sobre el establecimiento correccional estatal o local con responsabilidad de custodia de la persona en el momento de su muerte deber\u00e1, de conformidad con los requisitos de informes de conformidad con la Secci\u00f3n 12525 del C\u00f3digo de Gobierno, publicar todo lo siguiente en su sitio web de Internet:<br>(1) El nombre completo de la agencia con responsabilidad de custodia en el momento de la muerte.<br>(2) El condado en el que ocurri\u00f3 la muerte.<br>(3) La instalaci\u00f3n en la que ocurri\u00f3 la muerte y el lugar dentro de esa instalaci\u00f3n donde ocurri\u00f3 la muerte.<br>(4) La raza, el g\u00e9nero y la edad del difunto.<br>(5) La fecha en que ocurri\u00f3 el fallecimiento.<br>(6) El estado de custodia del difunto, incluyendo, pero no limitado a, si la persona estaba esperando comparecencia, esperando juicio o encarcelada.<br>(7) La manera y los medios de la muerte.<br>(b) (1) Sujeto al p\u00e1rrafo (2), la informaci\u00f3n se publicar\u00e1 para que el p\u00fablico la pueda ver en el sitio web de la agencia dentro de los 10 d\u00edas siguientes a la fecha del fallecimiento. Si se modifica alguna de las informaciones, incluyendo, entre otras, la forma y los medios del fallecimiento, la agencia actualizar\u00e1 la publicaci\u00f3n dentro de los 30 d\u00edas siguientes al cambio.<\/p>\n<table style=\"height: 191px;\" width=\"1119\">\n<thead>\n<tr>\n<th scope=\"col\">Fecha de muerte<\/th>\n<th scope=\"col\">Agencia<\/th>\n<th scope=\"col\">Condado<\/th>\n<th scope=\"col\">Instalaci\u00f3n<\/th>\n<th scope=\"col\">Lugar de la muerte<\/th>\n<th scope=\"col\">Edad<\/th>\n<th scope=\"col\">Carrera<\/th>\n<th scope=\"col\">G\u00e9nero<\/th>\n<th scope=\"col\">Estado de custodia<\/th>\n<th scope=\"col\">Manera de muerte<\/th>\n<th scope=\"col\">Medios de muerte<\/th>\n<\/tr>\n<\/thead>\n<tbody>\n<tr>\n<td>06\/04\/2023<\/td>\n<td>Oficina del Sheriff del Condado de Ventura<\/td>\n<td>Condado de Ventura<\/td>\n<td>C\u00e1rcel de Todd Road<\/td>\n<td>Unidad de vivienda C<\/td>\n<td>53<\/td>\n<td>hispano<\/td>\n<td>Femenino<\/td>\n<td>En espera de juicio<\/td>\n<td><span style=\"font-size:11.0pt;font-family:&quot;Aptos&quot;,sans-serif; mso-fareast-font-family:Aptos;mso-fareast-theme-font:minor-latin;mso-bidi-font-family: Aptos;mso-ligatures:standardcontextual;mso-ansi-language:EN-US;mso-fareast-language: EN-US;mso-bidi-language:AR-SA\">Natural<\/span><\/td>\n<td><span style=\"font-size:11.0pt;font-family:&quot;Aptos&quot;,sans-serif;mso-fareast-font-family:Aptos;mso-fareast-theme-font:minor-latin;mso-bidi-font-family:Aptos;mso-ligatures:standardcontextual;mso-ansi-language:EN-US;mso-fareast-language:EN-US;mso-bidi-language:AR-SA\">No aplicable<\/span><\/td>\n<\/tr>\n<tr>\n<td>11\/09\/2024<\/td>\n<td>Oficina del Sheriff del Condado de Ventura<\/td>\n<td>Condado de Ventura<\/td>\n<td><span style=\"font-size: 11.0pt; font-family: 'Calibri',sans-serif; mso-fareast-font-family: Aptos; mso-fareast-theme-font: minor-latin; color: #242424; mso-ansi-language: EN-US; mso-fareast-language: EN-US; mso-bidi-language: AR-SA;\">Cochran<br>Vida en comunidad \u2013 Simi Valley<\/span><\/td>\n<td><span style=\"font-size: 11.0pt; font-family: 'Calibri',sans-serif; mso-fareast-font-family: Aptos; mso-fareast-theme-font: minor-latin; color: #242424; mso-ansi-language: EN-US; mso-fareast-language: EN-US; mso-bidi-language: AR-SA;\">Simi<br>Hospital del Valle \u2013 Salud Adventista<\/span><\/td>\n<td>70<\/td>\n<td>hispano<\/td>\n<td>Masculino<\/td>\n<td>En espera de juicio<\/td>\n<td>Investigaci\u00f3n pendiente<\/td>\n<td>Investigaci\u00f3n pendiente<\/td>\n<\/tr>\n<tr>\n<td>01\/24\/2025<\/td>\n<td>Oficina del Sheriff del Condado de Ventura<\/td>\n<td>Condado de Ventura<\/td>\n<td>Hospital de Santa Paula \u2013 Santa Paula, California<\/td>\n<td><span style=\"font-size: 11.0pt; font-family: 'Calibri',sans-serif; mso-fareast-font-family: Aptos; mso-fareast-theme-font: minor-latin; color: #242424; mso-ansi-language: EN-US; mso-fareast-language: EN-US; mso-bidi-language: AR-SA;\">Hospital de Santa Paula \u2013 Santa Paula, California<\/span><\/td>\n<td>&nbsp;69<\/td>\n<td>&nbsp;Blanco<\/td>\n<td>&nbsp;Masculino<\/td>\n<td>&nbsp;Condenado<\/td>\n<td>Investigaci\u00f3n pendiente<\/td>\n<td>&nbsp;Investigaci\u00f3n pendiente<\/td>\n<\/tr>\n<tr>\n<td><\/td>\n<td><\/td>\n<td><\/td>\n<td><\/td>\n<td><\/td>\n<td><\/td>\n<td><\/td>\n<td><\/td>\n<td><\/td>\n<td><\/td>\n<td><\/td>\n<\/tr>\n<\/tbody>\n<\/table>\t\t\t\t\t\t\t\t<\/div>\n\t\t\t\t<\/div>\n\t\t\t\t\t<\/div>\n\t\t\t\t<\/div>\n\t\t\t\t\t<\/div>\n\t\t\t\t<\/div>\n\t\t\t\t<\/div>","protected":false},"excerpt":{"rendered":"<p>AB 2761 REPORTING In-custody Death Reporting per Penal Code 10008\/Assembly Bill 2761Commencing January 1, 2023, if a death occurs while a person is in custody, this bill would require the [&hellip;]<\/p>\n","protected":false},"author":6,"featured_media":0,"parent":0,"menu_order":0,"comment_status":"closed","ping_status":"closed","template":"","meta":{"footnotes":""},"class_list":["post-188","page","type-page","status-publish","hentry"],"_links":{"self":[{"href":"https:\/\/sheriff.venturacounty.gov\/es\/wp-json\/wp\/v2\/pages\/188","targetHints":{"allow":["GET"]}}],"collection":[{"href":"https:\/\/sheriff.venturacounty.gov\/es\/wp-json\/wp\/v2\/pages"}],"about":[{"href":"https:\/\/sheriff.venturacounty.gov\/es\/wp-json\/wp\/v2\/types\/page"}],"author":[{"embeddable":true,"href":"https:\/\/sheriff.venturacounty.gov\/es\/wp-json\/wp\/v2\/users\/6"}],"replies":[{"embeddable":true,"href":"https:\/\/sheriff.venturacounty.gov\/es\/wp-json\/wp\/v2\/comments?post=188"}],"version-history":[{"count":0,"href":"https:\/\/sheriff.venturacounty.gov\/es\/wp-json\/wp\/v2\/pages\/188\/revisions"}],"wp:attachment":[{"href":"https:\/\/sheriff.venturacounty.gov\/es\/wp-json\/wp\/v2\/media?parent=188"}],"curies":[{"name":"gracias","href":"https:\/\/api.w.org\/{rel}","templated":true}]}}