{"id":192,"date":"2023-07-18T14:37:27","date_gmt":"2023-07-18T21:37:27","guid":{"rendered":"https:\/\/sheriff.venturacounty.gov\/?page_id=192"},"modified":"2025-03-06T10:16:11","modified_gmt":"2025-03-06T18:16:11","slug":"faq","status":"publish","type":"page","link":"https:\/\/sheriff.venturacounty.gov\/es\/faq\/","title":{"rendered":"Preguntas frecuentes"},"content":{"rendered":"<div data-elementor-type=\"wp-page\" data-elementor-id=\"192\" class=\"elementor elementor-192\" data-elementor-post-type=\"page\">\n\t\t\t\t<div class=\"elementor-element elementor-element-b8a496c e-flex e-con-boxed e-con e-parent\" data-id=\"b8a496c\" data-element_type=\"container\">\n\t\t\t\t\t<div class=\"e-con-inner\">\n\t\t\t\t<div class=\"elementor-element elementor-element-a7db847 elementor-widget elementor-widget-heading\" data-id=\"a7db847\" data-element_type=\"widget\" data-widget_type=\"heading.default\">\n\t\t\t\t<div class=\"elementor-widget-container\">\n\t\t\t\t\t<h1 class=\"elementor-heading-title elementor-size-default\">Preguntas frecuentes<\/h1>\t\t\t\t<\/div>\n\t\t\t\t<\/div>\n\t\t\t\t\t<\/div>\n\t\t\t\t<\/div>\n\t\t<div class=\"elementor-element elementor-element-d9f46dd e-flex e-con-boxed e-con e-parent\" data-id=\"d9f46dd\" data-element_type=\"container\">\n\t\t\t\t\t<div class=\"e-con-inner\">\n\t\t<div class=\"elementor-element elementor-element-485cdd4 e-con-full e-flex e-con e-child\" data-id=\"485cdd4\" data-element_type=\"container\">\n\t\t\t\t<div class=\"elementor-element elementor-element-94fe792 elementor-nav-menu--dropdown-tablet elementor-nav-menu__text-align-aside elementor-nav-menu--toggle elementor-nav-menu--burger elementor-widget elementor-widget-nav-menu\" data-id=\"94fe792\" data-element_type=\"widget\" data-settings=\"{&quot;layout&quot;:&quot;vertical&quot;,&quot;submenu_icon&quot;:{&quot;value&quot;:&quot;&lt;i class=\\&quot;fas fa-caret-down\\&quot; aria-hidden=\\&quot;true\\&quot;&gt;&lt;\\\/i&gt;&quot;,&quot;library&quot;:&quot;fa-solid&quot;},&quot;toggle&quot;:&quot;burger&quot;}\" data-widget_type=\"nav-menu.default\">\n\t\t\t\t<div class=\"elementor-widget-container\">\n\t\t\t\t\t\t\t\t<nav aria-label=\"Men\u00fa\" class=\"elementor-nav-menu--main elementor-nav-menu__container elementor-nav-menu--layout-vertical e--pointer-background e--animation-fade\">\n\t\t\t\t<ul id=\"menu-1-94fe792\" class=\"elementor-nav-menu sm-vertical\"><li class=\"vMenu menu-item menu-item-type-post_type menu-item-object-page menu-item-203\"><a href=\"https:\/\/sheriff.venturacounty.gov\/es\/policies\/\" class=\"elementor-item\">Pol\u00edticas<\/a><\/li>\n<li class=\"vMenu menu-item menu-item-type-post_type menu-item-object-page menu-item-202\"><a href=\"https:\/\/sheriff.venturacounty.gov\/es\/ab748\/\" class=\"elementor-item\">AB748<\/a><\/li>\n<li class=\"vMenu menu-item menu-item-type-post_type menu-item-object-page menu-item-201\"><a href=\"https:\/\/sheriff.venturacounty.gov\/es\/ab2761\/\" class=\"elementor-item\">AB2761<\/a><\/li>\n<li class=\"vMenu menu-item menu-item-type-post_type menu-item-object-page menu-item-200\"><a href=\"https:\/\/sheriff.venturacounty.gov\/es\/ab481\/\" class=\"elementor-item\">AB481<\/a><\/li>\n<li class=\"vMenu menu-item menu-item-type-post_type menu-item-object-page menu-item-199\"><a href=\"https:\/\/sheriff.venturacounty.gov\/es\/sb1421\/\" class=\"elementor-item\">SB1421<\/a><\/li>\n<li class=\"vMenu menu-item menu-item-type-post_type menu-item-object-page menu-item-198\"><a href=\"https:\/\/sheriff.venturacounty.gov\/es\/citizen-complaint-form\/\" class=\"elementor-item\">Formulario de queja ciudadana<\/a><\/li>\n<li class=\"vMenu menu-item menu-item-type-custom menu-item-object-custom menu-item-13397\"><a href=\"https:\/\/sheriff.venturacounty.gov\/es\/citizen-commendation\/\" class=\"elementor-item\">Formulario de recomendaci\u00f3n ciudadana<\/a><\/li>\n<li class=\"vMenu menu-item menu-item-type-post_type menu-item-object-page menu-item-197\"><a href=\"https:\/\/sheriff.venturacounty.gov\/es\/faq\/\" class=\"elementor-item\">Preguntas frecuentes<\/a><\/li>\n<li class=\"vMenu menu-item menu-item-type-post_type menu-item-object-page menu-item-195\"><a href=\"https:\/\/sheriff.venturacounty.gov\/es\/transparency-dashboard\/\" class=\"elementor-item\">Paneles de transparencia<\/a><\/li>\n<li class=\"vMenu menu-item menu-item-type-custom menu-item-object-custom menu-item-208\"><a target=\"_blank\" href=\"https:\/\/sheriff.venturacounty.gov\/wp-content\/uploads\/2023\/10\/Hiring-Training-Reporting-and-Accountability-A-VCSO-Overview-1.pdf\" class=\"elementor-item\">Descripci\u00f3n general de VCSO<\/a><\/li>\n<\/ul>\t\t\t<\/nav>\n\t\t\t\t\t<div class=\"elementor-menu-toggle\" role=\"button\" tabindex=\"0\" aria-label=\"Alternar men\u00fa\" aria-expanded=\"false\">\n\t\t\t<i aria-hidden=\"true\" role=\"presentation\" class=\"elementor-menu-toggle__icon--open eicon-menu-bar\"><\/i><i aria-hidden=\"true\" role=\"presentation\" class=\"elementor-menu-toggle__icon--close eicon-close\"><\/i>\t\t<\/div>\n\t\t\t\t\t<nav class=\"elementor-nav-menu--dropdown elementor-nav-menu__container\" aria-hidden=\"true\">\n\t\t\t\t<ul id=\"menu-2-94fe792\" class=\"elementor-nav-menu sm-vertical\"><li class=\"vMenu menu-item menu-item-type-post_type menu-item-object-page menu-item-203\"><a href=\"https:\/\/sheriff.venturacounty.gov\/es\/policies\/\" class=\"elementor-item\" tabindex=\"-1\">Pol\u00edticas<\/a><\/li>\n<li class=\"vMenu menu-item menu-item-type-post_type menu-item-object-page menu-item-202\"><a href=\"https:\/\/sheriff.venturacounty.gov\/es\/ab748\/\" class=\"elementor-item\" tabindex=\"-1\">AB748<\/a><\/li>\n<li class=\"vMenu menu-item menu-item-type-post_type menu-item-object-page menu-item-201\"><a href=\"https:\/\/sheriff.venturacounty.gov\/es\/ab2761\/\" class=\"elementor-item\" tabindex=\"-1\">AB2761<\/a><\/li>\n<li class=\"vMenu menu-item menu-item-type-post_type menu-item-object-page menu-item-200\"><a href=\"https:\/\/sheriff.venturacounty.gov\/es\/ab481\/\" class=\"elementor-item\" tabindex=\"-1\">AB481<\/a><\/li>\n<li class=\"vMenu menu-item menu-item-type-post_type menu-item-object-page menu-item-199\"><a href=\"https:\/\/sheriff.venturacounty.gov\/es\/sb1421\/\" class=\"elementor-item\" tabindex=\"-1\">SB1421<\/a><\/li>\n<li class=\"vMenu menu-item menu-item-type-post_type menu-item-object-page menu-item-198\"><a href=\"https:\/\/sheriff.venturacounty.gov\/es\/citizen-complaint-form\/\" class=\"elementor-item\" tabindex=\"-1\">Formulario de queja ciudadana<\/a><\/li>\n<li class=\"vMenu menu-item menu-item-type-custom menu-item-object-custom menu-item-13397\"><a href=\"https:\/\/sheriff.venturacounty.gov\/es\/citizen-commendation\/\" class=\"elementor-item\" tabindex=\"-1\">Formulario de recomendaci\u00f3n ciudadana<\/a><\/li>\n<li class=\"vMenu menu-item menu-item-type-post_type menu-item-object-page menu-item-197\"><a href=\"https:\/\/sheriff.venturacounty.gov\/es\/faq\/\" class=\"elementor-item\" tabindex=\"-1\">Preguntas frecuentes<\/a><\/li>\n<li class=\"vMenu menu-item menu-item-type-post_type menu-item-object-page menu-item-195\"><a href=\"https:\/\/sheriff.venturacounty.gov\/es\/transparency-dashboard\/\" class=\"elementor-item\" tabindex=\"-1\">Paneles de transparencia<\/a><\/li>\n<li class=\"vMenu menu-item menu-item-type-custom menu-item-object-custom menu-item-208\"><a target=\"_blank\" href=\"https:\/\/sheriff.venturacounty.gov\/wp-content\/uploads\/2023\/10\/Hiring-Training-Reporting-and-Accountability-A-VCSO-Overview-1.pdf\" class=\"elementor-item\" tabindex=\"-1\">Descripci\u00f3n general de VCSO<\/a><\/li>\n<\/ul>\t\t\t<\/nav>\n\t\t\t\t\t\t<\/div>\n\t\t\t\t<\/div>\n\t\t\t\t<\/div>\n\t\t<div class=\"elementor-element elementor-element-9a80528 e-flex e-con-boxed e-con e-child\" data-id=\"9a80528\" data-element_type=\"container\">\n\t\t\t\t\t<div class=\"e-con-inner\">\n\t\t\t\t<div class=\"elementor-element elementor-element-e757c76 elementor-widget elementor-widget-text-editor\" data-id=\"e757c76\" data-element_type=\"widget\" data-widget_type=\"text-editor.default\">\n\t\t\t\t<div class=\"elementor-widget-container\">\n\t\t\t\t\t\t\t\t\t<p><strong>Preguntas frecuentes<\/strong><\/p><p><strong>\u00bfQu\u00e9 capacitaci\u00f3n reciben los agentes del Sheriff del Condado de Ventura sobre prejuicios raciales, discriminaci\u00f3n y acoso?<\/strong> Los agentes reciben 30 horas de capacitaci\u00f3n obligatoria durante los siete meses que dura la academia b\u00e1sica sobre diversidad cultural y discriminaci\u00f3n. A lo largo de su carrera, los agentes reciben varios cursos obligatorios actualizados sobre temas como actuaci\u00f3n policial basada en prejuicios, discriminaci\u00f3n y acoso sexual, desarrollo de la competencia cultural y la inclusi\u00f3n, y deben revisar las pol\u00edticas del departamento sobre conducta y \u00e9tica, uso de la fuerza, incidentes cr\u00edticos, persecuciones de veh\u00edculos, actuaci\u00f3n policial basada en prejuicios, delitos motivados por el odio y acoso discriminatorio todos los a\u00f1os.<\/p><p><strong>\u00bfEst\u00e1n capacitados los agentes del sheriff del condado de Ventura para reducir la tensi\u00f3n en las situaciones mediante estrategias de resoluci\u00f3n pac\u00edfica de conflictos?<\/strong> S\u00ed. Esta capacitaci\u00f3n comienza durante la academia y contin\u00faa con la capacitaci\u00f3n obligatoria actualizada que se lleva a cabo a lo largo de la carrera de los agentes. Las t\u00e9cnicas de desescalada tambi\u00e9n se enfatizan durante la capacitaci\u00f3n sobre arresto y control y la capacitaci\u00f3n sobre opciones de fuerza, que se llevan a cabo al menos cada dos a\u00f1os para todos los agentes. Adem\u00e1s, m\u00e1s del 92% de nuestros agentes de patrulla reciben capacitaci\u00f3n en Intervenci\u00f3n en Crisis, que pone un fuerte \u00e9nfasis en las t\u00e9cnicas de desescalada.<\/p><p><strong>\u00bfEst\u00e1 permitido que los agentes del sheriff del condado de Ventura utilicen la t\u00e9cnica de control de la car\u00f3tida?<\/strong> No. Hasta hace poco, la sujeci\u00f3n de la car\u00f3tida estaba permitida como un m\u00e9todo eficaz para inmovilizar a individuos violentos o combativos. Nuestra pol\u00edtica ha cambiado de acuerdo con la decisi\u00f3n de la Comisi\u00f3n de California sobre Normas y Capacitaci\u00f3n de Agentes de Paz (POST) de no certificar m\u00e1s la sujeci\u00f3n de la car\u00f3tida como parte de la capacitaci\u00f3n de los agentes de paz en California.<\/p><p><strong>\u00bfEst\u00e1 permitido atar cerdos?<\/strong> No, a los agentes no se les permite atar a personas y se les ense\u00f1a a prevenir la asfixia posicional. No se les permite transportar a los presos en posici\u00f3n boca abajo.<\/p><p><strong>\u00bfEst\u00e1n obligados los agentes del sheriff del condado de Ventura a intervenir si presencian que otro oficial utiliza fuerza excesiva?<\/strong> S\u00ed. Tienen el deber de proteger a todas las personas y evitar conductas il\u00edcitas por parte de cualquier persona, incluidos sus subordinados, pares y supervisores en la aplicaci\u00f3n de la ley.<\/p><p><strong>\u00bfSer\u00e1n reprendidos los oficiales si no intervienen?<\/strong> S\u00ed. La falta de intervenci\u00f3n podr\u00eda dar lugar a medidas disciplinarias graves, que pueden incluir el despido.<\/p><p>300.2.1 DEBER DE INTERCEDER<\/p><p>Todo agente que observe a otro agente utilizando una fuerza que claramente excede la que es objetivamente razonable en las circunstancias deber\u00e1, cuando est\u00e9 en condiciones de hacerlo, interceder para impedir el uso de una fuerza irrazonable. Un agente que observe a otro empleado utilizar una fuerza que exceda el grado de fuerza permitido por la ley debe informar de inmediato estas observaciones a un supervisor.<\/p><p><strong>\u00bfTienen prohibido los agentes del sheriff del condado de Ventura disparar a veh\u00edculos en movimiento?<\/strong> No. Disparar a veh\u00edculos en movimiento a veces no es eficaz y nuestra pol\u00edtica lo desaconseja. Sin embargo, hay situaciones en las que puede ser apropiado hacerlo. Por ejemplo: si una persona conduce un veh\u00edculo y dispara desde el veh\u00edculo en movimiento a una o m\u00e1s personas. Otro ejemplo es cuando alguien usa un veh\u00edculo como arma para atropellar a una persona o para chocar contra una multitud (varios ejemplos de actos terroristas conocidos). Un agente puede estar en condiciones de usar fuerza letal para poner fin a esos encuentros.<\/p><p><strong>\u00bfExiste una pol\u00edtica clara sobre el uso de la fuerza?<\/strong> S\u00ed, se puede encontrar aqu\u00ed:<\/p><p><a href=\"https:\/\/sheriff.venturacounty.gov\/es\/public-resources\/policy-manuals\/\">https:\/\/sheriff.venturacounty.gov\/public-resources\/policy-manuals\/\u00a0<\/a><\/p><p><strong>\u00bfEst\u00e1n obligados los agentes del sheriff del condado de Ventura a agotar todas las dem\u00e1s opciones posibles antes de usar la fuerza?<\/strong> No. Algunas situaciones requieren una acci\u00f3n inmediata, como cuando alguien lo confronta con un arma de fuego u otra arma letal. En tal situaci\u00f3n, es posible que un agente no tenga tiempo de utilizar otras opciones antes de usar la fuerza letal.<\/p><p><strong>\u00bfEst\u00e1n obligados los agentes del sheriff del condado de Ventura a dar una advertencia verbal a las personas antes de sacar su arma o usar la fuerza?<\/strong> No. Los agentes deben dar advertencias siempre que sea posible, pero no todas las situaciones permiten darlas o entablar un di\u00e1logo. A veces, los agentes se enfrentan a situaciones que requieren una respuesta inmediata con fuerza menos letal o letal. Por ejemplo, alguien inmediatamente apunta con un arma a un agente o corre hacia \u00e9l con un cuchillo u otra arma letal. Es posible que no haya tiempo para dar una advertencia antes de usar la fuerza.<\/p><p><strong>\u00bfEst\u00e1n obligados los agentes del sheriff del condado de Ventura a redactar un informe cada vez que emplean la fuerza?<\/strong> S\u00ed. Todo uso de la fuerza requiere una documentaci\u00f3n exhaustiva. Adem\u00e1s, cada uso de la fuerza debe ser revisado por un supervisor para garantizar el cumplimiento de la ley y las pol\u00edticas de la agencia. Esa revisi\u00f3n implica leer todos los informes relacionados con el incidente y revisar todas las grabaciones de las c\u00e1maras corporales. Todas las revisiones del uso de la fuerza se env\u00edan al capit\u00e1n de \u00e1rea para un examen m\u00e1s detallado. La oficina del alguacil tambi\u00e9n tiene un comit\u00e9 de uso de la fuerza compuesto por expertos en t\u00e1cticas y capacitaci\u00f3n de las fuerzas del orden que se re\u00fane trimestralmente para revisar los incidentes que involucran el uso de la fuerza para evaluar las pr\u00e1cticas actuales, la capacitaci\u00f3n, las t\u00e1cticas y la documentaci\u00f3n adecuada. Esto significa que la forma en que capacitamos y la forma en que manejamos las situaciones en el campo est\u00e1n constantemente bajo revisi\u00f3n, y se realizan cambios para mejorar la forma en que interactuamos con el p\u00fablico para garantizar la seguridad de los agentes y las personas con las que se comunican.<\/p><p><strong>\u00bfLos agentes del Sheriff del Condado de Ventura son examinados exhaustivamente para garantizar que no tengan antecedentes de abuso, racismo, xenofobia, homofobia\/transfobia o discriminaci\u00f3n?<\/strong> S\u00ed. Hacemos todo lo posible para evaluar a los candidatos, quienes deben pasar por una extensa investigaci\u00f3n de antecedentes y pruebas antes de ser considerados para un nombramiento en la academia para comenzar su capacitaci\u00f3n. El proceso de evaluaci\u00f3n no solo incluye una prueba de agilidad f\u00edsica y escrita, sino que tambi\u00e9n incluye un extenso proceso de evaluaci\u00f3n de antecedentes que incluye pruebas de pol\u00edgrafo, psicol\u00f3gicas y m\u00e9dicas. La evaluaci\u00f3n de antecedentes eval\u00faa una serie de dimensiones como el car\u00e1cter moral, el manejo del estr\u00e9s y la adversidad, los h\u00e1bitos de trabajo, las interacciones con los dem\u00e1s, adem\u00e1s del intelecto del candidato. Como resultado, solo el 11% de los que se postulan finalmente se convierten en agentes del sheriff. Tambi\u00e9n realizamos evaluaciones de desempe\u00f1o de todos nuestros empleados anualmente.<\/p><p><strong>\u00bfLos agentes del Sheriff del Condado de Ventura est\u00e1n capacitados para actuar y buscar la atenci\u00f3n m\u00e9dica necesaria despu\u00e9s de usar la fuerza?<\/strong> S\u00ed. Los agentes est\u00e1n capacitados para realizar primeros auxilios y RCP. Tambi\u00e9n se convoca al personal de bomberos y servicios m\u00e9dicos de urgencia para que brinden atenci\u00f3n a las personas que resultan heridas cuando los agentes emplean la fuerza.<\/p><p><strong>\u00bfCu\u00e1l es el procedimiento de quejas ante el Sheriff del Condado de Ventura?<\/strong> Las quejas se pueden realizar en persona, por tel\u00e9fono o imprimiendo y enviando por correo un formulario de queja, que se puede encontrar aqu\u00ed:<\/p><p><a href=\"https:\/\/sheriff.venturacounty.gov\/es\/contact\/complaint\/\">https:\/\/sheriff.venturacounty.gov\/contact\/complaint\/<\/a><\/p><p><strong>\u00bfC\u00f3mo investiga la Oficina del Sheriff del Condado de Ventura el uso de la fuerza u otras quejas?<\/strong><\/p><p>Las denuncias son revisadas por el Capit\u00e1n de Asuntos Internos y el Comandante de Normas Profesionales y luego se asignan a un sargento para su investigaci\u00f3n. El sargento volver\u00e1 a entrevistar a la persona que present\u00f3 la denuncia si es necesario, analizar\u00e1 y revisar\u00e1 cualquier dispositivo de vigilancia, tel\u00e9fono celular, c\u00e1mara corporal o video relevante e informes escritos. El sargento intentar\u00e1 identificar y entrevistar a los testigos, revisar\u00e1 la pol\u00edtica que se viol\u00f3, examinar\u00e1 el archivo de capacitaci\u00f3n del empleado mencionado y sondear\u00e1 el \u00e1rea donde ocurri\u00f3 el evento de la denuncia si es necesario. Una vez que se re\u00fanen los hechos y la evidencia pertinente, se entrevista al empleado mencionado.<\/p><p><strong>\u00bfCu\u00e1nto tiempo tarda en investigarse una denuncia?<\/strong><\/p><p>Las investigaciones de quejas generalmente se completan dentro del a\u00f1o de haber recibido la queja o cuando un supervisor se entera de la queja. Si un empleado nombrado est\u00e1 de baja por enfermedad o hay una investigaci\u00f3n penal sobre la misma acusaci\u00f3n, el tiempo para completar la investigaci\u00f3n de la queja se suspende hasta que el empleado regrese al trabajo o se complete el caso penal.<\/p><p><strong>\u00bfC\u00f3mo se revisan los resultados de una investigaci\u00f3n de queja?<\/strong><\/p><p>Los resultados de las investigaciones de quejas son revisados por el Capit\u00e1n de Asuntos Internos y el Comandante de Normas Profesionales. Los casos de quejas que resultan en medidas disciplinarias tambi\u00e9n son revisados por un Sheriff Auxiliar y un Asesor Jur\u00eddico del Condado. Las medidas disciplinarias var\u00edan desde una reprimenda por escrito, suspensi\u00f3n de uno a catorce d\u00edas sin goce de sueldo, remoci\u00f3n de una asignaci\u00f3n especializada, degradaci\u00f3n y despido.<\/p><p><strong>\u00bfQui\u00e9n investiga las denuncias?<\/strong> Las quejas contra nuestro personal son investigadas por nuestra Oficina de Normas Profesionales. Si una queja implica una acusaci\u00f3n penal, es investigada conjuntamente por nuestra Oficina de Delitos Graves y nuestra Oficina de Normas Profesionales.<\/p><p><strong>\u00bfExiste un sistema de intervenci\u00f3n temprana para corregir a los agentes que hacen uso excesivo de la fuerza?<\/strong> S\u00ed, mediante capacitaci\u00f3n actualizada, evaluaci\u00f3n y supervisi\u00f3n. Tambi\u00e9n contamos con un sistema para hacer un seguimiento de las denuncias contra los agentes para determinar si se est\u00e1 desarrollando un patr\u00f3n en su comportamiento.<\/p><p><strong>\u00bfPueden los ciudadanos conocer el resultado de estas investigaciones?<\/strong> S\u00ed. Notificamos a la persona que present\u00f3 la denuncia y a todas las partes involucradas el resultado de la investigaci\u00f3n. Tambi\u00e9n publicamos nuestras estad\u00edsticas anuales sobre la cantidad, el tipo y el resultado de las denuncias en toda la agencia. Esta informaci\u00f3n tambi\u00e9n se comparte con el Departamento de Justicia.<\/p><p><strong>\u00bfLos agentes del sheriff del condado de Ventura utilizan c\u00e1maras corporales?<\/strong> S\u00ed, todos los agentes de patrulla y supervisores utilizan c\u00e1maras corporales.<\/p><p><strong>\u00bfLos agentes deben encender sus c\u00e1maras corporales cada vez que contactan a una persona?<\/strong><\/p><p>A menos que sea inseguro o poco pr\u00e1ctico hacerlo, o existan problemas mec\u00e1nicos que impidan el uso del dispositivo, los agentes har\u00e1n todos los esfuerzos razonables para activar su BWC antes de hacer contacto en cualquiera de los siguientes incidentes: 1. Durante cualquier contacto o actividad relacionada con la aplicaci\u00f3n de la ley donde exista una sospecha razonable de actividad delictiva o una violaci\u00f3n de la ley y se puedan tomar medidas de investigaci\u00f3n o aplicaci\u00f3n de la ley. 2. Los agentes pueden activar el BWC antes o durante cualquier otro incidente a su discreci\u00f3n, y tendr\u00e1n la libertad de finalizar la grabaci\u00f3n cuando no haya probabilidad de que se use la fuerza o ocurra cualquier otra cosa de valor probatorio.<\/p><p><strong>\u00bfTiene un ayudante del sheriff que apagar su c\u00e1mara corporal si le digo que no quiero que me grabe?<\/strong> No.<\/p><p><strong>\u00bfLa Oficina del Sheriff del Condado de Ventura utiliza sistemas de video en el autom\u00f3vil?<\/strong> No.<\/p><p><strong>\u00bfC\u00f3mo puedo presentar una solicitud de registros p\u00fablicos de California?<\/strong> Las solicitudes de registros p\u00fablicos de VCSO se pueden enviar en persona, por correo a 800 S. Victoria Ave L#3310, Ventura, CA 93009 Attn: Records o por correo electr\u00f3nico a: VCSO.PublicRecordsRequests@ventura.org.<\/p><p><strong>La forma en que se ejerce la polic\u00eda hoy en d\u00eda ha cambiado y mejorado significativamente a lo largo de los a\u00f1os, debido a una variedad de factores, entre ellos, actualizaciones de la legislaci\u00f3n, capacitaci\u00f3n, decisiones judiciales, nuevas tecnolog\u00edas y mejores pr\u00e1cticas. Todas las agencias de aplicaci\u00f3n de la ley en el estado de California deben brindar capacitaci\u00f3n integral a sus oficiales que sea coherente con la ley y con la Comisi\u00f3n de Normas y Capacitaci\u00f3n de Oficiales de Paz del estado.\u00a0<\/strong><\/p><p>\u00a0<\/p><p><a href=\"https:\/\/tocau.maps.arcgis.com\/apps\/dashboards\/9be53c8868b140388dd96b17cce0b9fd\"><strong>Panel de control de uso de la fuerza<\/strong><\/a><\/p><p>\u00a0<\/p>\t\t\t\t\t\t\t\t<\/div>\n\t\t\t\t<\/div>\n\t\t\t\t\t<\/div>\n\t\t\t\t<\/div>\n\t\t\t\t\t<\/div>\n\t\t\t\t<\/div>\n\t\t\t\t<\/div>","protected":false},"excerpt":{"rendered":"<p>Frequently Asked Questions What training do Ventura County Sheriff\u2019s deputies receive on racial bias, discrimination and harassment? Deputies receive 30 hours of mandated training during the seven-month basic academy regarding [&hellip;]<\/p>\n","protected":false},"author":6,"featured_media":0,"parent":0,"menu_order":0,"comment_status":"closed","ping_status":"closed","template":"","meta":{"footnotes":""},"class_list":["post-192","page","type-page","status-publish","hentry"],"_links":{"self":[{"href":"https:\/\/sheriff.venturacounty.gov\/es\/wp-json\/wp\/v2\/pages\/192","targetHints":{"allow":["GET"]}}],"collection":[{"href":"https:\/\/sheriff.venturacounty.gov\/es\/wp-json\/wp\/v2\/pages"}],"about":[{"href":"https:\/\/sheriff.venturacounty.gov\/es\/wp-json\/wp\/v2\/types\/page"}],"author":[{"embeddable":true,"href":"https:\/\/sheriff.venturacounty.gov\/es\/wp-json\/wp\/v2\/users\/6"}],"replies":[{"embeddable":true,"href":"https:\/\/sheriff.venturacounty.gov\/es\/wp-json\/wp\/v2\/comments?post=192"}],"version-history":[{"count":0,"href":"https:\/\/sheriff.venturacounty.gov\/es\/wp-json\/wp\/v2\/pages\/192\/revisions"}],"wp:attachment":[{"href":"https:\/\/sheriff.venturacounty.gov\/es\/wp-json\/wp\/v2\/media?parent=192"}],"curies":[{"name":"gracias","href":"https:\/\/api.w.org\/{rel}","templated":true}]}}