{"id":218,"date":"2023-07-19T15:03:59","date_gmt":"2023-07-19T22:03:59","guid":{"rendered":"https:\/\/sheriff.venturacounty.gov\/?page_id=218"},"modified":"2026-02-05T11:53:04","modified_gmt":"2026-02-05T19:53:04","slug":"human-trafficking","status":"publish","type":"page","link":"https:\/\/sheriff.venturacounty.gov\/es\/public-resources\/human-trafficking\/","title":{"rendered":"Trata de personas"},"content":{"rendered":"<div data-elementor-type=\"wp-page\" data-elementor-id=\"218\" class=\"elementor elementor-218\" data-elementor-post-type=\"page\">\n\t\t\t\t<div class=\"elementor-element elementor-element-b8a496c e-flex e-con-boxed e-con e-parent\" data-id=\"b8a496c\" data-element_type=\"container\">\n\t\t\t\t\t<div class=\"e-con-inner\">\n\t\t\t\t<div class=\"elementor-element elementor-element-a7db847 elementor-widget elementor-widget-heading\" data-id=\"a7db847\" data-element_type=\"widget\" data-widget_type=\"heading.default\">\n\t\t\t\t<div class=\"elementor-widget-container\">\n\t\t\t\t\t<h1 class=\"elementor-heading-title elementor-size-default\">Trata de personas<\/h1>\t\t\t\t<\/div>\n\t\t\t\t<\/div>\n\t\t\t\t\t<\/div>\n\t\t\t\t<\/div>\n\t\t<div class=\"elementor-element elementor-element-d9f46dd e-flex e-con-boxed e-con e-parent\" data-id=\"d9f46dd\" data-element_type=\"container\">\n\t\t\t\t\t<div class=\"e-con-inner\">\n\t\t<div class=\"elementor-element elementor-element-485cdd4 e-con-full e-flex e-con e-child\" data-id=\"485cdd4\" data-element_type=\"container\">\n\t\t\t\t<div class=\"elementor-element elementor-element-94fe792 elementor-nav-menu--dropdown-tablet elementor-nav-menu__text-align-aside elementor-nav-menu--toggle elementor-nav-menu--burger elementor-widget elementor-widget-nav-menu\" data-id=\"94fe792\" data-element_type=\"widget\" data-settings=\"{&quot;layout&quot;:&quot;vertical&quot;,&quot;submenu_icon&quot;:{&quot;value&quot;:&quot;&lt;i class=\\&quot;fas fa-caret-down\\&quot; aria-hidden=\\&quot;true\\&quot;&gt;&lt;\\\/i&gt;&quot;,&quot;library&quot;:&quot;fa-solid&quot;},&quot;toggle&quot;:&quot;burger&quot;}\" data-widget_type=\"nav-menu.default\">\n\t\t\t\t<div class=\"elementor-widget-container\">\n\t\t\t\t\t\t\t\t<nav aria-label=\"Men\u00fa\" class=\"elementor-nav-menu--main elementor-nav-menu__container elementor-nav-menu--layout-vertical e--pointer-background e--animation-fade\">\n\t\t\t\t<ul id=\"menu-1-94fe792\" class=\"elementor-nav-menu sm-vertical\"><li class=\"vMenu menu-item menu-item-type-post_type menu-item-object-page menu-item-228\"><a href=\"https:\/\/sheriff.venturacounty.gov\/es\/public-resources\/calls-for-service\/\" class=\"elementor-item\">Llamadas de servicio<\/a><\/li>\n<li class=\"vMenu menu-item menu-item-type-post_type menu-item-object-page menu-item-227\"><a href=\"https:\/\/sheriff.venturacounty.gov\/es\/public-resources\/carry-a-concealed-weapon-ccw\/\" class=\"elementor-item\">Llevar un arma oculta (CCW)<\/a><\/li>\n<li class=\"vMenu menu-item menu-item-type-post_type menu-item-object-page menu-item-225\"><a href=\"https:\/\/sheriff.venturacounty.gov\/es\/public-resources\/crimes-stats-public\/\" class=\"elementor-item\">Estad\u00edsticas de delitos\/Informaci\u00f3n p\u00fablica<\/a><\/li>\n<li class=\"vMenu menu-item menu-item-type-post_type menu-item-object-page menu-item-224\"><a href=\"https:\/\/sheriff.venturacounty.gov\/es\/public-resources\/local-law-enforcement-immigration\/\" class=\"elementor-item\">Aplicaci\u00f3n de la ley local e inmigraci\u00f3n<\/a><\/li>\n<li class=\"vMenu menu-item menu-item-type-custom menu-item-object-custom menu-item-229\"><a target=\"_blank\" href=\"https:\/\/rma.venturacounty.gov\/divisions\/operations\/medical-cannabis-regulations\/\" class=\"elementor-item\">Informaci\u00f3n sobre la marihuana<\/a><\/li>\n<li class=\"vMenu menu-item menu-item-type-post_type menu-item-object-page menu-item-222\"><a href=\"https:\/\/sheriff.venturacounty.gov\/es\/public-resources\/required-public-posting\/\" class=\"elementor-item\">Publicaci\u00f3n p\u00fablica obligatoria<\/a><\/li>\n<li class=\"vMenu menu-item menu-item-type-post_type menu-item-object-page menu-item-221\"><a href=\"https:\/\/sheriff.venturacounty.gov\/es\/public-resources\/sex-offender-information\/\" class=\"elementor-item\">Informaci\u00f3n sobre delincuentes sexuales<\/a><\/li>\n<li class=\"vMenu menu-item menu-item-type-post_type menu-item-object-page menu-item-220\"><a href=\"https:\/\/sheriff.venturacounty.gov\/es\/public-resources\/victim-notification-vine\/\" class=\"elementor-item\">Notificaci\u00f3n a las v\u00edctimas (VINE)<\/a><\/li>\n<li class=\"vMenu menu-item menu-item-type-custom menu-item-object-custom menu-item-230\"><a target=\"_blank\" href=\"http:\/\/www.venturacountycrimestoppers.org\/sitemenu.aspx?ID=375&#038;\" class=\"elementor-item\">Organizaciones de prevenci\u00f3n del delito del condado de Ventura<\/a><\/li>\n<li class=\"vMenu menu-item menu-item-type-post_type menu-item-object-page menu-item-12493\"><a href=\"https:\/\/sheriff.venturacounty.gov\/es\/public-resources\/victim-resources\/\" class=\"elementor-item\">Recursos para v\u00edctimas<\/a><\/li>\n<\/ul>\t\t\t<\/nav>\n\t\t\t\t\t<div class=\"elementor-menu-toggle\" role=\"button\" tabindex=\"0\" aria-label=\"Alternar men\u00fa\" aria-expanded=\"false\">\n\t\t\t<i aria-hidden=\"true\" role=\"presentation\" class=\"elementor-menu-toggle__icon--open eicon-menu-bar\"><\/i><i aria-hidden=\"true\" role=\"presentation\" class=\"elementor-menu-toggle__icon--close eicon-close\"><\/i>\t\t<\/div>\n\t\t\t\t\t<nav class=\"elementor-nav-menu--dropdown elementor-nav-menu__container\" aria-hidden=\"true\">\n\t\t\t\t<ul id=\"menu-2-94fe792\" class=\"elementor-nav-menu sm-vertical\"><li class=\"vMenu menu-item menu-item-type-post_type menu-item-object-page menu-item-228\"><a href=\"https:\/\/sheriff.venturacounty.gov\/es\/public-resources\/calls-for-service\/\" class=\"elementor-item\" tabindex=\"-1\">Llamadas de servicio<\/a><\/li>\n<li class=\"vMenu menu-item menu-item-type-post_type menu-item-object-page menu-item-227\"><a href=\"https:\/\/sheriff.venturacounty.gov\/es\/public-resources\/carry-a-concealed-weapon-ccw\/\" class=\"elementor-item\" tabindex=\"-1\">Llevar un arma oculta (CCW)<\/a><\/li>\n<li class=\"vMenu menu-item menu-item-type-post_type menu-item-object-page menu-item-225\"><a href=\"https:\/\/sheriff.venturacounty.gov\/es\/public-resources\/crimes-stats-public\/\" class=\"elementor-item\" tabindex=\"-1\">Estad\u00edsticas de delitos\/Informaci\u00f3n p\u00fablica<\/a><\/li>\n<li class=\"vMenu menu-item menu-item-type-post_type menu-item-object-page menu-item-224\"><a href=\"https:\/\/sheriff.venturacounty.gov\/es\/public-resources\/local-law-enforcement-immigration\/\" class=\"elementor-item\" tabindex=\"-1\">Aplicaci\u00f3n de la ley local e inmigraci\u00f3n<\/a><\/li>\n<li class=\"vMenu menu-item menu-item-type-custom menu-item-object-custom menu-item-229\"><a target=\"_blank\" href=\"https:\/\/rma.venturacounty.gov\/divisions\/operations\/medical-cannabis-regulations\/\" class=\"elementor-item\" tabindex=\"-1\">Informaci\u00f3n sobre la marihuana<\/a><\/li>\n<li class=\"vMenu menu-item menu-item-type-post_type menu-item-object-page menu-item-222\"><a href=\"https:\/\/sheriff.venturacounty.gov\/es\/public-resources\/required-public-posting\/\" class=\"elementor-item\" tabindex=\"-1\">Publicaci\u00f3n p\u00fablica obligatoria<\/a><\/li>\n<li class=\"vMenu menu-item menu-item-type-post_type menu-item-object-page menu-item-221\"><a href=\"https:\/\/sheriff.venturacounty.gov\/es\/public-resources\/sex-offender-information\/\" class=\"elementor-item\" tabindex=\"-1\">Informaci\u00f3n sobre delincuentes sexuales<\/a><\/li>\n<li class=\"vMenu menu-item menu-item-type-post_type menu-item-object-page menu-item-220\"><a href=\"https:\/\/sheriff.venturacounty.gov\/es\/public-resources\/victim-notification-vine\/\" class=\"elementor-item\" tabindex=\"-1\">Notificaci\u00f3n a las v\u00edctimas (VINE)<\/a><\/li>\n<li class=\"vMenu menu-item menu-item-type-custom menu-item-object-custom menu-item-230\"><a target=\"_blank\" href=\"http:\/\/www.venturacountycrimestoppers.org\/sitemenu.aspx?ID=375&#038;\" class=\"elementor-item\" tabindex=\"-1\">Organizaciones de prevenci\u00f3n del delito del condado de Ventura<\/a><\/li>\n<li class=\"vMenu menu-item menu-item-type-post_type menu-item-object-page menu-item-12493\"><a href=\"https:\/\/sheriff.venturacounty.gov\/es\/public-resources\/victim-resources\/\" class=\"elementor-item\" tabindex=\"-1\">Recursos para v\u00edctimas<\/a><\/li>\n<\/ul>\t\t\t<\/nav>\n\t\t\t\t\t\t<\/div>\n\t\t\t\t<\/div>\n\t\t\t\t<\/div>\n\t\t<div class=\"elementor-element elementor-element-9a80528 e-flex e-con-boxed e-con e-child\" data-id=\"9a80528\" data-element_type=\"container\">\n\t\t\t\t\t<div class=\"e-con-inner\">\n\t\t\t\t<div class=\"elementor-element elementor-element-e757c76 elementor-widget elementor-widget-text-editor\" data-id=\"e757c76\" data-element_type=\"widget\" data-widget_type=\"text-editor.default\">\n\t\t\t\t<div class=\"elementor-widget-container\">\n\t\t\t\t\t\t\t\t\t<p>El tablero de instrumentos que encontrar\u00e1 en la siguiente p\u00e1gina es una herramienta importante para la comunidad para la concientizaci\u00f3n, prevenci\u00f3n, educaci\u00f3n y acceso a recursos.<\/p>\t\t\t\t\t\t\t\t<\/div>\n\t\t\t\t<\/div>\n\t\t\t\t<div class=\"elementor-element elementor-element-2bb0d08 elementor-align-center elementor-widget elementor-widget-button\" data-id=\"2bb0d08\" data-element_type=\"widget\" data-widget_type=\"button.default\">\n\t\t\t\t<div class=\"elementor-widget-container\">\n\t\t\t\t\t\t\t\t\t<div class=\"elementor-button-wrapper\">\n\t\t\t\t\t<a class=\"elementor-button elementor-button-link elementor-size-sm\" href=\"https:\/\/tocau.maps.arcgis.com\/apps\/dashboards\/6b893be3f12c4d7dbdeb82b347e9f96d\" target=\"_blank\">\n\t\t\t\t\t\t<span class=\"elementor-button-content-wrapper\">\n\t\t\t\t\t\t\t\t\t<span class=\"elementor-button-text\">Ir al Panel de Control de Trata de Personas<\/span>\n\t\t\t\t\t<\/span>\n\t\t\t\t\t<\/a>\n\t\t\t\t<\/div>\n\t\t\t\t\t\t\t\t<\/div>\n\t\t\t\t<\/div>\n\t\t\t\t\t<\/div>\n\t\t\t\t<\/div>\n\t\t\t\t\t<\/div>\n\t\t\t\t<\/div>\n\t\t\t\t<\/div>","protected":false},"excerpt":{"rendered":"<p>El panel de control que encontrar\u00e1 en la siguiente p\u00e1gina es una herramienta importante para la comunidad en materia de concientizaci\u00f3n, prevenci\u00f3n, educaci\u00f3n y acceso a recursos. Vaya al Panel de control sobre trata de personas<\/p>","protected":false},"author":6,"featured_media":0,"parent":242,"menu_order":0,"comment_status":"closed","ping_status":"closed","template":"","meta":{"footnotes":""},"class_list":["post-218","page","type-page","status-publish","hentry"],"_links":{"self":[{"href":"https:\/\/sheriff.venturacounty.gov\/es\/wp-json\/wp\/v2\/pages\/218","targetHints":{"allow":["GET"]}}],"collection":[{"href":"https:\/\/sheriff.venturacounty.gov\/es\/wp-json\/wp\/v2\/pages"}],"about":[{"href":"https:\/\/sheriff.venturacounty.gov\/es\/wp-json\/wp\/v2\/types\/page"}],"author":[{"embeddable":true,"href":"https:\/\/sheriff.venturacounty.gov\/es\/wp-json\/wp\/v2\/users\/6"}],"replies":[{"embeddable":true,"href":"https:\/\/sheriff.venturacounty.gov\/es\/wp-json\/wp\/v2\/comments?post=218"}],"version-history":[{"count":0,"href":"https:\/\/sheriff.venturacounty.gov\/es\/wp-json\/wp\/v2\/pages\/218\/revisions"}],"up":[{"embeddable":true,"href":"https:\/\/sheriff.venturacounty.gov\/es\/wp-json\/wp\/v2\/pages\/242"}],"wp:attachment":[{"href":"https:\/\/sheriff.venturacounty.gov\/es\/wp-json\/wp\/v2\/media?parent=218"}],"curies":[{"name":"gracias","href":"https:\/\/api.w.org\/{rel}","templated":true}]}}