{"id":248,"date":"2023-07-24T07:40:52","date_gmt":"2023-07-24T14:40:52","guid":{"rendered":"https:\/\/sheriff.venturacounty.gov\/?page_id=248"},"modified":"2024-01-12T13:14:01","modified_gmt":"2024-01-12T21:14:01","slug":"reserve-deputy","status":"publish","type":"page","link":"https:\/\/sheriff.venturacounty.gov\/es\/volunteers\/reserve-deputy\/","title":{"rendered":"Diputado de reserva"},"content":{"rendered":"<div data-elementor-type=\"wp-page\" data-elementor-id=\"248\" class=\"elementor elementor-248\" data-elementor-post-type=\"page\">\n\t\t\t\t<div class=\"elementor-element elementor-element-b8a496c e-flex e-con-boxed e-con e-parent\" data-id=\"b8a496c\" data-element_type=\"container\">\n\t\t\t\t\t<div class=\"e-con-inner\">\n\t\t\t\t<div class=\"elementor-element elementor-element-a7db847 elementor-widget elementor-widget-heading\" data-id=\"a7db847\" data-element_type=\"widget\" data-widget_type=\"heading.default\">\n\t\t\t\t<div class=\"elementor-widget-container\">\n\t\t\t\t\t<h1 class=\"elementor-heading-title elementor-size-default\">Diputado de reserva<\/h1>\t\t\t\t<\/div>\n\t\t\t\t<\/div>\n\t\t\t\t\t<\/div>\n\t\t\t\t<\/div>\n\t\t<div class=\"elementor-element elementor-element-d9f46dd e-flex e-con-boxed e-con e-parent\" data-id=\"d9f46dd\" data-element_type=\"container\">\n\t\t\t\t\t<div class=\"e-con-inner\">\n\t\t<div class=\"elementor-element elementor-element-485cdd4 e-con-full e-flex e-con e-child\" data-id=\"485cdd4\" data-element_type=\"container\">\n\t\t\t\t<div class=\"elementor-element elementor-element-94fe792 elementor-nav-menu--dropdown-tablet elementor-nav-menu__text-align-aside elementor-nav-menu--toggle elementor-nav-menu--burger elementor-widget elementor-widget-nav-menu\" data-id=\"94fe792\" data-element_type=\"widget\" data-settings=\"{&quot;layout&quot;:&quot;vertical&quot;,&quot;submenu_icon&quot;:{&quot;value&quot;:&quot;&lt;i class=\\&quot;fas fa-caret-down\\&quot; aria-hidden=\\&quot;true\\&quot;&gt;&lt;\\\/i&gt;&quot;,&quot;library&quot;:&quot;fa-solid&quot;},&quot;toggle&quot;:&quot;burger&quot;}\" data-widget_type=\"nav-menu.default\">\n\t\t\t\t<div class=\"elementor-widget-container\">\n\t\t\t\t\t\t\t\t<nav aria-label=\"Men\u00fa\" class=\"elementor-nav-menu--main elementor-nav-menu__container elementor-nav-menu--layout-vertical e--pointer-background e--animation-fade\">\n\t\t\t\t<ul id=\"menu-1-94fe792\" class=\"elementor-nav-menu sm-vertical\"><li class=\"vMenu menu-item menu-item-type-post_type menu-item-object-page menu-item-332\"><a href=\"https:\/\/sheriff.venturacounty.gov\/es\/volunteers\/chaplain-program\/\" class=\"elementor-item\">Programa de capellan\u00eda<\/a><\/li>\n<li class=\"vMenu menu-item menu-item-type-post_type menu-item-object-page menu-item-333\"><a href=\"https:\/\/sheriff.venturacounty.gov\/es\/volunteers\/explorer-program\/\" class=\"elementor-item\">Programa Explorer<\/a><\/li>\n<li class=\"vMenu menu-item menu-item-type-post_type menu-item-object-page menu-item-334\"><a href=\"https:\/\/sheriff.venturacounty.gov\/es\/volunteers\/inmate-services\/\" class=\"elementor-item\">Servicios para reclusos<\/a><\/li>\n<li class=\"vMenu menu-item menu-item-type-post_type menu-item-object-page menu-item-335\"><a href=\"https:\/\/sheriff.venturacounty.gov\/es\/volunteers\/mounted-volunteer-patrol\/\" class=\"elementor-item\">Voluntario montado del sheriff<\/a><\/li>\n<li class=\"vMenu menu-item menu-item-type-post_type menu-item-object-page menu-item-336\"><a href=\"https:\/\/sheriff.venturacounty.gov\/es\/volunteers\/reserve-deputy\/\" class=\"elementor-item\">Diputado de reserva<\/a><\/li>\n<li class=\"vMenu menu-item menu-item-type-post_type menu-item-object-page menu-item-337\"><a href=\"https:\/\/sheriff.venturacounty.gov\/es\/volunteers\/search-rescue\/\" class=\"elementor-item\">B\u00fasqueda y rescate<\/a><\/li>\n<li class=\"vMenu menu-item menu-item-type-post_type menu-item-object-page menu-item-338\"><a href=\"https:\/\/sheriff.venturacounty.gov\/es\/volunteers\/volunteers-in-policing\/\" class=\"elementor-item\">Voluntarios en la polic\u00eda<\/a><\/li>\n<\/ul>\t\t\t<\/nav>\n\t\t\t\t\t<div class=\"elementor-menu-toggle\" role=\"button\" tabindex=\"0\" aria-label=\"Alternar men\u00fa\" aria-expanded=\"false\">\n\t\t\t<i aria-hidden=\"true\" role=\"presentation\" class=\"elementor-menu-toggle__icon--open eicon-menu-bar\"><\/i><i aria-hidden=\"true\" role=\"presentation\" class=\"elementor-menu-toggle__icon--close eicon-close\"><\/i>\t\t<\/div>\n\t\t\t\t\t<nav class=\"elementor-nav-menu--dropdown elementor-nav-menu__container\" aria-hidden=\"true\">\n\t\t\t\t<ul id=\"menu-2-94fe792\" class=\"elementor-nav-menu sm-vertical\"><li class=\"vMenu menu-item menu-item-type-post_type menu-item-object-page menu-item-332\"><a href=\"https:\/\/sheriff.venturacounty.gov\/es\/volunteers\/chaplain-program\/\" class=\"elementor-item\" tabindex=\"-1\">Programa de capellan\u00eda<\/a><\/li>\n<li class=\"vMenu menu-item menu-item-type-post_type menu-item-object-page menu-item-333\"><a href=\"https:\/\/sheriff.venturacounty.gov\/es\/volunteers\/explorer-program\/\" class=\"elementor-item\" tabindex=\"-1\">Programa Explorer<\/a><\/li>\n<li class=\"vMenu menu-item menu-item-type-post_type menu-item-object-page menu-item-334\"><a href=\"https:\/\/sheriff.venturacounty.gov\/es\/volunteers\/inmate-services\/\" class=\"elementor-item\" tabindex=\"-1\">Servicios para reclusos<\/a><\/li>\n<li class=\"vMenu menu-item menu-item-type-post_type menu-item-object-page menu-item-335\"><a href=\"https:\/\/sheriff.venturacounty.gov\/es\/volunteers\/mounted-volunteer-patrol\/\" class=\"elementor-item\" tabindex=\"-1\">Voluntario montado del sheriff<\/a><\/li>\n<li class=\"vMenu menu-item menu-item-type-post_type menu-item-object-page menu-item-336\"><a href=\"https:\/\/sheriff.venturacounty.gov\/es\/volunteers\/reserve-deputy\/\" class=\"elementor-item\" tabindex=\"-1\">Diputado de reserva<\/a><\/li>\n<li class=\"vMenu menu-item menu-item-type-post_type menu-item-object-page menu-item-337\"><a href=\"https:\/\/sheriff.venturacounty.gov\/es\/volunteers\/search-rescue\/\" class=\"elementor-item\" tabindex=\"-1\">B\u00fasqueda y rescate<\/a><\/li>\n<li class=\"vMenu menu-item menu-item-type-post_type menu-item-object-page menu-item-338\"><a href=\"https:\/\/sheriff.venturacounty.gov\/es\/volunteers\/volunteers-in-policing\/\" class=\"elementor-item\" tabindex=\"-1\">Voluntarios en la polic\u00eda<\/a><\/li>\n<\/ul>\t\t\t<\/nav>\n\t\t\t\t\t\t<\/div>\n\t\t\t\t<\/div>\n\t\t\t\t<\/div>\n\t\t<div class=\"elementor-element elementor-element-9a80528 e-flex e-con-boxed e-con e-child\" data-id=\"9a80528\" data-element_type=\"container\">\n\t\t\t\t\t<div class=\"e-con-inner\">\n\t\t\t\t<div class=\"elementor-element elementor-element-5dd3a47 elementor-widget elementor-widget-image\" data-id=\"5dd3a47\" data-element_type=\"widget\" data-widget_type=\"image.default\">\n\t\t\t\t<div class=\"elementor-widget-container\">\n\t\t\t\t\t\t\t\t\t\t\t\t\t\t\t<img fetchpriority=\"high\" decoding=\"async\" width=\"800\" height=\"355\" src=\"https:\/\/sheriff.venturacounty.gov\/wp-content\/uploads\/2023\/12\/DSC_8235-49-1024x455.jpg\" class=\"attachment-large size-large wp-image-12256\" alt=\"\" srcset=\"https:\/\/sheriff.venturacounty.gov\/wp-content\/uploads\/2023\/12\/DSC_8235-49-1024x455.jpg 1024w, https:\/\/sheriff.venturacounty.gov\/wp-content\/uploads\/2023\/12\/DSC_8235-49-480x213.jpg 480w, https:\/\/sheriff.venturacounty.gov\/wp-content\/uploads\/2023\/12\/DSC_8235-49-768x341.jpg 768w, https:\/\/sheriff.venturacounty.gov\/wp-content\/uploads\/2023\/12\/DSC_8235-49-1536x683.jpg 1536w, https:\/\/sheriff.venturacounty.gov\/wp-content\/uploads\/2023\/12\/DSC_8235-49-2048x910.jpg 2048w\" sizes=\"(max-width: 800px) 100vw, 800px\" \/>\t\t\t\t\t\t\t\t\t\t\t\t\t\t\t<\/div>\n\t\t\t\t<\/div>\n\t\t\t\t<div class=\"elementor-element elementor-element-e757c76 elementor-widget elementor-widget-text-editor\" data-id=\"e757c76\" data-element_type=\"widget\" data-widget_type=\"text-editor.default\">\n\t\t\t\t<div class=\"elementor-widget-container\">\n\t\t\t\t\t\t\t\t\t<p>La Oficina del Sheriff del Condado de Ventura est\u00e1 buscando candidatos para el puesto de Sheriff Adjunto de Reserva. La Oficina del Sheriff utiliza a los Sheriff Adjuntos de Reserva para complementar a los oficiales regulares de tiempo completo en el desempe\u00f1o de sus funciones. Los oficiales de reserva brindan recursos adicionales, respaldo y asistencia seg\u00fan sea necesario. Los oficiales de reserva tambi\u00e9n tienen la oportunidad de trabajar en una variedad de tareas y ubicaciones dentro de la jurisdicci\u00f3n de la Oficina del Sheriff.<\/p>\n<p><\/p>\n<p>Los oficiales de reserva son voluntarios que pueden trabajar tan solo 16 horas al mes y no suelen recibir una compensaci\u00f3n por el tiempo de servicio est\u00e1ndar. Las fuerzas de reserva est\u00e1n compuestas por personas que desean contribuir a la seguridad y el bienestar de su comunidad, as\u00ed como por aquellas que desean trabajar en una carrera policial. Muchas agencias de aplicaci\u00f3n de la ley consideran los m\u00e9ritos de sus oficiales de reserva experimentados para reclutarlos para puestos de tiempo completo.<\/p>\n<p><\/p>\n<p><strong>Proceso de selecci\u00f3n<\/strong><\/p>\n<p>Los solicitantes ser\u00e1n evaluados y los candidatos m\u00e1s calificados continuar\u00e1n a trav\u00e9s del proceso de examen.<\/p>\n<p><\/p>\n<p>Un investigador del sheriff se reunir\u00e1 con el candidato para realizar una entrevista de revisi\u00f3n\/selecci\u00f3n de PHS. Se elegir\u00e1 un n\u00famero seleccionado de candidatos de la lista de elegibilidad para aprobar: investigaci\u00f3n exhaustiva de antecedentes, examen de pol\u00edgrafo, ex\u00e1menes psicol\u00f3gicos y examen m\u00e9dico.<\/p>\n<p><\/p>\n<p><strong>Requisitos m\u00ednimos<\/strong><\/p>\n<p>Los candidatos deben tener al menos 21 a\u00f1os de edad al momento de presentar su solicitud.<\/p>\n<p>Diploma de escuela secundaria de EE. UU. o GED<\/p>\n<p>Posesi\u00f3n de una licencia de conducir v\u00e1lida de California<\/p>\n<p>Sin condenas por delitos graves<\/p>\n<p>Debe ser ciudadano de los Estados Unidos dentro de los tres a\u00f1os posteriores al empleo.<\/p>\n<p>Debe estar inscrito o haber completado una Academia de Reserva certificada por Est\u00e1ndares y Capacitaci\u00f3n para Oficiales de Paz (POST)<\/p>\n<p><\/p>\n<p><strong>Selecci\u00f3n despu\u00e9s del entrenamiento<\/strong><\/p>\n<p>Los oficiales de reserva son reclutados por una agencia durante y\/o despu\u00e9s de completar con \u00e9xito una Academia de Reserva certificada por los Est\u00e1ndares y Capacitaci\u00f3n para Oficiales de Paz (POST). Los reclutas deben poseer las credenciales POST, as\u00ed como aprobar los requisitos de agilidad f\u00edsica y antecedentes de la agencia de reclutamiento.<\/p>\n<p><\/p>\n<p><strong>Tareas<\/strong><\/p>\n<p>Servicio de patrulla<\/p>\n<p>Servicio de garant\u00eda<\/p>\n<p>Detalle de la bicicleta<\/p>\n<p>Fuera de la carretera<\/p>\n<p>Aplicaci\u00f3n especial<\/p>\n<p>Ecuestre<\/p>\n<p>Delitos inform\u00e1ticos<\/p>\n<p><\/p>\n<p><a href=\"https:\/\/www.governmentjobs.com\/careers\/ventura\/transferjobs\">Solicite aqu\u00ed ser un ayudante de reserva de la Oficina del Sheriff del Condado de Ventura<\/a>.<\/p>\t\t\t\t\t\t\t\t<\/div>\n\t\t\t\t<\/div>\n\t\t\t\t\t<\/div>\n\t\t\t\t<\/div>\n\t\t\t\t\t<\/div>\n\t\t\t\t<\/div>\n\t\t\t\t<\/div>","protected":false},"excerpt":{"rendered":"<p>The Ventura County Sheriff\u2019s Office is currently seeking applicants for the position of Reserve Deputy Sheriff. The Sheriff\u2019s Office utilizes Reserve Deputies to supplement regular full time deputies in the [&hellip;]<\/p>\n","protected":false},"author":6,"featured_media":0,"parent":243,"menu_order":0,"comment_status":"closed","ping_status":"closed","template":"","meta":{"footnotes":""},"class_list":["post-248","page","type-page","status-publish","hentry"],"_links":{"self":[{"href":"https:\/\/sheriff.venturacounty.gov\/es\/wp-json\/wp\/v2\/pages\/248","targetHints":{"allow":["GET"]}}],"collection":[{"href":"https:\/\/sheriff.venturacounty.gov\/es\/wp-json\/wp\/v2\/pages"}],"about":[{"href":"https:\/\/sheriff.venturacounty.gov\/es\/wp-json\/wp\/v2\/types\/page"}],"author":[{"embeddable":true,"href":"https:\/\/sheriff.venturacounty.gov\/es\/wp-json\/wp\/v2\/users\/6"}],"replies":[{"embeddable":true,"href":"https:\/\/sheriff.venturacounty.gov\/es\/wp-json\/wp\/v2\/comments?post=248"}],"version-history":[{"count":0,"href":"https:\/\/sheriff.venturacounty.gov\/es\/wp-json\/wp\/v2\/pages\/248\/revisions"}],"up":[{"embeddable":true,"href":"https:\/\/sheriff.venturacounty.gov\/es\/wp-json\/wp\/v2\/pages\/243"}],"wp:attachment":[{"href":"https:\/\/sheriff.venturacounty.gov\/es\/wp-json\/wp\/v2\/media?parent=248"}],"curies":[{"name":"gracias","href":"https:\/\/api.w.org\/{rel}","templated":true}]}}