{"id":377,"date":"2023-07-31T21:00:57","date_gmt":"2023-08-01T04:00:57","guid":{"rendered":"https:\/\/sheriff.venturacounty.gov\/?page_id=377"},"modified":"2024-02-02T17:39:50","modified_gmt":"2024-02-03T01:39:50","slug":"inmate-search","status":"publish","type":"page","link":"https:\/\/sheriff.venturacounty.gov\/es\/inmate-information\/inmate-search\/","title":{"rendered":"B\u00fasqueda de reclusos"},"content":{"rendered":"<div data-elementor-type=\"wp-page\" data-elementor-id=\"377\" class=\"elementor elementor-377\" data-elementor-post-type=\"page\">\n\t\t\t\t<div class=\"elementor-element elementor-element-b8a496c e-flex e-con-boxed e-con e-parent\" data-id=\"b8a496c\" data-element_type=\"container\">\n\t\t\t\t\t<div class=\"e-con-inner\">\n\t\t\t\t<div class=\"elementor-element elementor-element-a7db847 elementor-widget elementor-widget-heading\" data-id=\"a7db847\" data-element_type=\"widget\" data-widget_type=\"heading.default\">\n\t\t\t\t<div class=\"elementor-widget-container\">\n\t\t\t\t\t<h1 class=\"elementor-heading-title elementor-size-default\">B\u00fasqueda de reclusos<\/h1>\t\t\t\t<\/div>\n\t\t\t\t<\/div>\n\t\t\t\t\t<\/div>\n\t\t\t\t<\/div>\n\t\t<div class=\"elementor-element elementor-element-d9f46dd e-flex e-con-boxed e-con e-parent\" data-id=\"d9f46dd\" data-element_type=\"container\">\n\t\t\t\t\t<div class=\"e-con-inner\">\n\t\t<div class=\"elementor-element elementor-element-485cdd4 e-con-full e-flex e-con e-child\" data-id=\"485cdd4\" data-element_type=\"container\">\n\t\t\t\t<div class=\"elementor-element elementor-element-94fe792 elementor-nav-menu--dropdown-tablet elementor-nav-menu__text-align-aside elementor-nav-menu--toggle elementor-nav-menu--burger elementor-widget elementor-widget-nav-menu\" data-id=\"94fe792\" data-element_type=\"widget\" data-settings=\"{&quot;layout&quot;:&quot;vertical&quot;,&quot;submenu_icon&quot;:{&quot;value&quot;:&quot;&lt;i class=\\&quot;fas fa-caret-down\\&quot; aria-hidden=\\&quot;true\\&quot;&gt;&lt;\\\/i&gt;&quot;,&quot;library&quot;:&quot;fa-solid&quot;},&quot;toggle&quot;:&quot;burger&quot;}\" data-widget_type=\"nav-menu.default\">\n\t\t\t\t<div class=\"elementor-widget-container\">\n\t\t\t\t\t\t\t\t<nav aria-label=\"Men\u00fa\" class=\"elementor-nav-menu--main elementor-nav-menu__container elementor-nav-menu--layout-vertical e--pointer-background e--animation-fade\">\n\t\t\t\t<ul id=\"menu-1-94fe792\" class=\"elementor-nav-menu sm-vertical\"><li class=\"vMenu menu-item menu-item-type-post_type menu-item-object-page menu-item-12318\"><a href=\"https:\/\/sheriff.venturacounty.gov\/es\/jail-orientation-rules\/\" class=\"elementor-item\">Orientaci\u00f3n y normas de la c\u00e1rcel<\/a><\/li>\n<li class=\"vMenu menu-item menu-item-type-post_type menu-item-object-page menu-item-398\"><a href=\"https:\/\/sheriff.venturacounty.gov\/es\/inmate-information\/posting-bail\/\" class=\"elementor-item\">Pagar la fianza<\/a><\/li>\n<li class=\"vMenu menu-item menu-item-type-post_type menu-item-object-page menu-item-12317\"><a href=\"https:\/\/sheriff.venturacounty.gov\/es\/inmate-information\/inmate-search\/\" class=\"elementor-item\">B\u00fasqueda de reclusos<\/a><\/li>\n<\/ul>\t\t\t<\/nav>\n\t\t\t\t\t<div class=\"elementor-menu-toggle\" role=\"button\" tabindex=\"0\" aria-label=\"Alternar men\u00fa\" aria-expanded=\"false\">\n\t\t\t<i aria-hidden=\"true\" role=\"presentation\" class=\"elementor-menu-toggle__icon--open eicon-menu-bar\"><\/i><i aria-hidden=\"true\" role=\"presentation\" class=\"elementor-menu-toggle__icon--close eicon-close\"><\/i>\t\t<\/div>\n\t\t\t\t\t<nav class=\"elementor-nav-menu--dropdown elementor-nav-menu__container\" aria-hidden=\"true\">\n\t\t\t\t<ul id=\"menu-2-94fe792\" class=\"elementor-nav-menu sm-vertical\"><li class=\"vMenu menu-item menu-item-type-post_type menu-item-object-page menu-item-12318\"><a href=\"https:\/\/sheriff.venturacounty.gov\/es\/jail-orientation-rules\/\" class=\"elementor-item\" tabindex=\"-1\">Orientaci\u00f3n y normas de la c\u00e1rcel<\/a><\/li>\n<li class=\"vMenu menu-item menu-item-type-post_type menu-item-object-page menu-item-398\"><a href=\"https:\/\/sheriff.venturacounty.gov\/es\/inmate-information\/posting-bail\/\" class=\"elementor-item\" tabindex=\"-1\">Pagar la fianza<\/a><\/li>\n<li class=\"vMenu menu-item menu-item-type-post_type menu-item-object-page menu-item-12317\"><a href=\"https:\/\/sheriff.venturacounty.gov\/es\/inmate-information\/inmate-search\/\" class=\"elementor-item\" tabindex=\"-1\">B\u00fasqueda de reclusos<\/a><\/li>\n<\/ul>\t\t\t<\/nav>\n\t\t\t\t\t\t<\/div>\n\t\t\t\t<\/div>\n\t\t\t\t<\/div>\n\t\t<div class=\"elementor-element elementor-element-9a80528 e-flex e-con-boxed e-con e-child\" data-id=\"9a80528\" data-element_type=\"container\">\n\t\t\t\t\t<div class=\"e-con-inner\">\n\t\t\t\t<div class=\"elementor-element elementor-element-e757c76 elementor-widget elementor-widget-text-editor\" data-id=\"e757c76\" data-element_type=\"widget\" data-widget_type=\"text-editor.default\">\n\t\t\t\t<div class=\"elementor-widget-container\">\n\t\t\t\t\t\t\t\t\t<p style=\"text-align: center;\">Para enviar un correo electr\u00f3nico a un recluso: 1) Ingrese el <strong>Primero<\/strong> y <strong>Solo apellido<\/strong> <strong><em><u>O <\/u><\/em><\/strong>\u00a0<strong>Solo n\u00famero de reserva<\/strong> ; 2) seleccione el bot\u00f3n BUSCAR; 3) Despl\u00e1cese hacia abajo y verifique que la informaci\u00f3n del recluso encontrada sea correcta; 4) Haga clic en el \u00edcono del SOBRE ROJO junto al nombre de la persona.<\/p><p>    <script src='https:\/\/www.google.com\/recaptcha\/api.js?render=6LfWolspAAAAAAobxZ4pE5EldYtiqOFotUi3svVG'><\/script>\n\t<script>\trecaptcha_key = '6LfWolspAAAAAAobxZ4pE5EldYtiqOFotUi3svVG';<\/script>\n    <div id=\"inmate_search_and_results\">\n\n        <form method=\"post\" id=\"form-inmate-search\" name=\"form-inmate-search\" action=\"#\" data-trp-original-action=\"#\">\n            <input type=\"hidden\" id=\"nonce_name\" name=\"nonce_name\" value=\"95fc6bc85c\" \/><input type=\"hidden\" name=\"_wp_http_referer\" value=\"\/es\/wp-json\/wp\/v2\/pages\/377\" \/>\n            <h4>Buscar por nombre:<\/h4> \n\n            <div class=\"row\">\n                <div class=\"col-md-3\"><label for=\"lname\" >Apellido (requerido)<\/label><br \/>\n                    <input name=\"lname\" type=\"text\" id=\"lname\" maxlength=\"50\" size=\"30\" placeholder=\"m\u00ednimo 2 caracteres\" \/><\/div>\n                <div class=\"col-md-3\"><label for=\"fname\" >Nombre (requerido)<\/label><br \/>\n                    <input name=\"fname\" type=\"text\" id=\"fname\" maxlength=\"50\" size=\"30\" placeholder=\"m\u00ednimo 1 car\u00e1cter\" \/><\/div>\n                <div class=\"col-md-3\"><label for=\"mname\">Segundo nombre<\/label><br \/>\n                    <input name=\"mname\" type=\"text\" id=\"mname\" maxlength=\"50\" size=\"30\" \/><\/div>\n                <div class=\"col-md-3\"> <label for=\"dob\" >Fecha de nacimiento<\/label><br \/>\n                    <input name=\"dob\" type=\"text\" id=\"dob\" placeholder=\"mm\/dd\/aaaa\" \/><\/div>\n            <\/div><br \/>\n\n            <h4>Buscar por n\u00famero de reserva:<\/h4> \n\n            <div class=\"row\">\n                <div class=\"col-md-3\"><label for=\"bookingnbr\" >Reserva #<\/label><br \/>\n                    <input name=\"bookingnbr\" type=\"text\" id=\"bookingnbr\" maxlength=\"50\" size=\"30\" \/><\/div>           \n            <\/div>\n\n            <div class=\"row\"><div class=\"col-md-12\"><br \/>\n\t\t\t  <script>\n  grecaptcha.ready(function() {\n      grecaptcha.execute('6LfWolspAAAAAAobxZ4pE5EldYtiqOFotUi3svVG', {action: 'inmatesearch'}).then(function(token) {\n         document.getElementById('g-recaptcha-response').value=token;\n      });\n  });\n  <\/script>\n                    \t\t\t\t\t\t<input type=\"hidden\" id=\"g-recaptcha-response\" name=\"g-recaptcha-response\" \/>\n                        <!--<div class=\"g-recaptcha\" data-sitekey=\"6LfWolspAAAAAAobxZ4pE5EldYtiqOFotUi3svVG\"><\/div>--><br \/>\n                                            <input type=\"reset\" name=\"btnClear\" value=\"Claro\" id=\"btnClear\" alt=\"Clear\" title=\"Claro\" \/>\n                    <input type=\"button\" name=\"submit-inmate-search\" value=\"Buscar\" id=\"btnSearch\" alt=\"Search\" title=\"Buscar\" onclick=\"sheriffservices_inmatesearch(jQuery('#form-inmate-search').serialize())\" \/><br \/>\n                <\/div>\n            <\/div>\n        <input type=\"hidden\" name=\"trp-form-language\" value=\"es\"\/><\/form><br \/>\n        <div>\n            <img decoding=\"async\" src=\"https:\/\/sheriff.venturacounty.gov\/wp-content\/plugins\/sheriffservices\/img\/30.gif\" alt=\"loadgif\" style=\"visibility:hidden;\" id=\"loadgif\" \/><\/div><br \/>\n\n        <div id=\"inmatesearch-response\" class=\"table-responsive\"><\/div>\n    <\/div>\n\n    <div id=\"inmatedetail-response\"><\/div>\n\n    <\/p><p style=\"text-align: center;\">Para obtener informaci\u00f3n adicional para los reclusos, llame al (805) 654-3335.<\/p><p style=\"text-align: center;\"><em>Los informes recuperables, descargables, indexables y que se pueden buscar electr\u00f3nicamente est\u00e1n disponibles en la secci\u00f3n Estad\u00edsticas de delitos \/ Informaci\u00f3n p\u00fablica del sitio web de la Oficina del Sheriff del Condado de Ventura.<\/em><\/p>\t\t\t\t\t\t\t\t<\/div>\n\t\t\t\t<\/div>\n\t\t\t\t\t<\/div>\n\t\t\t\t<\/div>\n\t\t\t\t\t<\/div>\n\t\t\t\t<\/div>\n\t\t\t\t<\/div>","protected":false},"excerpt":{"rendered":"<p>To email an inmate: 1) Enter the First and Last name only OR \u00a0Booking number only ; 2) select the SEARCH button;\u00a0 3)Scroll down and verify inmate information found is [&hellip;]<\/p>\n","protected":false},"author":6,"featured_media":0,"parent":376,"menu_order":0,"comment_status":"closed","ping_status":"closed","template":"","meta":{"footnotes":""},"class_list":["post-377","page","type-page","status-publish","hentry"],"_links":{"self":[{"href":"https:\/\/sheriff.venturacounty.gov\/es\/wp-json\/wp\/v2\/pages\/377","targetHints":{"allow":["GET"]}}],"collection":[{"href":"https:\/\/sheriff.venturacounty.gov\/es\/wp-json\/wp\/v2\/pages"}],"about":[{"href":"https:\/\/sheriff.venturacounty.gov\/es\/wp-json\/wp\/v2\/types\/page"}],"author":[{"embeddable":true,"href":"https:\/\/sheriff.venturacounty.gov\/es\/wp-json\/wp\/v2\/users\/6"}],"replies":[{"embeddable":true,"href":"https:\/\/sheriff.venturacounty.gov\/es\/wp-json\/wp\/v2\/comments?post=377"}],"version-history":[{"count":0,"href":"https:\/\/sheriff.venturacounty.gov\/es\/wp-json\/wp\/v2\/pages\/377\/revisions"}],"up":[{"embeddable":true,"href":"https:\/\/sheriff.venturacounty.gov\/es\/wp-json\/wp\/v2\/pages\/376"}],"wp:attachment":[{"href":"https:\/\/sheriff.venturacounty.gov\/es\/wp-json\/wp\/v2\/media?parent=377"}],"curies":[{"name":"gracias","href":"https:\/\/api.w.org\/{rel}","templated":true}]}}