{"id":385,"date":"2023-07-31T21:07:06","date_gmt":"2023-08-01T04:07:06","guid":{"rendered":"https:\/\/sheriff.venturacounty.gov\/?page_id=385"},"modified":"2026-01-29T14:57:58","modified_gmt":"2026-01-29T22:57:58","slug":"inmate-mail","status":"publish","type":"page","link":"https:\/\/sheriff.venturacounty.gov\/es\/inmate-information\/inmate-mail\/","title":{"rendered":"Correo para reclusos"},"content":{"rendered":"<div data-elementor-type=\"wp-page\" data-elementor-id=\"385\" class=\"elementor elementor-385\" data-elementor-post-type=\"page\">\n\t\t\t\t<div class=\"elementor-element elementor-element-b8a496c e-flex e-con-boxed e-con e-parent\" data-id=\"b8a496c\" data-element_type=\"container\">\n\t\t\t\t\t<div class=\"e-con-inner\">\n\t\t\t\t<div class=\"elementor-element elementor-element-a7db847 elementor-widget elementor-widget-heading\" data-id=\"a7db847\" data-element_type=\"widget\" data-widget_type=\"heading.default\">\n\t\t\t\t<div class=\"elementor-widget-container\">\n\t\t\t\t\t<h1 class=\"elementor-heading-title elementor-size-default\">Correo para reclusos<\/h1>\t\t\t\t<\/div>\n\t\t\t\t<\/div>\n\t\t\t\t\t<\/div>\n\t\t\t\t<\/div>\n\t\t<div class=\"elementor-element elementor-element-d9f46dd e-flex e-con-boxed e-con e-parent\" data-id=\"d9f46dd\" data-element_type=\"container\">\n\t\t\t\t\t<div class=\"e-con-inner\">\n\t\t<div class=\"elementor-element elementor-element-485cdd4 e-con-full e-flex e-con e-child\" data-id=\"485cdd4\" data-element_type=\"container\">\n\t\t\t\t<div class=\"elementor-element elementor-element-94fe792 elementor-nav-menu--dropdown-tablet elementor-nav-menu__text-align-aside elementor-nav-menu--toggle elementor-nav-menu--burger elementor-widget elementor-widget-nav-menu\" data-id=\"94fe792\" data-element_type=\"widget\" data-settings=\"{&quot;layout&quot;:&quot;vertical&quot;,&quot;submenu_icon&quot;:{&quot;value&quot;:&quot;&lt;i class=\\&quot;fas fa-caret-down\\&quot; aria-hidden=\\&quot;true\\&quot;&gt;&lt;\\\/i&gt;&quot;,&quot;library&quot;:&quot;fa-solid&quot;},&quot;toggle&quot;:&quot;burger&quot;}\" data-widget_type=\"nav-menu.default\">\n\t\t\t\t<div class=\"elementor-widget-container\">\n\t\t\t\t\t\t\t\t<nav aria-label=\"Men\u00fa\" class=\"elementor-nav-menu--main elementor-nav-menu__container elementor-nav-menu--layout-vertical e--pointer-background e--animation-fade\">\n\t\t\t\t<ul id=\"menu-1-94fe792\" class=\"elementor-nav-menu sm-vertical\"><li class=\"vMenu menu-item menu-item-type-post_type menu-item-object-page menu-item-406\"><a href=\"https:\/\/sheriff.venturacounty.gov\/es\/inmate-information\/inmate-email\/\" class=\"elementor-item\">Correo electr\u00f3nico para personas encarceladas<\/a><\/li>\n<li class=\"vMenu menu-item menu-item-type-post_type menu-item-object-page menu-item-405\"><a href=\"https:\/\/sheriff.venturacounty.gov\/es\/inmate-information\/inmate-mail\/\" class=\"elementor-item\">Correo para personas encarceladas<\/a><\/li>\n<li class=\"vMenu menu-item menu-item-type-post_type menu-item-object-page menu-item-404\"><a href=\"https:\/\/sheriff.venturacounty.gov\/es\/inmate-information\/inmate-phone-calls\/\" class=\"elementor-item\">Llamadas telef\u00f3nicas de personas encarceladas<\/a><\/li>\n<\/ul>\t\t\t<\/nav>\n\t\t\t\t\t<div class=\"elementor-menu-toggle\" role=\"button\" tabindex=\"0\" aria-label=\"Alternar men\u00fa\" aria-expanded=\"false\">\n\t\t\t<i aria-hidden=\"true\" role=\"presentation\" class=\"elementor-menu-toggle__icon--open eicon-menu-bar\"><\/i><i aria-hidden=\"true\" role=\"presentation\" class=\"elementor-menu-toggle__icon--close eicon-close\"><\/i>\t\t<\/div>\n\t\t\t\t\t<nav class=\"elementor-nav-menu--dropdown elementor-nav-menu__container\" aria-hidden=\"true\">\n\t\t\t\t<ul id=\"menu-2-94fe792\" class=\"elementor-nav-menu sm-vertical\"><li class=\"vMenu menu-item menu-item-type-post_type menu-item-object-page menu-item-406\"><a href=\"https:\/\/sheriff.venturacounty.gov\/es\/inmate-information\/inmate-email\/\" class=\"elementor-item\" tabindex=\"-1\">Correo electr\u00f3nico para personas encarceladas<\/a><\/li>\n<li class=\"vMenu menu-item menu-item-type-post_type menu-item-object-page menu-item-405\"><a href=\"https:\/\/sheriff.venturacounty.gov\/es\/inmate-information\/inmate-mail\/\" class=\"elementor-item\" tabindex=\"-1\">Correo para personas encarceladas<\/a><\/li>\n<li class=\"vMenu menu-item menu-item-type-post_type menu-item-object-page menu-item-404\"><a href=\"https:\/\/sheriff.venturacounty.gov\/es\/inmate-information\/inmate-phone-calls\/\" class=\"elementor-item\" tabindex=\"-1\">Llamadas telef\u00f3nicas de personas encarceladas<\/a><\/li>\n<\/ul>\t\t\t<\/nav>\n\t\t\t\t\t\t<\/div>\n\t\t\t\t<\/div>\n\t\t\t\t<\/div>\n\t\t<div class=\"elementor-element elementor-element-9a80528 e-flex e-con-boxed e-con e-child\" data-id=\"9a80528\" data-element_type=\"container\">\n\t\t\t\t\t<div class=\"e-con-inner\">\n\t\t\t\t<div class=\"elementor-element elementor-element-e757c76 elementor-widget elementor-widget-text-editor\" data-id=\"e757c76\" data-element_type=\"widget\" data-widget_type=\"text-editor.default\">\n\t\t\t\t<div class=\"elementor-widget-container\">\n\t\t\t\t\t\t\t\t\t<p><strong>Pol\u00edtica<\/strong><\/p><p>Las personas encarceladas pueden enviar y recibir correspondencia ilimitada, que no amenace la seguridad de la c\u00e1rcel, con el fin de mantener la comunicaci\u00f3n con sus representantes legales, un funcionario p\u00fablico, los tribunales y otras personas fuera de la prisi\u00f3n. Los reclusos tambi\u00e9n pueden recibir libros de tapa blanda, peri\u00f3dicos y publicaciones peri\u00f3dicas aceptadas para su distribuci\u00f3n por el Servicio Postal de los Estados Unidos. La aceptaci\u00f3n de estos art\u00edculos est\u00e1 sujeta a los procedimientos de seguridad descritos en esta pol\u00edtica.<\/p><p><strong>Definiciones<\/strong><\/p><ul><li><span style=\"text-decoration: underline;\"><strong>Correo para personas encarceladas<\/strong>:<\/span>\u00a0 Los reclusos pueden recibir correo en sobres y postales. Tambi\u00e9n pueden recibir libros de tapa blanda, peri\u00f3dicos y revistas que les hayan sido entregados por una editorial o una librer\u00eda de Internet. Estos art\u00edculos deben estar dirigidos correctamente al recluso.<\/li><li><strong><span style=\"text-decoration: underline;\">Correo confidencial (legal)<\/span>:<\/strong>\u00a0 El correo confidencial es material escrito legal de cualquier tribunal del condado, estatal o federal, o de cualquier miembro del Colegio de Abogados del Estado (o asistentes legales verificados), titular de un cargo p\u00fablico y de la Junta de Correcciones Estatales y Comunitarias. Los reclusos tambi\u00e9n pueden comunicarse de manera confidencial con el director o administrador de la instalaci\u00f3n penitenciaria. El correo de abogados privados debe estar en papel membretado oficial y en un sobre exterior debidamente identificado para que se considere confidencial.<\/li><li><strong><span style=\"text-decoration: underline;\">Correo del gobierno:\u00a0<\/span><\/strong> Correo oficial de entidades gubernamentales locales, estatales o federales.<\/li><li><span style=\"text-decoration: underline;\"><strong>Programa de correo electr\u00f3nico para personas encarceladas<\/strong>:<\/span>\u00a0 S\u00f3lo se recibir\u00e1n correos electr\u00f3nicos.<\/li><li><strong><span style=\"text-decoration: underline;\">Correspondencia saliente:<\/span><\/strong> A los reclusos se les permite enviar cartas utilizando sobres, postales y tarjetas de felicitaci\u00f3n compradas en el economato.<\/li><\/ul><p><strong>Disposiciones generales<\/strong><\/p><p>A las personas encarceladas se les otorgar\u00e1 el derecho de enviar y recibir correo a trav\u00e9s del Servicio Postal de los Estados Unidos, a menos que la correspondencia ponga en peligro la seguridad, el orden, la disciplina o el control de la instalaci\u00f3n.<\/p><h5><strong><u>Procedimiento<\/u><\/strong><\/h5><p><span style=\"text-decoration: underline;\"><strong>\u00a0CORREO ELECTR\u00d3NICO DE EE. UU.<\/strong><\/span><\/p><ul><li>Todo el correo entrante en sobres, postales, libros, peri\u00f3dicos y publicaciones peri\u00f3dicas deben entregarse a trav\u00e9s del Servicio Postal de EE. UU., FedEx, DHL o UPS.<\/li><li>Todo el correo entrante debe estar correctamente dirigido con el nombre del recluso y el n\u00famero de reserva y enviarse a: PO Box 6929, Ventura, CA 93006. El correo entrante dirigido incorrectamente, sin n\u00famero de reserva o que no haya sido enviado directamente por el editor (es decir, libros, peri\u00f3dicos y revistas) ser\u00e1 devuelto al remitente.<\/li><li>Se permitir\u00e1 el env\u00edo de certificados de matrimonio y nacimiento por correo.<\/li><li>No existe l\u00edmite para la cantidad de correo que un recluso puede recibir. Si la cantidad de correo en la celda de un recluso es excesiva y representa un peligro de incendio, se puede colocar en la propiedad del recluso o enviarlo por correo a cargo del recluso.<\/li><li>Todo el correo entrante se abre y se examina para detectar contrabando y dinero, as\u00ed como para cuestiones relacionadas con la administraci\u00f3n de la c\u00e1rcel y la aplicaci\u00f3n de la ley. El correo entrante generalmente demora varios d\u00edas en procesarse y entregarse a los reclusos. El correo entrante se entregar\u00e1 al recluso siempre que no ponga en peligro el inter\u00e9s penol\u00f3gico leg\u00edtimo de las instalaciones penitenciarias de proporcionar un entorno seguro para todos los reclusos y el personal.<\/li><li>Cada recluso puede pedir semanalmente un kit de asistencia social, que incluye una postal con franqueo pagado, un sobre con franqueo pagado, dos hojas de papel, un l\u00e1piz y una goma de borrar. Si un recluso tiene dinero en su cuenta, se cargar\u00e1 el importe correspondiente. Si el recluso no tiene fondos en su cuenta o estos son insuficientes, recibir\u00e1 igualmente un kit de asistencia social, que incluye los art\u00edculos de correspondencia descritos anteriormente. No habr\u00e1 l\u00edmite en el n\u00famero de cartas con franqueo pagado dirigidas a su abogado y a los tribunales.<\/li><li>El correo de personas encarceladas se puede leer cuando exista un motivo de seguridad y con la aprobaci\u00f3n del Administrador de la Instalaci\u00f3n Carcelaria.<\/li><\/ul><p><span style=\"text-decoration: underline;\"><strong>\u00a0CORREO LEGAL\/CORREO GUBERNAMENTAL<\/strong><\/span><\/p><ul><li>El correo legal se abrir\u00e1 y se examinar\u00e1 en presencia del recluso para detectar contrabando u otros art\u00edculos prohibidos. Luego, se le entregar\u00e1 al recluso sin demora.<\/li><li>El correo del gobierno se abrir\u00e1 y se examinar\u00e1 para detectar contrabando o art\u00edculos prohibidos y se enviar\u00e1 al recluso a trav\u00e9s de los canales regulares.<\/li><\/ul><p><span style=\"text-decoration: underline;\"><strong>\u00a0CORRESPONDENCIA SALIENTE<\/strong><\/span><\/p><ul><li>Todo el correo saliente deber\u00e1 tener la direcci\u00f3n de devoluci\u00f3n de custodia del recluso (nombre del recluso, n\u00famero de reserva, c\u00e1rcel del condado de Ventura, PO Box 6929, Ventura, CA, 93006)<\/li><li>\u00a0Cualquier correo que no contenga esta informaci\u00f3n ser\u00e1 devuelto a la unidad de vivienda para intentar localizar al remitente.<\/li><li>No hay l\u00edmite en el volumen de correo que un recluso puede enviar.<\/li><li>Los art\u00edculos que el recluso no puede enviar por correo incluyen, entre otros: 1) Propiedad del condado, incluidos libros de leyes, religiosos o de la biblioteca; 2) Art\u00edculos comprados por el Fondo de Bienestar de los Reclusos; 3) Art\u00edculos comestibles comprados a trav\u00e9s del Economato; y 4) Art\u00edculos de artesan\u00eda.<\/li><li>Los sobres que se sospeche que contienen contrabando se enviar\u00e1n al oficial superior de vivienda, quien se pondr\u00e1 en contacto con el recluso para averiguar qu\u00e9 hay dentro del sobre. El oficial de clasificaci\u00f3n abrir\u00e1 la carta en presencia del recluso para descubrir su contenido.<\/li><li>El Delegado Superior de Vivienda redactar\u00e1 un JIR documentando las circunstancias del incidente junto con un informe disciplinario, si corresponde.<\/li><\/ul><p><span style=\"text-decoration: underline;\"><strong>\u00a0PROGRAMA DE CORREO ELECTR\u00d3NICO PARA PERSONAS ENCARCELADAS<\/strong><\/span><\/p><ul><li>El programa de correo electr\u00f3nico est\u00e1 dise\u00f1ado para proporcionar un medio moderno y eficiente para compartir informaci\u00f3n con los reclusos. Los miembros de la comunidad pueden enviar un correo electr\u00f3nico a un recluso accediendo al sitio web del Sheriff: https:\/\/sheriff.venturacounty.gov\/inmate-information. Para enviar el correo electr\u00f3nico, haga clic en el men\u00fa &quot;Informaci\u00f3n del Recluso&quot; y localice al recluso.<\/li><li>En el correo electr\u00f3nico solo se permitir\u00e1 texto. Cada correo electr\u00f3nico tiene un m\u00e1ximo de 4500 caracteres (equivalente a una p\u00e1gina).<\/li><li>El correo electr\u00f3nico solo se imprimir\u00e1 en papel gris claro y se entregar\u00e1 al recluso junto con el correo para reclusos.<\/li><\/ul><p><span style=\"text-decoration: underline;\"><strong>\u00a0CONTROL DE SEGURIDAD<\/strong><\/span><\/p><ul><li>Todo el material entrante, excepto el correo confidencial (legal), se procesar\u00e1 a trav\u00e9s del sistema de correo de los Servicios de Detenci\u00f3n y ser\u00e1 examinado por el personal de seguridad de los Servicios de Detenci\u00f3n para garantizar que se cumplan las medidas de seguridad adecuadas. El control de seguridad se realiza para todo el correo entrante como una inspecci\u00f3n inicial para buscar dinero en efectivo, cheques, giros postales y para evitar que se introduzca contrabando o material confidencial en el sistema penitenciario.<\/li><li>No se entregar\u00e1 al recluso ninguna publicaci\u00f3n con textos o ilustraciones que contengan obscenidad, violencia, odio y atenten contra la seguridad del establecimiento carcelario.<\/li><li>Durante este proceso se eliminar\u00e1n los siguientes elementos de todo el correo: grapas industriales (si la eliminaci\u00f3n de grapas industriales da\u00f1a el art\u00edculo, se devolver\u00e1), grapas est\u00e1ndar (a menos que se utilicen para encuadernar publicaciones), clips, abrazaderas met\u00e1licas, broches, alambre, dinero y medicamentos.<\/li><\/ul><p><span style=\"text-decoration: underline;\"><strong>\u00a0CHEQUES<\/strong><\/span><\/p><ul><li>S\u00f3lo se aceptan cheques gubernamentales de entidades gubernamentales locales, estatales o federales, y \u00fanicamente si est\u00e1n en un sobre oficial de la agencia emisora.<\/li><\/ul><p><span style=\"text-decoration: underline;\"><strong>\u00a0RECHAZO DE CORREO ENTRANTE<\/strong><\/span><\/p><ul><li>Todos los art\u00edculos que se consideren que contienen contrabando o que se determine que son inaceptables no se entregar\u00e1n al recluso, sino que se conservar\u00e1n hasta que concluya el proceso de apelaci\u00f3n interna. Se destruir\u00e1n determinados art\u00edculos si no se pueden colocar en la propiedad del recluso (por ejemplo, l\u00edquidos, contrabando ilegal, etc.). En todos los casos en los que se retenga el correo entrante, el recluso y el remitente recibir\u00e1n una copia de un formulario de &quot;Contenido inaceptable&quot;, generado por el personal de correo de detenci\u00f3n que identifica el art\u00edculo, el remitente y la disposici\u00f3n. El remitente recibir\u00e1 un &quot;Aviso de apelaci\u00f3n&quot; que le explicar\u00e1 el proceso de apelaci\u00f3n. En los casos en que el correo del recluso no se pueda entregar y se coloque en la propiedad del recluso, el recluso recibir\u00e1 una copia de un formulario de &quot;Contenido inaceptable&quot;. El aviso de los derechos de apelaci\u00f3n incluir\u00e1 informaci\u00f3n suficiente que identifique el\/los art\u00edculo(s) no entregado(s) y la(s) raz\u00f3n(es) por la(s) cual(es) el\/los art\u00edculo(s) representan una amenaza para la seguridad y protecci\u00f3n de la c\u00e1rcel.\u00a0<\/li><\/ul><p><strong style=\"background-color: transparent; text-align: var(--text-align);\">\u00a0Las siguientes reglas regir\u00e1n los privilegios de correo de los reclusos:<\/strong><\/p><ol><li>Toda correspondencia debe estar claramente dirigida. No se acepta correo de terceros.<\/li><li>Las tarjetas\/postales no pueden alterarse de su forma original, lo que incluye agregar capas, soporte, envoltorios, laminado, botones, mo\u00f1os, pegamento o cintas.<\/li><li>No se aceptar\u00e1n c\u00f3digos de pandillas, marcas ni fotograf\u00edas de pandillas. La correspondencia saliente de esa naturaleza se entregar\u00e1 a Clasificaci\u00f3n para su revisi\u00f3n.<\/li><li>No se podr\u00e1n incluir en el correo drogas ni ning\u00fan otro contrabando.<\/li><li>El correo en sobres o las postales no pueden marcarse con pintura, corrector l\u00edquido\/cinta, crayones gruesos, papel de aluminio, tinta gruesa, brillantina, tela, hilo, marcas de agua, tintes o calcoman\u00edas (excepto sellos postales de EE. UU.).<\/li><li>El correo en sobres o tarjetas postales no pueden contener ning\u00fan material que pueda considerarse un riesgo biol\u00f3gico, es decir, l\u00e1piz labial, brillo, perfumes, etc.<\/li><li>Las publicaciones, fotograf\u00edas, postales y cartas no pueden mostrar im\u00e1genes, dibujos, obras de arte o fotograf\u00edas de genitales, nalgas o pechos femeninos totalmente expuestos y\/o representaciones gr\u00e1ficas de actos sexuales. No se proh\u00edben las revistas y publicaciones m\u00e9dicas, antropol\u00f3gicas, literarias, art\u00edsticas y cient\u00edficas.<\/li><li>Se proh\u00edbe la correspondencia o im\u00e1genes que inciten a la violencia, disturbios, racismo o amenacen la seguridad de las instalaciones.<\/li><li>No se aceptar\u00e1n postales en blanco, sobres, papel de escribir, tarjetas de felicitaci\u00f3n ni sellos postales.<\/li><li>No se aceptar\u00e1n revistas\/peri\u00f3dicos\/libros\/folletos a menos que sean enviados por el editor o directamente por un distribuidor minorista autorizado.<\/li><li>La c\u00e1rcel NO acepta publicaciones solicitadas a trav\u00e9s de vendedores externos como \u201cAmazon Marketplace\u201d<\/li><li>Las publicaciones y el correo en sobres no pueden contener alambres, encuadernaciones en espiral, bol\u00edgrafos, l\u00e1pices ni ning\u00fan otro elemento que se considere inapropiado o inaceptable por razones de seguridad.<\/li><li>No se aceptar\u00e1n sobres de cart\u00f3n, pl\u00e1stico con burbujas ni Tyvek. No se aceptar\u00e1 correo certificado para personas encarceladas.<\/li><li>S\u00f3lo se aceptan cheques gubernamentales de agencias locales, estatales y federales, y \u00fanicamente si est\u00e1n en el sobre original de la agencia emisora.<\/li><li>No se entregar\u00e1 a la persona encarcelada ninguna publicaci\u00f3n que presente apariencia de escritos o ilustraciones que se considere que contienen obscenidad, violencia, odio u otros elementos que comprometan la seguridad de la c\u00e1rcel.<\/li><li>Durante el proceso de selecci\u00f3n, se eliminar\u00e1n los siguientes elementos de todo el correo: grapas industriales (si la eliminaci\u00f3n da\u00f1a el art\u00edculo, se devolver\u00e1 al remitente), grapas est\u00e1ndar, sujetapapeles, abrazaderas met\u00e1licas, billetes de alambre y medicamentos.<\/li><li>No se aceptar\u00e1n fotograf\u00edas de ninguna persona encarcelada durante la visita o la visita por video.<\/li><li>No se aceptar\u00e1n m\u00e1s de cinco (5) fotograf\u00edas tama\u00f1o 4x6 por sobre. Las personas encarceladas no podr\u00e1n tener m\u00e1s de 20 fotograf\u00edas en su celda al mismo tiempo.<\/li><\/ol><p><strong><span style=\"text-decoration: underline;\">\u00a0<\/span><\/strong><\/p><p><strong><span style=\"text-decoration: underline;\">NOTA:<\/span><\/strong>\u00a0 Los reclusos no deben poseer cantidades excesivas de productos de papel. Los libros, revistas, peri\u00f3dicos y correspondencia personales de los reclusos deben caber en su buz\u00f3n de economato. Los peri\u00f3dicos deben tener el nombre del recluso en la etiqueta de direcci\u00f3n. Esta limitaci\u00f3n no se aplica al correo legal de los reclusos. Los art\u00edculos adicionales se enviar\u00e1n a la propiedad del recluso o estar\u00e1n sujetos a la destrucci\u00f3n voluntaria acordada por el recluso.<\/p><p><span style=\"text-decoration: underline;\"><strong>PROCESO DE APELACI\u00d3N INTERNA PARA CORREO DEVUELTO<\/strong><\/span><\/p><ul><li>Si se retiene el correo entrante por una de las razones enumeradas anteriormente en \u201cControl de seguridad\u201d o \u201cRechazo del correo entrante de un recluso\u201d, tanto el remitente como el recluso recibir\u00e1n una notificaci\u00f3n sobre la oportunidad de apelar. La notificaci\u00f3n se entregar\u00e1 en forma de \u201cAviso\u201d escrito al remitente o al recluso, dentro de los cinco (5) d\u00edas h\u00e1biles.<\/li><li>El aviso al recluso incluir\u00e1 el nombre de la publicaci\u00f3n o art\u00edculo, el nombre del recluso, la fecha en que se consider\u00f3 que la publicaci\u00f3n era inaceptable, el motivo de la devoluci\u00f3n y el nombre de la persona que autoriz\u00f3 la retenci\u00f3n. Tambi\u00e9n incluir\u00e1 instrucciones sobre c\u00f3mo el recluso puede apelar la devoluci\u00f3n siguiendo los procedimientos de quejas del centro.<\/li><li>El recluso puede apelar la decisi\u00f3n de regresar dentro de los diez (10) d\u00edas h\u00e1biles siguientes a la recepci\u00f3n de la notificaci\u00f3n mediante un formulario de quejas. La apelaci\u00f3n debe incluir el nombre del recluso, la fecha, el nombre de la publicaci\u00f3n o art\u00edculo en cuesti\u00f3n y todas las razones por las que el recluso no est\u00e1 de acuerdo con la decisi\u00f3n. No se considerar\u00e1 ning\u00fan motivo que no est\u00e9 incluido en la apelaci\u00f3n escrita. Las apelaciones posteriores se realizar\u00e1n de conformidad con los procedimientos de quejas de la instituci\u00f3n.<\/li><li>La notificaci\u00f3n al \u201cremitente\u201d contendr\u00e1 el nombre de la publicaci\u00f3n o art\u00edculo, el nombre del recluso, la fecha en que la publicaci\u00f3n o art\u00edculo fue considerado inaceptable, el motivo de la retenci\u00f3n y el nombre de la persona que autoriz\u00f3 la retenci\u00f3n. La notificaci\u00f3n tambi\u00e9n proporcionar\u00e1 al remitente la informaci\u00f3n e instrucciones sobre c\u00f3mo apelar la decisi\u00f3n de devoluci\u00f3n. La publicaci\u00f3n o art\u00edculo retenido se conservar\u00e1 a la espera de la resoluci\u00f3n final de dicha apelaci\u00f3n.<\/li><li>El remitente puede apelar dentro de los diez (10) d\u00edas h\u00e1biles siguientes a la recepci\u00f3n de la notificaci\u00f3n. El remitente debe enviar la apelaci\u00f3n por correo de los Estados Unidos, dirigida al Capit\u00e1n de la Administraci\u00f3n de Servicios de Detenci\u00f3n, Oficina del Sheriff del Condado de Ventura, 800 S. Victoria Ave. Ventura, CA 93009. Si el remitente elige no utilizar correo certificado, la carga de demostrar el dep\u00f3sito oportuno del correo recae sobre el remitente. Del mismo modo, si la Oficina del Sheriff elige no enviar la notificaci\u00f3n de retenci\u00f3n por correo certificado, la carga de demostrar la recepci\u00f3n oportuna de la notificaci\u00f3n recae sobre la Oficina del Sheriff.<\/li><li>La apelaci\u00f3n debe incluir el nombre del recluso, el nombre y la direcci\u00f3n de una persona de contacto en la empresa o la ubicaci\u00f3n del remitente, la fecha y el nombre de la publicaci\u00f3n o art\u00edculo, y todas las razones por las que el remitente no est\u00e1 de acuerdo con la decisi\u00f3n de devoluci\u00f3n.<\/li><li>La decisi\u00f3n sobre la apelaci\u00f3n se notificar\u00e1 a los remitentes dentro de los diez (10) d\u00edas h\u00e1biles siguientes a la recepci\u00f3n de la apelaci\u00f3n. La decisi\u00f3n escrita sobre la apelaci\u00f3n por parte del Capit\u00e1n Administrativo contendr\u00e1 una explicaci\u00f3n escrita en la que se detallar\u00e1n los motivos del rechazo.<\/li><li>Si el Capit\u00e1n de la Administraci\u00f3n de Servicios de Detenci\u00f3n, a cargo de las apelaciones, necesita m\u00e1s de diez (10) d\u00edas debido a la extensi\u00f3n de la publicaci\u00f3n o la cantidad de apelaciones que se presentan, se notificar\u00e1 al remitente que es necesaria una extensi\u00f3n de tiempo para responder.<\/li><li>Si la apelaci\u00f3n interna presentada por un recluso o remitente revoca la decisi\u00f3n de no entrega, el art\u00edculo o los art\u00edculos se entregar\u00e1n r\u00e1pidamente al recluso y se notificar\u00e1 la decisi\u00f3n al remitente (si se proporciona una direcci\u00f3n de retorno).<\/li><\/ul><p><span style=\"text-decoration: underline;\"><strong>\u00a0INVESTIGACIONES<\/strong><\/span><\/p><ul><li>No se debe leer el correo, excepto cuando exista una raz\u00f3n de seguridad v\u00e1lida para justificar dicha acci\u00f3n y el administrador de las instalaciones lo apruebe.<\/li><li>Los art\u00edculos originales de correo de reclusos que se reciban y las copias de dicho correo podr\u00e1n ser vistos o entregados a funcionarios policiales y a investigadores autorizados de conformidad con una investigaci\u00f3n oficial. Dichas personas autorizadas deber\u00e1n expresar al director de la instituci\u00f3n una necesidad espec\u00edfica sobre el contenido de la informaci\u00f3n solicitada.<\/li><\/ul>\t\t\t\t\t\t\t\t<\/div>\n\t\t\t\t<\/div>\n\t\t\t\t\t<\/div>\n\t\t\t\t<\/div>\n\t\t\t\t\t<\/div>\n\t\t\t\t<\/div>\n\t\t\t\t<\/div>","protected":false},"excerpt":{"rendered":"<p>Policy Incarcerated Persons are permitted to send and receive unlimited mail, which does not threaten the safety and security of the jail, in order to maintain communication with their legal [&hellip;]<\/p>\n","protected":false},"author":6,"featured_media":0,"parent":376,"menu_order":0,"comment_status":"closed","ping_status":"closed","template":"","meta":{"footnotes":""},"class_list":["post-385","page","type-page","status-publish","hentry"],"_links":{"self":[{"href":"https:\/\/sheriff.venturacounty.gov\/es\/wp-json\/wp\/v2\/pages\/385","targetHints":{"allow":["GET"]}}],"collection":[{"href":"https:\/\/sheriff.venturacounty.gov\/es\/wp-json\/wp\/v2\/pages"}],"about":[{"href":"https:\/\/sheriff.venturacounty.gov\/es\/wp-json\/wp\/v2\/types\/page"}],"author":[{"embeddable":true,"href":"https:\/\/sheriff.venturacounty.gov\/es\/wp-json\/wp\/v2\/users\/6"}],"replies":[{"embeddable":true,"href":"https:\/\/sheriff.venturacounty.gov\/es\/wp-json\/wp\/v2\/comments?post=385"}],"version-history":[{"count":0,"href":"https:\/\/sheriff.venturacounty.gov\/es\/wp-json\/wp\/v2\/pages\/385\/revisions"}],"up":[{"embeddable":true,"href":"https:\/\/sheriff.venturacounty.gov\/es\/wp-json\/wp\/v2\/pages\/376"}],"wp:attachment":[{"href":"https:\/\/sheriff.venturacounty.gov\/es\/wp-json\/wp\/v2\/media?parent=385"}],"curies":[{"name":"gracias","href":"https:\/\/api.w.org\/{rel}","templated":true}]}}