{"id":864,"date":"2023-09-17T22:57:06","date_gmt":"2023-09-18T05:57:06","guid":{"rendered":"https:\/\/sheriff.venturacounty.gov\/?page_id=864"},"modified":"2026-02-05T10:59:29","modified_gmt":"2026-02-05T18:59:29","slug":"office-of-emergency-services","status":"publish","type":"page","link":"https:\/\/sheriff.venturacounty.gov\/es\/patrol-services\/office-of-emergency-services\/","title":{"rendered":"Oficina de Servicios de Emergencia"},"content":{"rendered":"<div data-elementor-type=\"wp-page\" data-elementor-id=\"864\" class=\"elementor elementor-864\" data-elementor-post-type=\"page\">\n\t\t\t\t<div class=\"elementor-element elementor-element-b8a496c e-flex e-con-boxed e-con e-parent\" data-id=\"b8a496c\" data-element_type=\"container\">\n\t\t\t\t\t<div class=\"e-con-inner\">\n\t\t\t\t<div class=\"elementor-element elementor-element-a7db847 elementor-widget elementor-widget-heading\" data-id=\"a7db847\" data-element_type=\"widget\" data-widget_type=\"heading.default\">\n\t\t\t\t<div class=\"elementor-widget-container\">\n\t\t\t\t\t<h1 class=\"elementor-heading-title elementor-size-default\">Oficina de Servicios de Emergencia<\/h1>\t\t\t\t<\/div>\n\t\t\t\t<\/div>\n\t\t\t\t\t<\/div>\n\t\t\t\t<\/div>\n\t\t<div class=\"elementor-element elementor-element-d9f46dd e-flex e-con-boxed e-con e-parent\" data-id=\"d9f46dd\" data-element_type=\"container\">\n\t\t\t\t\t<div class=\"e-con-inner\">\n\t\t<div class=\"elementor-element elementor-element-485cdd4 e-con-full e-flex e-con e-child\" data-id=\"485cdd4\" data-element_type=\"container\">\n\t\t\t\t<div class=\"elementor-element elementor-element-70b0417 elementor-nav-menu--dropdown-tablet elementor-nav-menu__text-align-aside elementor-nav-menu--toggle elementor-nav-menu--burger elementor-widget elementor-widget-nav-menu\" data-id=\"70b0417\" data-element_type=\"widget\" data-settings=\"{&quot;layout&quot;:&quot;vertical&quot;,&quot;submenu_icon&quot;:{&quot;value&quot;:&quot;&lt;i class=\\&quot;fas fa-caret-down\\&quot; aria-hidden=\\&quot;true\\&quot;&gt;&lt;\\\/i&gt;&quot;,&quot;library&quot;:&quot;fa-solid&quot;},&quot;toggle&quot;:&quot;burger&quot;}\" data-widget_type=\"nav-menu.default\">\n\t\t\t\t<div class=\"elementor-widget-container\">\n\t\t\t\t\t\t\t\t<nav aria-label=\"Men\u00fa\" class=\"elementor-nav-menu--main elementor-nav-menu__container elementor-nav-menu--layout-vertical e--pointer-background e--animation-fade\">\n\t\t\t\t<ul id=\"menu-1-70b0417\" class=\"elementor-nav-menu sm-vertical\"><li class=\"vMenu menu-item menu-item-type-post_type menu-item-object-page menu-item-853\"><a href=\"https:\/\/sheriff.venturacounty.gov\/es\/patrol-services\/\" class=\"elementor-item\">Servicios de patrulla<\/a><\/li>\n<li class=\"vMenu menu-item menu-item-type-post_type menu-item-object-page menu-item-856\"><a href=\"https:\/\/sheriff.venturacounty.gov\/es\/patrol-services\/canine-unit\/\" class=\"elementor-item\">Unidad Canina<\/a><\/li>\n<li class=\"vMenu menu-item menu-item-type-post_type menu-item-object-page menu-item-859\"><a href=\"https:\/\/sheriff.venturacounty.gov\/es\/patrol-services\/mounted-unit\/\" class=\"elementor-item\">Unidad montada<\/a><\/li>\n<li class=\"vMenu menu-item menu-item-type-post_type menu-item-object-page menu-item-865\"><a href=\"https:\/\/sheriff.venturacounty.gov\/es\/patrol-services\/tactical-response-team-trt\/\" class=\"elementor-item\">Equipo de respuesta t\u00e1ctica (TRT)<\/a><\/li>\n<li class=\"vMenu menu-item menu-item-type-post_type menu-item-object-page menu-item-866\"><a href=\"https:\/\/sheriff.venturacounty.gov\/es\/patrol-services\/sheriffs-communication-center-scc\/\" class=\"elementor-item\">Centro de comunicaciones del sheriff (SCC)<\/a><\/li>\n<li class=\"vMenu menu-item menu-item-type-post_type menu-item-object-page menu-item-868\"><a href=\"https:\/\/sheriff.venturacounty.gov\/es\/patrol-services\/office-of-emergency-services\/\" class=\"elementor-item\">Oficina de Servicios de Emergencia<\/a><\/li>\n<li class=\"vMenu menu-item menu-item-type-post_type menu-item-object-page menu-item-10702\"><a href=\"https:\/\/sheriff.venturacounty.gov\/es\/patrol-services\/citizen-academy\/\" class=\"elementor-item\">Academia ciudadana<\/a><\/li>\n<li class=\"vMenu menu-item menu-item-type-post_type menu-item-object-page menu-item-10705\"><a href=\"https:\/\/sheriff.venturacounty.gov\/es\/patrol-services\/crime-prevention\/\" class=\"elementor-item\">Prevenci\u00f3n del crimen<\/a><\/li>\n<li class=\"vMenu menu-item menu-item-type-post_type menu-item-object-page menu-item-10722\"><a href=\"https:\/\/sheriff.venturacounty.gov\/es\/patrol-services\/ride-along-program\/\" class=\"elementor-item\">Programa Ride Along<\/a><\/li>\n<li class=\"vMenu menu-item menu-item-type-post_type menu-item-object-page menu-item-10725\"><a href=\"https:\/\/sheriff.venturacounty.gov\/es\/patrol-services\/school-resource-officer\/\" class=\"elementor-item\">Oficial de recursos escolares<\/a><\/li>\n<\/ul>\t\t\t<\/nav>\n\t\t\t\t\t<div class=\"elementor-menu-toggle\" role=\"button\" tabindex=\"0\" aria-label=\"Alternar men\u00fa\" aria-expanded=\"false\">\n\t\t\t<i aria-hidden=\"true\" role=\"presentation\" class=\"elementor-menu-toggle__icon--open eicon-menu-bar\"><\/i><i aria-hidden=\"true\" role=\"presentation\" class=\"elementor-menu-toggle__icon--close eicon-close\"><\/i>\t\t<\/div>\n\t\t\t\t\t<nav class=\"elementor-nav-menu--dropdown elementor-nav-menu__container\" aria-hidden=\"true\">\n\t\t\t\t<ul id=\"menu-2-70b0417\" class=\"elementor-nav-menu sm-vertical\"><li class=\"vMenu menu-item menu-item-type-post_type menu-item-object-page menu-item-853\"><a href=\"https:\/\/sheriff.venturacounty.gov\/es\/patrol-services\/\" class=\"elementor-item\" tabindex=\"-1\">Servicios de patrulla<\/a><\/li>\n<li class=\"vMenu menu-item menu-item-type-post_type menu-item-object-page menu-item-856\"><a href=\"https:\/\/sheriff.venturacounty.gov\/es\/patrol-services\/canine-unit\/\" class=\"elementor-item\" tabindex=\"-1\">Unidad Canina<\/a><\/li>\n<li class=\"vMenu menu-item menu-item-type-post_type menu-item-object-page menu-item-859\"><a href=\"https:\/\/sheriff.venturacounty.gov\/es\/patrol-services\/mounted-unit\/\" class=\"elementor-item\" tabindex=\"-1\">Unidad montada<\/a><\/li>\n<li class=\"vMenu menu-item menu-item-type-post_type menu-item-object-page menu-item-865\"><a href=\"https:\/\/sheriff.venturacounty.gov\/es\/patrol-services\/tactical-response-team-trt\/\" class=\"elementor-item\" tabindex=\"-1\">Equipo de respuesta t\u00e1ctica (TRT)<\/a><\/li>\n<li class=\"vMenu menu-item menu-item-type-post_type menu-item-object-page menu-item-866\"><a href=\"https:\/\/sheriff.venturacounty.gov\/es\/patrol-services\/sheriffs-communication-center-scc\/\" class=\"elementor-item\" tabindex=\"-1\">Centro de comunicaciones del sheriff (SCC)<\/a><\/li>\n<li class=\"vMenu menu-item menu-item-type-post_type menu-item-object-page menu-item-868\"><a href=\"https:\/\/sheriff.venturacounty.gov\/es\/patrol-services\/office-of-emergency-services\/\" class=\"elementor-item\" tabindex=\"-1\">Oficina de Servicios de Emergencia<\/a><\/li>\n<li class=\"vMenu menu-item menu-item-type-post_type menu-item-object-page menu-item-10702\"><a href=\"https:\/\/sheriff.venturacounty.gov\/es\/patrol-services\/citizen-academy\/\" class=\"elementor-item\" tabindex=\"-1\">Academia ciudadana<\/a><\/li>\n<li class=\"vMenu menu-item menu-item-type-post_type menu-item-object-page menu-item-10705\"><a href=\"https:\/\/sheriff.venturacounty.gov\/es\/patrol-services\/crime-prevention\/\" class=\"elementor-item\" tabindex=\"-1\">Prevenci\u00f3n del crimen<\/a><\/li>\n<li class=\"vMenu menu-item menu-item-type-post_type menu-item-object-page menu-item-10722\"><a href=\"https:\/\/sheriff.venturacounty.gov\/es\/patrol-services\/ride-along-program\/\" class=\"elementor-item\" tabindex=\"-1\">Programa Ride Along<\/a><\/li>\n<li class=\"vMenu menu-item menu-item-type-post_type menu-item-object-page menu-item-10725\"><a href=\"https:\/\/sheriff.venturacounty.gov\/es\/patrol-services\/school-resource-officer\/\" class=\"elementor-item\" tabindex=\"-1\">Oficial de recursos escolares<\/a><\/li>\n<\/ul>\t\t\t<\/nav>\n\t\t\t\t\t\t<\/div>\n\t\t\t\t<\/div>\n\t\t\t\t<\/div>\n\t\t<div class=\"elementor-element elementor-element-9a80528 e-flex e-con-boxed e-con e-child\" data-id=\"9a80528\" data-element_type=\"container\">\n\t\t\t\t\t<div class=\"e-con-inner\">\n\t\t\t\t<div class=\"elementor-element elementor-element-5dd3a47 elementor-widget elementor-widget-image\" data-id=\"5dd3a47\" data-element_type=\"widget\" data-widget_type=\"image.default\">\n\t\t\t\t<div class=\"elementor-widget-container\">\n\t\t\t\t\t\t\t\t\t\t\t\t\t\t\t<img fetchpriority=\"high\" decoding=\"async\" width=\"800\" height=\"184\" src=\"https:\/\/sheriff.venturacounty.gov\/wp-content\/uploads\/2023\/09\/OES-Logo-New-1024x236.png\" class=\"attachment-large size-large wp-image-867\" alt=\"OES Logo\" srcset=\"https:\/\/sheriff.venturacounty.gov\/wp-content\/uploads\/2023\/09\/OES-Logo-New-1024x236.png 1024w, https:\/\/sheriff.venturacounty.gov\/wp-content\/uploads\/2023\/09\/OES-Logo-New-480x111.png 480w, https:\/\/sheriff.venturacounty.gov\/wp-content\/uploads\/2023\/09\/OES-Logo-New-768x177.png 768w, https:\/\/sheriff.venturacounty.gov\/wp-content\/uploads\/2023\/09\/OES-Logo-New-1536x354.png 1536w, https:\/\/sheriff.venturacounty.gov\/wp-content\/uploads\/2023\/09\/OES-Logo-New.png 1920w\" sizes=\"(max-width: 800px) 100vw, 800px\" \/>\t\t\t\t\t\t\t\t\t\t\t\t\t\t\t<\/div>\n\t\t\t\t<\/div>\n\t\t\t\t<div class=\"elementor-element elementor-element-e757c76 elementor-widget elementor-widget-text-editor\" data-id=\"e757c76\" data-element_type=\"widget\" data-widget_type=\"text-editor.default\">\n\t\t\t\t<div class=\"elementor-widget-container\">\n\t\t\t\t\t\t\t\t\t<p><strong>Quienes somos<\/strong><br role=\"presentation\" data-uw-rm-sr=\"\" \/>La Oficina de Servicios de Emergencia (OES) es una divisi\u00f3n de la Oficina del Sheriff del Condado de Ventura que consta de administradores de emergencias con una variedad de experiencia, incluidos expertos en aplicaci\u00f3n de la ley, bomberos, planificaci\u00f3n, tecnolog\u00eda y finanzas. Juntos, este equipo de primera l\u00ednea administra una operaci\u00f3n de tiempo completo y m\u00e1s de las actividades diarias y de emergencia.<\/p><p><strong>Nuestra misi\u00f3n<\/strong><br role=\"presentation\" data-uw-rm-sr=\"\" \/>Proteger la vida, la propiedad y el medio ambiente liderando el desarrollo y la implementaci\u00f3n de un plan cooperativo a nivel de condado para la preparaci\u00f3n, mitigaci\u00f3n, respuesta y recuperaci\u00f3n ante emergencias aprovechando todos los recursos locales, estatales y federales.<\/p><p><strong>Qu\u00e9 hacemos<\/strong><br role=\"presentation\" data-uw-rm-sr=\"\" \/>Utilizando un enfoque de toda la comunidad, OES coordina con las agencias del condado, las diez ciudades, as\u00ed como con organizaciones p\u00fablicas y privadas y grupos comunitarios para liderar las actividades de planificaci\u00f3n, mitigaci\u00f3n, respuesta y recuperaci\u00f3n ante desastres en todo el condado.<\/p><p><strong>Operaciones diarias<\/strong><br role=\"presentation\" data-uw-rm-sr=\"\" \/>OES actualiza y mantiene los planes locales de respuesta a emergencias, brinda capacitaci\u00f3n y ejercicios en todo el condado al personal de seguridad p\u00fablica, mantiene y ejercita los sistemas de notificaci\u00f3n de emergencias, administra proyectos de preparaci\u00f3n financiados con subvenciones y brinda educaci\u00f3n e informaci\u00f3n p\u00fablica sobre la preparaci\u00f3n para desastres en \u00e1reas no incorporadas y a trav\u00e9s de las diez ciudades.<\/p><p><strong>Cuando ocurre un desastre<\/strong><br role=\"presentation\" data-uw-rm-sr=\"\" \/>En caso de desastre, la OES activa el Centro de Operaciones de Emergencia (EOC) del condado, que es una ubicaci\u00f3n centralizada para coordinar las actividades de respuesta a emergencias en todo el condado, respaldar las operaciones de campo y coordinar las evaluaciones de da\u00f1os y la recuperaci\u00f3n de costos de los gobiernos estatales y federales. El condado de Ventura utiliza el Sistema Nacional de Gesti\u00f3n de Incidentes y el Sistema Est\u00e1ndar de Gesti\u00f3n de Emergencias para establecer procedimientos operativos comunes y garantizar una estructura organizativa eficaz para una respuesta unificada ante desastres. La OES brinda capacitaci\u00f3n peri\u00f3dica sobre estos sistemas de gesti\u00f3n de incidentes al personal de seguridad p\u00fablica local.<\/p><p>La OES, en colaboraci\u00f3n con la Agencia de Servicios Humanos del Condado de Ventura, es responsable de la preparaci\u00f3n, planificaci\u00f3n y despliegue del sistema de atenci\u00f3n y refugio masivos. El plan integral de evacuaci\u00f3n y refugio del condado est\u00e1 respaldado por un suministro a gran escala de inventario y equipo dise\u00f1ado espec\u00edficamente para satisfacer las necesidades de los residentes desplazados del condado de Ventura durante un desastre. Este equipo bien equipado est\u00e1 capacitado, ha realizado ejercicios y est\u00e1 listo para responder.<\/p><p><strong>Informaci\u00f3n de emergencia<\/strong><br role=\"presentation\" data-uw-rm-sr=\"\" \/>VC Alert es el sistema de notificaci\u00f3n de emergencias del condado, que se utiliza para comunicar mensajes de seguridad vital a \u00e1reas espec\u00edficas. Reg\u00edstrese hoy en\u00a0<a href=\"https:\/\/ready.venturacounty.gov\/vc-alert\/\">www.vcalert.org<\/a>.<\/p><p>VC Emergency es el sitio web de emergencia del condado para comunicar informaci\u00f3n de emergencia actualizada sobre incidentes activos. Marcar como favorito\u00a0<a href=\"https:\/\/emergency.venturacounty.gov\/\">www.vcemergency.com<\/a>\u00a0\u00a1como un recurso confiable hoy!<\/p><p><strong>C\u00f3mo prepararse<\/strong><br role=\"presentation\" data-uw-rm-sr=\"\" \/>Si bien la seguridad p\u00fablica se dedica a proteger a los miembros de la comunidad en caso de desastre, la clave para la resiliencia de toda la comunidad se reduce a las actividades individuales. Creemos que la preparaci\u00f3n es responsabilidad de todos y alentamos a todos a seguir los cuatro pasos b\u00e1sicos para la preparaci\u00f3n: mantenerse informado, hacer un plan, armar un kit, involucrarse. Para obtener m\u00e1s informaci\u00f3n y consejos sobre c\u00f3mo comenzar su proceso de preparaci\u00f3n, vis\u00edtenos en\u00a0<a href=\"https:\/\/ready.venturacounty.gov\/\">www.readyventuracounty.org<\/a>.<\/p>\t\t\t\t\t\t\t\t<\/div>\n\t\t\t\t<\/div>\n\t\t\t\t<div class=\"elementor-element elementor-element-62557bd elementor-widget elementor-widget-heading\" data-id=\"62557bd\" data-element_type=\"widget\" data-widget_type=\"heading.default\">\n\t\t\t\t<div class=\"elementor-widget-container\">\n\t\t\t\t\t<h2 class=\"elementor-heading-title elementor-size-default\">Oficinas locales de gesti\u00f3n de emergencias<\/h2>\t\t\t\t<\/div>\n\t\t\t\t<\/div>\n\t\t<div class=\"elementor-element elementor-element-4d5d418 e-flex e-con-boxed e-con e-child\" data-id=\"4d5d418\" data-element_type=\"container\">\n\t\t\t\t\t<div class=\"e-con-inner\">\n\t\t<div class=\"elementor-element elementor-element-347de2b e-con-full e-flex e-con e-child\" data-id=\"347de2b\" data-element_type=\"container\">\n\t\t\t\t<div class=\"elementor-element elementor-element-4b8cc8e elementor-icon-list--layout-traditional elementor-list-item-link-full_width elementor-widget elementor-widget-icon-list\" data-id=\"4b8cc8e\" data-element_type=\"widget\" data-widget_type=\"icon-list.default\">\n\t\t\t\t<div class=\"elementor-widget-container\">\n\t\t\t\t\t\t\t<ul class=\"elementor-icon-list-items\">\n\t\t\t\t\t\t\t<li class=\"elementor-icon-list-item\">\n\t\t\t\t\t\t\t\t\t\t\t<a href=\"https:\/\/cityofcamarillo.org\/departments\/police\/emergencies.php\" target=\"_blank\">\n\n\t\t\t\t\t\t\t\t\t\t\t\t<span class=\"elementor-icon-list-icon\">\n\t\t\t\t\t\t\t<i aria-hidden=\"true\" class=\"fas fa-external-link-alt\"><\/i>\t\t\t\t\t\t<\/span>\n\t\t\t\t\t\t\t\t\t\t<span class=\"elementor-icon-list-text\">Ciudad de Camarillo<\/span>\n\t\t\t\t\t\t\t\t\t\t\t<\/a>\n\t\t\t\t\t\t\t\t\t<\/li>\n\t\t\t\t\t\t\t\t<li class=\"elementor-icon-list-item\">\n\t\t\t\t\t\t\t\t\t\t\t<a href=\"http:\/\/ojaicity.org\/emergency-preparedness\/\" target=\"_blank\">\n\n\t\t\t\t\t\t\t\t\t\t\t\t<span class=\"elementor-icon-list-icon\">\n\t\t\t\t\t\t\t<i aria-hidden=\"true\" class=\"fas fa-external-link-alt\"><\/i>\t\t\t\t\t\t<\/span>\n\t\t\t\t\t\t\t\t\t\t<span class=\"elementor-icon-list-text\">Ciudad de Ojai<\/span>\n\t\t\t\t\t\t\t\t\t\t\t<\/a>\n\t\t\t\t\t\t\t\t\t<\/li>\n\t\t\t\t\t\t\t\t<li class=\"elementor-icon-list-item\">\n\t\t\t\t\t\t\t\t\t\t\t<a href=\"https:\/\/www.cityofventura.ca.gov\/187\/Emergency-Preparedness\" target=\"_blank\">\n\n\t\t\t\t\t\t\t\t\t\t\t\t<span class=\"elementor-icon-list-icon\">\n\t\t\t\t\t\t\t<i aria-hidden=\"true\" class=\"fas fa-external-link-alt\"><\/i>\t\t\t\t\t\t<\/span>\n\t\t\t\t\t\t\t\t\t\t<span class=\"elementor-icon-list-text\">Ciudad de San Buenaventura<\/span>\n\t\t\t\t\t\t\t\t\t\t\t<\/a>\n\t\t\t\t\t\t\t\t\t<\/li>\n\t\t\t\t\t\t\t\t<li class=\"elementor-icon-list-item\">\n\t\t\t\t\t\t\t\t\t\t\t<a href=\"http:\/\/www.toaks.org\/departments\/public-works\/emergency\" target=\"_blank\">\n\n\t\t\t\t\t\t\t\t\t\t\t\t<span class=\"elementor-icon-list-icon\">\n\t\t\t\t\t\t\t<i aria-hidden=\"true\" class=\"fas fa-external-link-alt\"><\/i>\t\t\t\t\t\t<\/span>\n\t\t\t\t\t\t\t\t\t\t<span class=\"elementor-icon-list-text\">Ciudad de San Thousand Oaks<\/span>\n\t\t\t\t\t\t\t\t\t\t\t<\/a>\n\t\t\t\t\t\t\t\t\t<\/li>\n\t\t\t\t\t\t<\/ul>\n\t\t\t\t\t\t<\/div>\n\t\t\t\t<\/div>\n\t\t\t\t<\/div>\n\t\t<div class=\"elementor-element elementor-element-4e39ccf e-con-full e-flex e-con e-child\" data-id=\"4e39ccf\" data-element_type=\"container\">\n\t\t\t\t<div class=\"elementor-element elementor-element-87e8dce elementor-icon-list--layout-traditional elementor-list-item-link-full_width elementor-widget elementor-widget-icon-list\" data-id=\"87e8dce\" data-element_type=\"widget\" data-widget_type=\"icon-list.default\">\n\t\t\t\t<div class=\"elementor-widget-container\">\n\t\t\t\t\t\t\t<ul class=\"elementor-icon-list-items\">\n\t\t\t\t\t\t\t<li class=\"elementor-icon-list-item\">\n\t\t\t\t\t\t\t\t\t\t\t<a href=\"http:\/\/bit.ly\/17z1qTm\" target=\"_blank\">\n\n\t\t\t\t\t\t\t\t\t\t\t\t<span class=\"elementor-icon-list-icon\">\n\t\t\t\t\t\t\t<i aria-hidden=\"true\" class=\"fas fa-external-link-alt\"><\/i>\t\t\t\t\t\t<\/span>\n\t\t\t\t\t\t\t\t\t\t<span class=\"elementor-icon-list-text\">Ciudad de Fillmore<\/span>\n\t\t\t\t\t\t\t\t\t\t\t<\/a>\n\t\t\t\t\t\t\t\t\t<\/li>\n\t\t\t\t\t\t\t\t<li class=\"elementor-icon-list-item\">\n\t\t\t\t\t\t\t\t\t\t\t<a href=\"https:\/\/www.oxnard.org\/fire-department\/\" target=\"_blank\">\n\n\t\t\t\t\t\t\t\t\t\t\t\t<span class=\"elementor-icon-list-icon\">\n\t\t\t\t\t\t\t<i aria-hidden=\"true\" class=\"fas fa-external-link-alt\"><\/i>\t\t\t\t\t\t<\/span>\n\t\t\t\t\t\t\t\t\t\t<span class=\"elementor-icon-list-text\">Ciudad de Oxnard<\/span>\n\t\t\t\t\t\t\t\t\t\t\t<\/a>\n\t\t\t\t\t\t\t\t\t<\/li>\n\t\t\t\t\t\t\t\t<li class=\"elementor-icon-list-item\">\n\t\t\t\t\t\t\t\t\t\t\t<a href=\"http:\/\/www.spcity.org\/\" target=\"_blank\">\n\n\t\t\t\t\t\t\t\t\t\t\t\t<span class=\"elementor-icon-list-icon\">\n\t\t\t\t\t\t\t<i aria-hidden=\"true\" class=\"fas fa-external-link-alt\"><\/i>\t\t\t\t\t\t<\/span>\n\t\t\t\t\t\t\t\t\t\t<span class=\"elementor-icon-list-text\">Ciudad de Santa Paula<\/span>\n\t\t\t\t\t\t\t\t\t\t\t<\/a>\n\t\t\t\t\t\t\t\t\t<\/li>\n\t\t\t\t\t\t<\/ul>\n\t\t\t\t\t\t<\/div>\n\t\t\t\t<\/div>\n\t\t\t\t<\/div>\n\t\t<div class=\"elementor-element elementor-element-e240695 e-con-full e-flex e-con e-child\" data-id=\"e240695\" data-element_type=\"container\">\n\t\t\t\t<div class=\"elementor-element elementor-element-822028a elementor-icon-list--layout-traditional elementor-list-item-link-full_width elementor-widget elementor-widget-icon-list\" data-id=\"822028a\" data-element_type=\"widget\" data-widget_type=\"icon-list.default\">\n\t\t\t\t<div class=\"elementor-widget-container\">\n\t\t\t\t\t\t\t<ul class=\"elementor-icon-list-items\">\n\t\t\t\t\t\t\t<li class=\"elementor-icon-list-item\">\n\t\t\t\t\t\t\t\t\t\t\t<a href=\"https:\/\/moorparkca.gov\/143\/Emergency-Management\" target=\"_blank\">\n\n\t\t\t\t\t\t\t\t\t\t\t\t<span class=\"elementor-icon-list-icon\">\n\t\t\t\t\t\t\t<i aria-hidden=\"true\" class=\"fas fa-external-link-alt\"><\/i>\t\t\t\t\t\t<\/span>\n\t\t\t\t\t\t\t\t\t\t<span class=\"elementor-icon-list-text\">Ciudad de Moorpark<\/span>\n\t\t\t\t\t\t\t\t\t\t\t<\/a>\n\t\t\t\t\t\t\t\t\t<\/li>\n\t\t\t\t\t\t\t\t<li class=\"elementor-icon-list-item\">\n\t\t\t\t\t\t\t\t\t\t\t<a href=\"http:\/\/bit.ly\/16VNZAv\" target=\"_blank\">\n\n\t\t\t\t\t\t\t\t\t\t\t\t<span class=\"elementor-icon-list-icon\">\n\t\t\t\t\t\t\t<i aria-hidden=\"true\" class=\"fas fa-external-link-alt\"><\/i>\t\t\t\t\t\t<\/span>\n\t\t\t\t\t\t\t\t\t\t<span class=\"elementor-icon-list-text\">Ciudad de Port Hueneme<\/span>\n\t\t\t\t\t\t\t\t\t\t\t<\/a>\n\t\t\t\t\t\t\t\t\t<\/li>\n\t\t\t\t\t\t\t\t<li class=\"elementor-icon-list-item\">\n\t\t\t\t\t\t\t\t\t\t\t<a href=\"http:\/\/www.simivalley.org\/departments\/police-department\/emergency-services\" target=\"_blank\">\n\n\t\t\t\t\t\t\t\t\t\t\t\t<span class=\"elementor-icon-list-icon\">\n\t\t\t\t\t\t\t<i aria-hidden=\"true\" class=\"fas fa-external-link-alt\"><\/i>\t\t\t\t\t\t<\/span>\n\t\t\t\t\t\t\t\t\t\t<span class=\"elementor-icon-list-text\">Ciudad de Simi Valley<\/span>\n\t\t\t\t\t\t\t\t\t\t\t<\/a>\n\t\t\t\t\t\t\t\t\t<\/li>\n\t\t\t\t\t\t<\/ul>\n\t\t\t\t\t\t<\/div>\n\t\t\t\t<\/div>\n\t\t\t\t<\/div>\n\t\t\t\t\t<\/div>\n\t\t\t\t<\/div>\n\t\t\t\t\t<\/div>\n\t\t\t\t<\/div>\n\t\t\t\t\t<\/div>\n\t\t\t\t<\/div>\n\t\t\t\t<\/div>","protected":false},"excerpt":{"rendered":"<p>Who we areThe Office of Emergency Services (OES) is a division of the Ventura County Sheriff\u2019s Office consisting of emergency managers from a variety of background experience, including law enforcement, [&hellip;]<\/p>\n","protected":false},"author":2,"featured_media":0,"parent":852,"menu_order":0,"comment_status":"closed","ping_status":"closed","template":"","meta":{"footnotes":""},"class_list":["post-864","page","type-page","status-publish","hentry"],"_links":{"self":[{"href":"https:\/\/sheriff.venturacounty.gov\/es\/wp-json\/wp\/v2\/pages\/864","targetHints":{"allow":["GET"]}}],"collection":[{"href":"https:\/\/sheriff.venturacounty.gov\/es\/wp-json\/wp\/v2\/pages"}],"about":[{"href":"https:\/\/sheriff.venturacounty.gov\/es\/wp-json\/wp\/v2\/types\/page"}],"author":[{"embeddable":true,"href":"https:\/\/sheriff.venturacounty.gov\/es\/wp-json\/wp\/v2\/users\/2"}],"replies":[{"embeddable":true,"href":"https:\/\/sheriff.venturacounty.gov\/es\/wp-json\/wp\/v2\/comments?post=864"}],"version-history":[{"count":0,"href":"https:\/\/sheriff.venturacounty.gov\/es\/wp-json\/wp\/v2\/pages\/864\/revisions"}],"up":[{"embeddable":true,"href":"https:\/\/sheriff.venturacounty.gov\/es\/wp-json\/wp\/v2\/pages\/852"}],"wp:attachment":[{"href":"https:\/\/sheriff.venturacounty.gov\/es\/wp-json\/wp\/v2\/media?parent=864"}],"curies":[{"name":"gracias","href":"https:\/\/api.w.org\/{rel}","templated":true}]}}